{"id":7097,"date":"2018-10-11T17:33:25","date_gmt":"2018-10-11T17:33:25","guid":{"rendered":"https:\/\/infocov.uniri.hr\/ana-mestrovic\/"},"modified":"2020-11-08T00:07:43","modified_gmt":"2020-11-08T00:07:43","slug":"ana-mestrovic","status":"publish","type":"page","link":"https:\/\/infocov.uniri.hr\/hr\/ana-mestrovic\/","title":{"rendered":"Ana Me\u0161trovi\u0107"},"content":{"rendered":"<p>[vc_row height_ratio=&#8221;100&#8243; rc_bg_type=&#8221;image&#8221; rc_bg_image=&#8221;6398&#8243; rc_bg_position=&#8221;right-top&#8221; rc_bg_image_scroll_effect=&#8221;opacity-scroll-effect&#8221; rc_bg_image_scroll_effect_offset=&#8221;60&#8243; mobile_visibility=&#8221;hide&#8221; tablet_sm_height_ratio=&#8221;inherit&#8221; mobile_height_ratio=&#8221;inherit&#8221; rc_bg_color=&#8221;#ffffff&#8221;][vc_column width=&#8221;5\/12&#8243; vertical_content_position=&#8221;middle&#8221; rc_font_color=&#8221;#ffffff&#8221;]<h1 class=\"eut-element eut-title eut-align-inherit eut-h1 eut-increase-heading eut-heading-200 eut-title-gradient eut-gradient-1-primary-1 eut-gradient-2-primary-2\" style=\"\"><span><br>\n<div class=\"eut-team-identity eut-small-text\">Glavni istra\u017eiva\u010d<\/div>\n<strong>Ana Me\u0161trovi\u0107<\/strong><\/span><\/h1><h2 class=\"eut-element eut-title eut-align-inherit eut-h3 eut-increase-heading eut-heading-200 eut-title-gradient eut-gradient-1-primary-4 eut-gradient-2-primary-4\" style=\"\"><span>Izv. prof. dr. sc. <\/span><\/h2>[\/vc_column][vc_column width=&#8221;7\/12&#8243;][\/vc_column][\/vc_row][vc_row height_ratio=&#8221;100&#8243; rc_bg_type=&#8221;image&#8221; rc_bg_image=&#8221;6407&#8243; rc_bg_position=&#8221;right-top&#8221; rc_bg_image_scroll_effect=&#8221;opacity-scroll-effect&#8221; rc_bg_image_scroll_effect_offset=&#8221;60&#8243; desktop_visibility=&#8221;hide&#8221; tablet_visibility=&#8221;hide&#8221; tablet_sm_visibility=&#8221;hide&#8221; tablet_sm_height_ratio=&#8221;inherit&#8221; mobile_height_ratio=&#8221;inherit&#8221; rc_bg_color=&#8221;#ffffff&#8221;][vc_column vertical_content_position=&#8221;bottom&#8221; text_align=&#8221;center&#8221; rc_heading_color=&#8221;light&#8221; rc_font_color=&#8221;#ffffff&#8221;]<h1 class=\"eut-element eut-title eut-align-inherit eut-h1 eut-increase-heading eut-heading-200 eut-title-gradient eut-gradient-1-primary-1 eut-gradient-2-primary-2\" style=\"\"><span><br>\n<div class=\"eut-team-identity eut-small-text\">Glavni istra\u017eiva\u010d<\/div>\n<strong>Ana Me\u0161trovi\u0107<\/strong><\/span><\/h1><h2 class=\"eut-element eut-title eut-align-inherit eut-h3 eut-increase-heading eut-heading-200 eut-title-gradient eut-gradient-1-primary-4 eut-gradient-2-primary-4\" style=\"\"><span>Izv. prof. dr. sc.<\/span><\/h2><div class=\"eut-empty-space eut-height-3x\" style=\"\"><\/div>[\/vc_column][\/vc_row][vc_row padding_top_multiplier=&#8221;custom&#8221; padding_bottom_multiplier=&#8221;custom&#8221; padding_top=&#8221;10%&#8221; padding_bottom=&#8221;10%&#8221;][vc_column width=&#8221;1\/4&#8243; tablet_width=&#8221;1-6&#8243;][\/vc_column][vc_column width=&#8221;1\/2&#8243; text_align=&#8221;center&#8221; tablet_width=&#8221;2-3&#8243;]<h2 class=\"eut-element eut-title eut-align-inherit eut-h1 eut-increase-heading eut-heading-200\" style=\"margin-bottom: 0px;\"><span>Sveu\u010dili\u0161te u Rijeci<br \/>\n<a href=\"https:\/\/inf.uniri.hr\/\">Odjel za informatiku <\/a><br \/>\nMember of Center for <a href=\"https:\/\/airi.uniri.hr\/\">Centar za umjetnu inteligenciju i kiberneti\u010dku sigurnost<\/a><\/span><\/h2><div class=\"eut-element eut-divider\" style=\"\"><div class=\"eut-line-divider eut-border\"><\/div><\/div><h2 class=\"eut-element eut-title eut-align-inherit eut-h1 eut-increase-heading eut-heading-200\" style=\"margin-bottom: 0px;\"><span><i class=\"eut-inner-icon fas fa-map-marker fa-fw eut-text-primary-1\"><\/i>Radmile Matej\u010di\u0107 2, 51000 Rijeka, Croatia<br \/>\n<i class=\"eut-inner-icon fas fa-phone fa-fw eut-text-primary-1\"><\/i><a href=\"tel:+ 38551584716\">+ 385 51 584 716<\/a><br \/>\n<i class=\"eut-inner-icon far fa-envelope fa-fw eut-text-primary-1\"><\/i><a href=\"mailto:amestrovic@inf.uniri.hr\">amestrovic@inf.uniri.hr<\/a><\/span><\/h2><div class=\"eut-empty-space eut-height-2x\" style=\"\"><\/div>[vc_column_text text_style=&#8221;leader-text&#8221;]Podru\u010dja istra\u017eivanja i ekspertiza: obrada prirodnog jezika, analiza dru\u0161tvenih mre\u017ea, kompleksne mre\u017ee, mre\u017ee, reprezentacija znanja[\/vc_column_text]<div class=\"eut-empty-space eut-height-1x\" style=\"\"><\/div>[vc_column_text]Ana Me\u0161trovi\u0107 je izvanredni profesor na Odjelu za informatiku Sveu\u010dili\u0161ta u Rijeci. Diplomski studij zavr\u0161ila je na Filozofskom fakultetu u Rijeci, smjer matematika i informatika 2001. godine. Magisterij iz podru\u010dja dru\u0161tvenih znanosti, polje informacijske znanosti stje\u010de 2005. godine na Fakultetu organizacije i informatike u Vara\u017edinu, Sveu\u010dili\u0161te u Zagrebu, a doktorat znanosti iz istog podru\u010dja 2009. godine.<\/p>\n<p>Osim projekta InfoCoV, trenutno je voditeljica na projektu\/potpori Sveu\u010dili\u0161ta u Rijeci \u201ePostupci mjerenja semanti\u010dke sli\u010dnosti tekstova (SemTex)\u201c. Pored toga, suradnica je na projektu\/potpori \u201eIzlu\u010divanje klju\u010dnih rije\u010di i sa\u017eimanje tekstova na temelju reprezentacije u mre\u017eama jezika \u2013 LangNet\u201c. Kao istra\u017eiva\u010d sudjeluje na HrZZ projektu &#8220;Semanti\u010dke domene deikti\u010dkih rije\u010di: Istra\u017eivanje brzih semanti\u010dkih procesa u jeziku&#8221;.\u00a0Tako\u0111er sudjeluje na projektu CA COST Action CA15109: &#8220;European Cooperation for Statistics of Network Data Science (COSTNET)&#8221; kao suradnik u svojstvu zamjenika \u010dlana upravnog odbora. Sudjelovala je\u00a0 kao \u010dlanica istra\u017eiva\u010dkoga tima u interdisciplinarnom znanstvenom projektu\u00a0SyllAssist\u00a0u okviru kojega je izra\u0111en algoritam za slogovanje u hrvatskome jeziku, poslije ugra\u0111en u mobilnu aplikaciju OmoReader, koja olak\u0161ava \u010ditanje osobama s disleksijom.<\/p>\n<p>Sudjelovala je na ve\u0107em broju stranih i doma\u0107ih konferencija, te je u koautorstvu objavila preko 70 znanstvenih publikacija iz podru\u010dja obrade prirodnog jezika i kompleksnih mre\u017ea. Urednica je u \u010dasopisu Information Processing and Management (Elsevier) i u \u010dasopisu Complexity (Hindawi). Dobitnica je nagrade Zaklade Sveu\u010dili\u0161ta u Rijeci za transfer znanja za projekt SyllAssist (2019.) i nagrade za nastavnu izvrsnost koju dodjeljuje Sveu\u010dili\u0161te u Rijeci (2017.)<\/p>\n<p>Podru\u010dje njezina znanstvenog i istra\u017eiva\u010dkog interesa obuhva\u0107a op\u0107enito podru\u010dje umjetne inteligencije s naglaskom na nekoliko domena: predstavljanje znanja, jezi\u010dne i semanti\u010dke tehnologije, analiza prirodnog jezika te analiza kompleksnih mre\u017ea.[\/vc_column_text]<div class=\"eut-empty-space eut-height-2x\" style=\"\"><\/div>[\/vc_column][vc_column width=&#8221;1\/4&#8243; tablet_width=&#8221;1-6&#8243;][\/vc_column][\/vc_row]<\/p>\n","protected":false},"excerpt":{"rendered":"<p>[vc_row height_ratio=&#8221;100&#8243; rc_bg_type=&#8221;image&#8221; rc_bg_image=&#8221;6398&#8243; rc_bg_position=&#8221;right-top&#8221; rc_bg_image_scroll_effect=&#8221;opacity-scroll-effect&#8221; rc_bg_image_scroll_effect_offset=&#8221;60&#8243; mobile_visibility=&#8221;hide&#8221; tablet_sm_height_ratio=&#8221;inherit&#8221; mobile_height_ratio=&#8221;inherit&#8221; rc_bg_color=&#8221;#ffffff&#8221;][vc_column width=&#8221;5\/12&#8243; vertical_content_position=&#8221;middle&#8221; rc_font_color=&#8221;#ffffff&#8221;][\/vc_column][vc_column width=&#8221;7\/12&#8243;][\/vc_column][\/vc_row][vc_row height_ratio=&#8221;100&#8243; rc_bg_type=&#8221;image&#8221; rc_bg_image=&#8221;6407&#8243; rc_bg_position=&#8221;right-top&#8221; rc_bg_image_scroll_effect=&#8221;opacity-scroll-effect&#8221; rc_bg_image_scroll_effect_offset=&#8221;60&#8243; desktop_visibility=&#8221;hide&#8221; tablet_visibility=&#8221;hide&#8221; tablet_sm_visibility=&#8221;hide&#8221; tablet_sm_height_ratio=&#8221;inherit&#8221; mobile_height_ratio=&#8221;inherit&#8221; rc_bg_color=&#8221;#ffffff&#8221;][vc_column vertical_content_position=&#8221;bottom&#8221; text_align=&#8221;center&#8221; rc_heading_color=&#8221;light&#8221; rc_font_color=&#8221;#ffffff&#8221;][\/vc_column][\/vc_row][vc_row padding_top_multiplier=&#8221;custom&#8221; padding_bottom_multiplier=&#8221;custom&#8221; padding_top=&#8221;10%&#8221; padding_bottom=&#8221;10%&#8221;][vc_column width=&#8221;1\/4&#8243; tablet_width=&#8221;1-6&#8243;][\/vc_column][vc_column width=&#8221;1\/2&#8243; text_align=&#8221;center&#8221; tablet_width=&#8221;2-3&#8243;][vc_column_text text_style=&#8221;leader-text&#8221;]Podru\u010dja istra\u017eivanja i ekspertiza: obrada prirodnog jezika, analiza dru\u0161tvenih mre\u017ea, kompleksne mre\u017ee, mre\u017ee, reprezentacija znanja[\/vc_column_text][vc_column_text]Ana [&hellip;]<\/p>\n","protected":false},"author":1,"featured_media":0,"parent":0,"menu_order":0,"comment_status":"closed","ping_status":"closed","template":"","meta":{"footnotes":""},"class_list":["post-7097","page","type-page","status-publish","hentry"],"yoast_head":"<!-- This site is optimized with the Yoast SEO plugin v24.5 - https:\/\/yoast.com\/wordpress\/plugins\/seo\/ -->\n<title>Ana Me\u0161trovi\u0107 - InfoCoV<\/title>\n<meta name=\"robots\" content=\"index, follow, max-snippet:-1, max-image-preview:large, max-video-preview:-1\" \/>\n<link rel=\"canonical\" href=\"https:\/\/infocov.uniri.hr\/hr\/ana-mestrovic\/\" \/>\n<meta property=\"og:locale\" content=\"hr_HR\" \/>\n<meta property=\"og:type\" content=\"article\" \/>\n<meta property=\"og:title\" content=\"Ana Me\u0161trovi\u0107 - InfoCoV\" \/>\n<meta property=\"og:description\" content=\"[vc_row height_ratio=&#8221;100&#8243; rc_bg_type=&#8221;image&#8221; rc_bg_image=&#8221;6398&#8243; rc_bg_position=&#8221;right-top&#8221; rc_bg_image_scroll_effect=&#8221;opacity-scroll-effect&#8221; rc_bg_image_scroll_effect_offset=&#8221;60&#8243; mobile_visibility=&#8221;hide&#8221; tablet_sm_height_ratio=&#8221;inherit&#8221; mobile_height_ratio=&#8221;inherit&#8221; rc_bg_color=&#8221;#ffffff&#8221;][vc_column width=&#8221;5\/12&#8243; vertical_content_position=&#8221;middle&#8221; rc_font_color=&#8221;#ffffff&#8221;][\/vc_column][vc_column width=&#8221;7\/12&#8243;][\/vc_column][\/vc_row][vc_row height_ratio=&#8221;100&#8243; rc_bg_type=&#8221;image&#8221; rc_bg_image=&#8221;6407&#8243; rc_bg_position=&#8221;right-top&#8221; rc_bg_image_scroll_effect=&#8221;opacity-scroll-effect&#8221; rc_bg_image_scroll_effect_offset=&#8221;60&#8243; desktop_visibility=&#8221;hide&#8221; tablet_visibility=&#8221;hide&#8221; tablet_sm_visibility=&#8221;hide&#8221; tablet_sm_height_ratio=&#8221;inherit&#8221; mobile_height_ratio=&#8221;inherit&#8221; rc_bg_color=&#8221;#ffffff&#8221;][vc_column vertical_content_position=&#8221;bottom&#8221; text_align=&#8221;center&#8221; rc_heading_color=&#8221;light&#8221; rc_font_color=&#8221;#ffffff&#8221;][\/vc_column][\/vc_row][vc_row padding_top_multiplier=&#8221;custom&#8221; padding_bottom_multiplier=&#8221;custom&#8221; padding_top=&#8221;10%&#8221; padding_bottom=&#8221;10%&#8221;][vc_column width=&#8221;1\/4&#8243; tablet_width=&#8221;1-6&#8243;][\/vc_column][vc_column width=&#8221;1\/2&#8243; text_align=&#8221;center&#8221; tablet_width=&#8221;2-3&#8243;][vc_column_text text_style=&#8221;leader-text&#8221;]Podru\u010dja istra\u017eivanja i ekspertiza: obrada prirodnog jezika, analiza dru\u0161tvenih mre\u017ea, kompleksne mre\u017ee, mre\u017ee, reprezentacija znanja[\/vc_column_text][vc_column_text]Ana [&hellip;]\" \/>\n<meta property=\"og:url\" content=\"https:\/\/infocov.uniri.hr\/hr\/ana-mestrovic\/\" \/>\n<meta property=\"og:site_name\" content=\"InfoCoV\" \/>\n<meta property=\"article:modified_time\" content=\"2020-11-08T00:07:43+00:00\" \/>\n<meta property=\"og:image\" content=\"https:\/\/infocov.uniri.hr\/wp-content\/uploads\/2020\/10\/twitter-image.png\" \/>\n\t<meta property=\"og:image:width\" content=\"1200\" \/>\n\t<meta property=\"og:image:height\" content=\"600\" \/>\n\t<meta property=\"og:image:type\" content=\"image\/png\" \/>\n<meta name=\"twitter:card\" content=\"summary_large_image\" \/>\n<meta name=\"twitter:label1\" content=\"Procijenjeno vrijeme \u010ditanja\" \/>\n\t<meta name=\"twitter:data1\" content=\"3 minute\" \/>\n<script type=\"application\/ld+json\" class=\"yoast-schema-graph\">{\"@context\":\"https:\/\/schema.org\",\"@graph\":[{\"@type\":\"WebPage\",\"@id\":\"https:\/\/infocov.uniri.hr\/hr\/ana-mestrovic\/\",\"url\":\"https:\/\/infocov.uniri.hr\/hr\/ana-mestrovic\/\",\"name\":\"Ana Me\u0161trovi\u0107 - InfoCoV\",\"isPartOf\":{\"@id\":\"https:\/\/infocov.uniri.hr\/hr\/#website\"},\"datePublished\":\"2018-10-11T17:33:25+00:00\",\"dateModified\":\"2020-11-08T00:07:43+00:00\",\"breadcrumb\":{\"@id\":\"https:\/\/infocov.uniri.hr\/hr\/ana-mestrovic\/#breadcrumb\"},\"inLanguage\":\"hr\",\"potentialAction\":[{\"@type\":\"ReadAction\",\"target\":[\"https:\/\/infocov.uniri.hr\/hr\/ana-mestrovic\/\"]}]},{\"@type\":\"BreadcrumbList\",\"@id\":\"https:\/\/infocov.uniri.hr\/hr\/ana-mestrovic\/#breadcrumb\",\"itemListElement\":[{\"@type\":\"ListItem\",\"position\":1,\"name\":\"Home\",\"item\":\"https:\/\/infocov.uniri.hr\/hr\/\"},{\"@type\":\"ListItem\",\"position\":2,\"name\":\"Ana Me\u0161trovi\u0107\"}]},{\"@type\":\"WebSite\",\"@id\":\"https:\/\/infocov.uniri.hr\/hr\/#website\",\"url\":\"https:\/\/infocov.uniri.hr\/hr\/\",\"name\":\"InfoCoV\",\"description\":\"Multilayer framework for the information spreading characterization in social media during the Covid-19 crisis\",\"potentialAction\":[{\"@type\":\"SearchAction\",\"target\":{\"@type\":\"EntryPoint\",\"urlTemplate\":\"https:\/\/infocov.uniri.hr\/hr\/?s={search_term_string}\"},\"query-input\":{\"@type\":\"PropertyValueSpecification\",\"valueRequired\":true,\"valueName\":\"search_term_string\"}}],\"inLanguage\":\"hr\"}]}<\/script>\n<!-- \/ Yoast SEO plugin. -->","yoast_head_json":{"title":"Ana Me\u0161trovi\u0107 - InfoCoV","robots":{"index":"index","follow":"follow","max-snippet":"max-snippet:-1","max-image-preview":"max-image-preview:large","max-video-preview":"max-video-preview:-1"},"canonical":"https:\/\/infocov.uniri.hr\/hr\/ana-mestrovic\/","og_locale":"hr_HR","og_type":"article","og_title":"Ana Me\u0161trovi\u0107 - InfoCoV","og_description":"[vc_row height_ratio=&#8221;100&#8243; rc_bg_type=&#8221;image&#8221; rc_bg_image=&#8221;6398&#8243; rc_bg_position=&#8221;right-top&#8221; rc_bg_image_scroll_effect=&#8221;opacity-scroll-effect&#8221; rc_bg_image_scroll_effect_offset=&#8221;60&#8243; mobile_visibility=&#8221;hide&#8221; tablet_sm_height_ratio=&#8221;inherit&#8221; mobile_height_ratio=&#8221;inherit&#8221; rc_bg_color=&#8221;#ffffff&#8221;][vc_column width=&#8221;5\/12&#8243; vertical_content_position=&#8221;middle&#8221; rc_font_color=&#8221;#ffffff&#8221;][\/vc_column][vc_column width=&#8221;7\/12&#8243;][\/vc_column][\/vc_row][vc_row height_ratio=&#8221;100&#8243; rc_bg_type=&#8221;image&#8221; rc_bg_image=&#8221;6407&#8243; rc_bg_position=&#8221;right-top&#8221; rc_bg_image_scroll_effect=&#8221;opacity-scroll-effect&#8221; rc_bg_image_scroll_effect_offset=&#8221;60&#8243; desktop_visibility=&#8221;hide&#8221; tablet_visibility=&#8221;hide&#8221; tablet_sm_visibility=&#8221;hide&#8221; tablet_sm_height_ratio=&#8221;inherit&#8221; mobile_height_ratio=&#8221;inherit&#8221; rc_bg_color=&#8221;#ffffff&#8221;][vc_column vertical_content_position=&#8221;bottom&#8221; text_align=&#8221;center&#8221; rc_heading_color=&#8221;light&#8221; rc_font_color=&#8221;#ffffff&#8221;][\/vc_column][\/vc_row][vc_row padding_top_multiplier=&#8221;custom&#8221; padding_bottom_multiplier=&#8221;custom&#8221; padding_top=&#8221;10%&#8221; padding_bottom=&#8221;10%&#8221;][vc_column width=&#8221;1\/4&#8243; tablet_width=&#8221;1-6&#8243;][\/vc_column][vc_column width=&#8221;1\/2&#8243; text_align=&#8221;center&#8221; tablet_width=&#8221;2-3&#8243;][vc_column_text text_style=&#8221;leader-text&#8221;]Podru\u010dja istra\u017eivanja i ekspertiza: obrada prirodnog jezika, analiza dru\u0161tvenih mre\u017ea, kompleksne mre\u017ee, mre\u017ee, reprezentacija znanja[\/vc_column_text][vc_column_text]Ana [&hellip;]","og_url":"https:\/\/infocov.uniri.hr\/hr\/ana-mestrovic\/","og_site_name":"InfoCoV","article_modified_time":"2020-11-08T00:07:43+00:00","og_image":[{"width":1200,"height":600,"url":"https:\/\/infocov.uniri.hr\/wp-content\/uploads\/2020\/10\/twitter-image.png","type":"image\/png"}],"twitter_card":"summary_large_image","twitter_misc":{"Procijenjeno vrijeme \u010ditanja":"3 minute"},"schema":{"@context":"https:\/\/schema.org","@graph":[{"@type":"WebPage","@id":"https:\/\/infocov.uniri.hr\/hr\/ana-mestrovic\/","url":"https:\/\/infocov.uniri.hr\/hr\/ana-mestrovic\/","name":"Ana Me\u0161trovi\u0107 - InfoCoV","isPartOf":{"@id":"https:\/\/infocov.uniri.hr\/hr\/#website"},"datePublished":"2018-10-11T17:33:25+00:00","dateModified":"2020-11-08T00:07:43+00:00","breadcrumb":{"@id":"https:\/\/infocov.uniri.hr\/hr\/ana-mestrovic\/#breadcrumb"},"inLanguage":"hr","potentialAction":[{"@type":"ReadAction","target":["https:\/\/infocov.uniri.hr\/hr\/ana-mestrovic\/"]}]},{"@type":"BreadcrumbList","@id":"https:\/\/infocov.uniri.hr\/hr\/ana-mestrovic\/#breadcrumb","itemListElement":[{"@type":"ListItem","position":1,"name":"Home","item":"https:\/\/infocov.uniri.hr\/hr\/"},{"@type":"ListItem","position":2,"name":"Ana Me\u0161trovi\u0107"}]},{"@type":"WebSite","@id":"https:\/\/infocov.uniri.hr\/hr\/#website","url":"https:\/\/infocov.uniri.hr\/hr\/","name":"InfoCoV","description":"Multilayer framework for the information spreading characterization in social media during the Covid-19 crisis","potentialAction":[{"@type":"SearchAction","target":{"@type":"EntryPoint","urlTemplate":"https:\/\/infocov.uniri.hr\/hr\/?s={search_term_string}"},"query-input":{"@type":"PropertyValueSpecification","valueRequired":true,"valueName":"search_term_string"}}],"inLanguage":"hr"}]}},"_links":{"self":[{"href":"https:\/\/infocov.uniri.hr\/hr\/wp-json\/wp\/v2\/pages\/7097","targetHints":{"allow":["GET"]}}],"collection":[{"href":"https:\/\/infocov.uniri.hr\/hr\/wp-json\/wp\/v2\/pages"}],"about":[{"href":"https:\/\/infocov.uniri.hr\/hr\/wp-json\/wp\/v2\/types\/page"}],"author":[{"embeddable":true,"href":"https:\/\/infocov.uniri.hr\/hr\/wp-json\/wp\/v2\/users\/1"}],"replies":[{"embeddable":true,"href":"https:\/\/infocov.uniri.hr\/hr\/wp-json\/wp\/v2\/comments?post=7097"}],"version-history":[{"count":0,"href":"https:\/\/infocov.uniri.hr\/hr\/wp-json\/wp\/v2\/pages\/7097\/revisions"}],"wp:attachment":[{"href":"https:\/\/infocov.uniri.hr\/hr\/wp-json\/wp\/v2\/media?parent=7097"}],"curies":[{"name":"wp","href":"https:\/\/api.w.org\/{rel}","templated":true}]}}