{"id":7100,"date":"2018-08-26T13:07:12","date_gmt":"2018-08-26T13:07:12","guid":{"rendered":"https:\/\/infocov.uniri.hr\/about-basic-info\/"},"modified":"2020-11-20T00:19:05","modified_gmt":"2020-11-20T00:19:05","slug":"osnovne-informacije","status":"publish","type":"page","link":"https:\/\/infocov.uniri.hr\/hr\/osnovne-informacije\/","title":{"rendered":"Osnovne informacije"},"content":{"rendered":"<p>[vc_row section_type=&#8221;fullwidth&#8221; padding_top_multiplier=&#8221;&#8221; padding_bottom_multiplier=&#8221;&#8221; rc_bg_type=&#8221;color&#8221; columns_gap=&#8221;none&#8221; rc_bg_color=&#8221;#ffffff&#8221;][vc_column width=&#8221;1\/2&#8243; rc_bg_type=&#8221;image&#8221; rc_bg_image=&#8221;6238&#8243; column_sticky=&#8221;yes&#8221; tablet_sm_width=&#8221;1&#8243;]<div class=\"eut-empty-space\" style=\"height: 100vh;\"><\/div>[\/vc_column][vc_column width=&#8221;1\/2&#8243; content_width=&#8221;custom&#8221; rc_bg_type=&#8221;color&#8221; tablet_sm_width=&#8221;1&#8243; css=&#8221;.vc_custom_1602771561652{padding-right: 15px !important;padding-left: 15px !important;}&#8221; custom_content_width=&#8221;500&#8243; rc_bg_color=&#8221;#ffffff&#8221;][vc_row_inner padding_top_multiplier=&#8221;2x&#8221; rc_heading_color=&#8221;primary-1&#8243;][vc_column_inner tablet_sm_width=&#8221;hide&#8221; mobile_width=&#8221;hide&#8221;]<div class=\"eut-empty-space\" style=\"height: 25vh;\"><\/div>[\/vc_column_inner][vc_column_inner]<h1 class=\"eut-element eut-title eut-align-inherit eut-h1\" style=\"margin-bottom: 10px;\"><span>Osnovne informacije<\/span><\/h1>[vc_column_text css=&#8221;.vc_custom_1604713355611{margin-bottom: 20px !important;}&#8221;]Projekt financira <a href=\"https:\/\/hrzz.hr\"><strong>Hrvatska zaklada za znanost<\/strong><\/a>[\/vc_column_text]<div class=\"eut-element eut-image eut-animated-item eut-duration-normal eut-fade-in hrzzlogo eut-align-left\" style=\"margin-bottom: 20px;\" data-delay=\"200\"><div class=\"eut-image-wrapper eut-popup-item\" style=\"max-width:792px;\"><div class=\"eut-thumbnail-wrapper\"  style=\"max-width: 792px;\"><div class=\"eut-thumbnail\"  style=\"padding-top: 41.035%;\"><img loading=\"lazy\" decoding=\"async\" width=\"792\" height=\"325\" src=\"https:\/\/infocov.uniri.hr\/wp-content\/uploads\/2020\/10\/hrzz.png\" class=\"attachment-full size-full\" alt=\"\" data-eutf-filter=\"yes\" srcset=\"https:\/\/infocov.uniri.hr\/wp-content\/uploads\/2020\/10\/hrzz.png 792w, https:\/\/infocov.uniri.hr\/wp-content\/uploads\/2020\/10\/hrzz-300x123.png 300w, https:\/\/infocov.uniri.hr\/wp-content\/uploads\/2020\/10\/hrzz-768x315.png 768w\" sizes=\"auto, (max-width: 792px) 100vw, 792px\" \/><\/div><\/div>  <\/div><\/div>[vc_column_text]Tematski poziv: <strong>Upravljanje zaraznim bolestima uzrokovanim koronavirusima te dru\u0161tvenim i obrazovnim aspektima pandemije (IP-CORONA-2020-04)<\/strong>[\/vc_column_text]<div class=\"eut-element eut-divider\" style=\"padding-top: 30px;padding-bottom: 30px;\"><span class=\"eut-custom-divider eut-bg-custom eut-align-inherit\" style=\"width: px;height: 2px; background-color: #dddddd;\"><\/span><\/div>[vc_column_text]<strong>ID projekta:<\/strong>\u00a0IP-CORONA-04-2061<\/p>\n<p>Glavni istra\u017eiva\u010d:\u00a0<strong>Izv. prof. dr. sc. Ana Me\u0161trovi\u0107<\/strong><\/p>\n<p><strong>Institucija ugovaratelj\/mati\u010dna institucija:<\/strong>\u00a0<a href=\"https:\/\/uniri.hr\/\"><strong> Sveu\u010dili\u0161te u Rijeci<\/strong><\/a><strong>, <\/strong><a href=\"https:\/\/inf.uniri.hr\/\"><strong>Odjel za informatiku <\/strong><\/a><\/p>\n<p>Naziv projekta:\u00a0<strong> Vi\u0161eslojni okvir za karakterizaciju \u0161irenja informacija putem dru\u0161tvenih medija tijekom krize COVID-19\u2028 <\/strong><\/p>\n<p>Akronim projekta: <strong>InfoCoV<\/strong>[\/vc_column_text][vc_column_text]Klju\u010dne rije\u010di projekta: <strong>\u0161irenje informacija, dru\u0161tveni mediji, analiza dru\u0161tvenih mre\u017ea, vi\u0161eslojna mre\u017ea, analiza prirodnog jezika, duboko u\u010denje\u2028<\/strong><\/p>\n<p>Znanstveno podru\u010dje: dru\u0161tvene znanosti<br \/>\nZnanstveno polje: informacijske i komunikacijske znanosti<br \/>\nWeb: https:\/\/infocov.uniri.hr\/<br \/>\nTrajanje projekta: 15.7.2020 \u2013 14.1.2022[\/vc_column_text]<div class=\"eut-element eut-divider\" style=\"padding-top: 30px;padding-bottom: 30px;\"><span class=\"eut-custom-divider eut-bg-custom eut-align-inherit\" style=\"width: px;height: 2px; background-color: #dddddd;\"><\/span><\/div>[vc_column_text]<strong> \u010clanovi projektnog tima: <\/strong><br \/>\nIzv. prof. dr. sc. <a href=\"https:\/\/infocov.uniri.hr\/ana-mestrovic\/\">Ana Me\u0161trovi\u0107<\/a><br \/>\nProf. dr. sc. <a href=\"https:\/\/infocov.uniri.hr\/sanda-martincic-ipsic\/\">Sanda Martin\u010di\u0107-Ip\u0161i\u0107<\/a><br \/>\nDr. sc. <a href=\"https:\/\/infocov.uniri.hr\/slobodan-beliga\/\">Slobodan Beliga<\/a><br \/>\n<a href=\"https:\/\/infocov.uniri.hr\/karlo-babic\/\">Karlo Babi\u0107<\/a>, doktorand<br \/>\n<a href=\"https:\/\/infocov.uniri.hr\/milan-petrovic\/\">Milan Petrovi\u0107<\/a>, doktorand<br \/>\nIzv. prof. dr. sc. <a href=\"https:\/\/infocov.uniri.hr\/mihaela-matesic\/\">Mihaela Mate\u0161i\u0107<\/a><br \/>\nIzv. prof. dr. sc. <a href=\"https:\/\/infocov.uniri.hr\/zoran-levnajic\/\">Zoran Levnaji\u0107<\/a><br \/>\n<a href=\"https:\/\/infocov.uniri.hr\/marko-pranjic\/\">Marko Pranji\u0107<\/a>[\/vc_column_text]<div class=\"eut-empty-space eut-height-1x\" style=\"\"><\/div>[\/vc_column_inner][\/vc_row_inner][\/vc_column][\/vc_row]<\/p>\n","protected":false},"excerpt":{"rendered":"<p>[vc_row section_type=&#8221;fullwidth&#8221; padding_top_multiplier=&#8221;&#8221; padding_bottom_multiplier=&#8221;&#8221; rc_bg_type=&#8221;color&#8221; columns_gap=&#8221;none&#8221; rc_bg_color=&#8221;#ffffff&#8221;][vc_column width=&#8221;1\/2&#8243; rc_bg_type=&#8221;image&#8221; rc_bg_image=&#8221;6238&#8243; column_sticky=&#8221;yes&#8221; tablet_sm_width=&#8221;1&#8243;][\/vc_column][vc_column width=&#8221;1\/2&#8243; content_width=&#8221;custom&#8221; rc_bg_type=&#8221;color&#8221; tablet_sm_width=&#8221;1&#8243; css=&#8221;.vc_custom_1602771561652{padding-right: 15px !important;padding-left: 15px !important;}&#8221; custom_content_width=&#8221;500&#8243; rc_bg_color=&#8221;#ffffff&#8221;][vc_row_inner padding_top_multiplier=&#8221;2x&#8221; rc_heading_color=&#8221;primary-1&#8243;][vc_column_inner tablet_sm_width=&#8221;hide&#8221; mobile_width=&#8221;hide&#8221;][\/vc_column_inner][vc_column_inner][vc_column_text css=&#8221;.vc_custom_1604713355611{margin-bottom: 20px !important;}&#8221;]Projekt financira Hrvatska zaklada za znanost[\/vc_column_text][vc_column_text]Tematski poziv: Upravljanje zaraznim bolestima uzrokovanim koronavirusima te dru\u0161tvenim i obrazovnim aspektima pandemije (IP-CORONA-2020-04)[\/vc_column_text][vc_column_text]ID projekta:\u00a0IP-CORONA-04-2061 Glavni istra\u017eiva\u010d:\u00a0Izv. prof. dr. sc. Ana [&hellip;]<\/p>\n","protected":false},"author":1,"featured_media":0,"parent":0,"menu_order":0,"comment_status":"closed","ping_status":"closed","template":"","meta":{"footnotes":""},"class_list":["post-7100","page","type-page","status-publish","hentry"],"yoast_head":"<!-- This site is optimized with the Yoast SEO plugin v24.5 - https:\/\/yoast.com\/wordpress\/plugins\/seo\/ -->\n<title>Osnovne informacije - InfoCoV<\/title>\n<meta name=\"robots\" content=\"index, follow, max-snippet:-1, max-image-preview:large, max-video-preview:-1\" \/>\n<link rel=\"canonical\" href=\"https:\/\/infocov.uniri.hr\/hr\/osnovne-informacije\/\" \/>\n<meta property=\"og:locale\" content=\"hr_HR\" \/>\n<meta property=\"og:type\" content=\"article\" \/>\n<meta property=\"og:title\" content=\"Osnovne informacije - InfoCoV\" \/>\n<meta property=\"og:description\" content=\"[vc_row section_type=&#8221;fullwidth&#8221; padding_top_multiplier=&#8221;&#8221; padding_bottom_multiplier=&#8221;&#8221; rc_bg_type=&#8221;color&#8221; columns_gap=&#8221;none&#8221; rc_bg_color=&#8221;#ffffff&#8221;][vc_column width=&#8221;1\/2&#8243; rc_bg_type=&#8221;image&#8221; rc_bg_image=&#8221;6238&#8243; column_sticky=&#8221;yes&#8221; tablet_sm_width=&#8221;1&#8243;][\/vc_column][vc_column width=&#8221;1\/2&#8243; content_width=&#8221;custom&#8221; rc_bg_type=&#8221;color&#8221; tablet_sm_width=&#8221;1&#8243; css=&#8221;.vc_custom_1602771561652{padding-right: 15px !important;padding-left: 15px !important;}&#8221; custom_content_width=&#8221;500&#8243; rc_bg_color=&#8221;#ffffff&#8221;][vc_row_inner padding_top_multiplier=&#8221;2x&#8221; rc_heading_color=&#8221;primary-1&#8243;][vc_column_inner tablet_sm_width=&#8221;hide&#8221; mobile_width=&#8221;hide&#8221;][\/vc_column_inner][vc_column_inner][vc_column_text css=&#8221;.vc_custom_1604713355611{margin-bottom: 20px !important;}&#8221;]Projekt financira Hrvatska zaklada za znanost[\/vc_column_text][vc_column_text]Tematski poziv: Upravljanje zaraznim bolestima uzrokovanim koronavirusima te dru\u0161tvenim i obrazovnim aspektima pandemije (IP-CORONA-2020-04)[\/vc_column_text][vc_column_text]ID projekta:\u00a0IP-CORONA-04-2061 Glavni istra\u017eiva\u010d:\u00a0Izv. prof. dr. sc. Ana [&hellip;]\" \/>\n<meta property=\"og:url\" content=\"https:\/\/infocov.uniri.hr\/hr\/osnovne-informacije\/\" \/>\n<meta property=\"og:site_name\" content=\"InfoCoV\" \/>\n<meta property=\"article:modified_time\" content=\"2020-11-20T00:19:05+00:00\" \/>\n<meta property=\"og:image\" content=\"https:\/\/infocov.uniri.hr\/wp-content\/uploads\/2020\/10\/twitter-image.png\" \/>\n\t<meta property=\"og:image:width\" content=\"1200\" \/>\n\t<meta property=\"og:image:height\" content=\"600\" \/>\n\t<meta property=\"og:image:type\" content=\"image\/png\" \/>\n<meta name=\"twitter:card\" content=\"summary_large_image\" \/>\n<meta name=\"twitter:label1\" content=\"Procijenjeno vrijeme \u010ditanja\" \/>\n\t<meta name=\"twitter:data1\" content=\"2 minute\" \/>\n<script type=\"application\/ld+json\" class=\"yoast-schema-graph\">{\"@context\":\"https:\/\/schema.org\",\"@graph\":[{\"@type\":\"WebPage\",\"@id\":\"https:\/\/infocov.uniri.hr\/hr\/osnovne-informacije\/\",\"url\":\"https:\/\/infocov.uniri.hr\/hr\/osnovne-informacije\/\",\"name\":\"Osnovne informacije - InfoCoV\",\"isPartOf\":{\"@id\":\"https:\/\/infocov.uniri.hr\/hr\/#website\"},\"datePublished\":\"2018-08-26T13:07:12+00:00\",\"dateModified\":\"2020-11-20T00:19:05+00:00\",\"breadcrumb\":{\"@id\":\"https:\/\/infocov.uniri.hr\/hr\/osnovne-informacije\/#breadcrumb\"},\"inLanguage\":\"hr\",\"potentialAction\":[{\"@type\":\"ReadAction\",\"target\":[\"https:\/\/infocov.uniri.hr\/hr\/osnovne-informacije\/\"]}]},{\"@type\":\"BreadcrumbList\",\"@id\":\"https:\/\/infocov.uniri.hr\/hr\/osnovne-informacije\/#breadcrumb\",\"itemListElement\":[{\"@type\":\"ListItem\",\"position\":1,\"name\":\"Home\",\"item\":\"https:\/\/infocov.uniri.hr\/hr\/\"},{\"@type\":\"ListItem\",\"position\":2,\"name\":\"Osnovne informacije\"}]},{\"@type\":\"WebSite\",\"@id\":\"https:\/\/infocov.uniri.hr\/hr\/#website\",\"url\":\"https:\/\/infocov.uniri.hr\/hr\/\",\"name\":\"InfoCoV\",\"description\":\"Multilayer framework for the information spreading characterization in social media during the Covid-19 crisis\",\"potentialAction\":[{\"@type\":\"SearchAction\",\"target\":{\"@type\":\"EntryPoint\",\"urlTemplate\":\"https:\/\/infocov.uniri.hr\/hr\/?s={search_term_string}\"},\"query-input\":{\"@type\":\"PropertyValueSpecification\",\"valueRequired\":true,\"valueName\":\"search_term_string\"}}],\"inLanguage\":\"hr\"}]}<\/script>\n<!-- \/ Yoast SEO plugin. -->","yoast_head_json":{"title":"Osnovne informacije - InfoCoV","robots":{"index":"index","follow":"follow","max-snippet":"max-snippet:-1","max-image-preview":"max-image-preview:large","max-video-preview":"max-video-preview:-1"},"canonical":"https:\/\/infocov.uniri.hr\/hr\/osnovne-informacije\/","og_locale":"hr_HR","og_type":"article","og_title":"Osnovne informacije - InfoCoV","og_description":"[vc_row section_type=&#8221;fullwidth&#8221; padding_top_multiplier=&#8221;&#8221; padding_bottom_multiplier=&#8221;&#8221; rc_bg_type=&#8221;color&#8221; columns_gap=&#8221;none&#8221; rc_bg_color=&#8221;#ffffff&#8221;][vc_column width=&#8221;1\/2&#8243; rc_bg_type=&#8221;image&#8221; rc_bg_image=&#8221;6238&#8243; column_sticky=&#8221;yes&#8221; tablet_sm_width=&#8221;1&#8243;][\/vc_column][vc_column width=&#8221;1\/2&#8243; content_width=&#8221;custom&#8221; rc_bg_type=&#8221;color&#8221; tablet_sm_width=&#8221;1&#8243; css=&#8221;.vc_custom_1602771561652{padding-right: 15px !important;padding-left: 15px !important;}&#8221; custom_content_width=&#8221;500&#8243; rc_bg_color=&#8221;#ffffff&#8221;][vc_row_inner padding_top_multiplier=&#8221;2x&#8221; rc_heading_color=&#8221;primary-1&#8243;][vc_column_inner tablet_sm_width=&#8221;hide&#8221; mobile_width=&#8221;hide&#8221;][\/vc_column_inner][vc_column_inner][vc_column_text css=&#8221;.vc_custom_1604713355611{margin-bottom: 20px !important;}&#8221;]Projekt financira Hrvatska zaklada za znanost[\/vc_column_text][vc_column_text]Tematski poziv: Upravljanje zaraznim bolestima uzrokovanim koronavirusima te dru\u0161tvenim i obrazovnim aspektima pandemije (IP-CORONA-2020-04)[\/vc_column_text][vc_column_text]ID projekta:\u00a0IP-CORONA-04-2061 Glavni istra\u017eiva\u010d:\u00a0Izv. prof. dr. sc. Ana [&hellip;]","og_url":"https:\/\/infocov.uniri.hr\/hr\/osnovne-informacije\/","og_site_name":"InfoCoV","article_modified_time":"2020-11-20T00:19:05+00:00","og_image":[{"width":1200,"height":600,"url":"https:\/\/infocov.uniri.hr\/wp-content\/uploads\/2020\/10\/twitter-image.png","type":"image\/png"}],"twitter_card":"summary_large_image","twitter_misc":{"Procijenjeno vrijeme \u010ditanja":"2 minute"},"schema":{"@context":"https:\/\/schema.org","@graph":[{"@type":"WebPage","@id":"https:\/\/infocov.uniri.hr\/hr\/osnovne-informacije\/","url":"https:\/\/infocov.uniri.hr\/hr\/osnovne-informacije\/","name":"Osnovne informacije - InfoCoV","isPartOf":{"@id":"https:\/\/infocov.uniri.hr\/hr\/#website"},"datePublished":"2018-08-26T13:07:12+00:00","dateModified":"2020-11-20T00:19:05+00:00","breadcrumb":{"@id":"https:\/\/infocov.uniri.hr\/hr\/osnovne-informacije\/#breadcrumb"},"inLanguage":"hr","potentialAction":[{"@type":"ReadAction","target":["https:\/\/infocov.uniri.hr\/hr\/osnovne-informacije\/"]}]},{"@type":"BreadcrumbList","@id":"https:\/\/infocov.uniri.hr\/hr\/osnovne-informacije\/#breadcrumb","itemListElement":[{"@type":"ListItem","position":1,"name":"Home","item":"https:\/\/infocov.uniri.hr\/hr\/"},{"@type":"ListItem","position":2,"name":"Osnovne informacije"}]},{"@type":"WebSite","@id":"https:\/\/infocov.uniri.hr\/hr\/#website","url":"https:\/\/infocov.uniri.hr\/hr\/","name":"InfoCoV","description":"Multilayer framework for the information spreading characterization in social media during the Covid-19 crisis","potentialAction":[{"@type":"SearchAction","target":{"@type":"EntryPoint","urlTemplate":"https:\/\/infocov.uniri.hr\/hr\/?s={search_term_string}"},"query-input":{"@type":"PropertyValueSpecification","valueRequired":true,"valueName":"search_term_string"}}],"inLanguage":"hr"}]}},"_links":{"self":[{"href":"https:\/\/infocov.uniri.hr\/hr\/wp-json\/wp\/v2\/pages\/7100","targetHints":{"allow":["GET"]}}],"collection":[{"href":"https:\/\/infocov.uniri.hr\/hr\/wp-json\/wp\/v2\/pages"}],"about":[{"href":"https:\/\/infocov.uniri.hr\/hr\/wp-json\/wp\/v2\/types\/page"}],"author":[{"embeddable":true,"href":"https:\/\/infocov.uniri.hr\/hr\/wp-json\/wp\/v2\/users\/1"}],"replies":[{"embeddable":true,"href":"https:\/\/infocov.uniri.hr\/hr\/wp-json\/wp\/v2\/comments?post=7100"}],"version-history":[{"count":0,"href":"https:\/\/infocov.uniri.hr\/hr\/wp-json\/wp\/v2\/pages\/7100\/revisions"}],"wp:attachment":[{"href":"https:\/\/infocov.uniri.hr\/hr\/wp-json\/wp\/v2\/media?parent=7100"}],"curies":[{"name":"wp","href":"https:\/\/api.w.org\/{rel}","templated":true}]}}