{"id":7103,"date":"2020-10-16T13:23:53","date_gmt":"2020-10-16T13:23:53","guid":{"rendered":"https:\/\/infocov.uniri.hr\/blog\/"},"modified":"2022-02-21T11:45:19","modified_gmt":"2022-02-21T11:45:19","slug":"blog","status":"publish","type":"page","link":"https:\/\/infocov.uniri.hr\/hr\/blog\/","title":{"rendered":"Blog"},"content":{"rendered":"<p>[vc_row padding_top_multiplier=&#8221;5x&#8221; padding_bottom_multiplier=&#8221;&#8221;][vc_column width=&#8221;1\/6&#8243;][\/vc_column][vc_column width=&#8221;2\/3&#8243; text_align=&#8221;center&#8221; column_effect=&#8221;vertical-parallax&#8221; column_effect_limit=&#8221;6x&#8221; css=&#8221;.vc_custom_1602846069638{padding-top: 100px !important;}&#8221;]<h3 class=\"eut-element eut-title eut-align-inherit eut-h4\" style=\"\"><span>Blog<\/span><\/h3><div class=\"eut-element eut-divider\" style=\"padding-bottom: 0px;\"><div class=\"eut-line-divider eut-border\"><\/div><\/div>[\/vc_column][vc_column width=&#8221;1\/6&#8243;][\/vc_column][\/vc_row][vc_row padding_top_multiplier=&#8221;&#8221; padding_bottom_multiplier=&#8221;4x&#8221;][vc_column text_align=&#8221;center&#8221; column_effect=&#8221;vertical-parallax&#8221; column_effect_limit=&#8221;6x&#8221; css=&#8221;.vc_custom_1602845936582{margin-top: 0px !important;}&#8221;]\t\t<div id=\"el-1602824150997-63f4535a-1d6a\" class=\"eut-element eut-blog eut-blog-columns eut-blog-small eut-isotope\" style=\"\"  data-display-style=\"pagination\" data-columns=\"1\" data-columns-large-screen=\"1\" data-columns-tablet-landscape=\"1\" data-columns-tablet-portrait=\"1\" data-columns-mobile=\"1\" data-layout=\"fitRows\">\r\n\t\t\t<div class=\"eut-isotope-container\">\r\n\t\t\t<article class=\"eut-blog-item eut-small-post eut-isotope-item eut-bg-size-normal post-7189 post type-post status-publish format-standard has-post-thumbnail hentry category-blog-hr\" itemscope itemType=\"http:\/\/schema.org\/BlogPosting\">\r\n\t\t\t\t<div class=\"eut-blog-item-inner eut-isotope-item-inner\">\r\n\t\t\t\t\t\t\t\t\t\t\t\t\t<div class=\"eut-media\">\r\n\t\t\t<a class=\"eut-item-url\" href=\"https:\/\/infocov.uniri.hr\/hr\/multilayer-framework-for-the-information-spreading-characterization-in-social-media-during-the-covid-19-crisis-infocov\/\"><span class=\"screen-reader-text\">Vi\u0161eslojni okvir za karakterizaciju \u0161irenja informacija putem dru\u0161tvenih medija tijekom krize COVID-19<\/span><\/a>\r\n\t\t\t<div class=\"eut-thumbnail-wrapper\"><div class=\"eut-thumbnail\"  style=\"padding-top: 82.031%;\"><img loading=\"lazy\" decoding=\"async\" width=\"512\" height=\"420\" src=\"https:\/\/infocov.uniri.hr\/wp-content\/uploads\/2020\/10\/infocov-icon-512x420.png\" class=\"attachment-crocal-eutf-small-rect-horizontal size-crocal-eutf-small-rect-horizontal wp-post-image\" alt=\"\" data-eutf-filter=\"yes\" \/><\/div><\/div>\t\t\t<div class=\"eut-bg-black eut-hover-overlay eut-opacity-10\"><\/div>\r\n\t\t<\/div>\r\n\t\t\t\t\t\t<div class=\"eut-post-content-wrapper\">\r\n\t\t\t\t\t\t\t<div class=\"eut-post-content\">\r\n\t\t\t\t\t\t\t\t<div class=\"eut-post-header\">\r\n\t\t\t\t\t\t\t\t\t\t\t\t\t\t\t\t\t\t\t\t<span class=\"eut-hidden\">\r\n\t\t\t<span class=\"eut-structured-data entry-title\">Vi\u0161eslojni okvir za karakterizaciju \u0161irenja informacija putem dru\u0161tvenih medija tijekom krize COVID-19<\/span>\r\n\t\t\t<span class=\"eut-structured-data\" itemprop=\"image\" itemscope itemtype=\"http:\/\/schema.org\/ImageObject\">\r\n\t\t\t   <span itemprop='url' >https:\/\/infocov.uniri.hr\/wp-content\/uploads\/2020\/10\/infocov-icon.png<\/span>\r\n\t\t\t   <span itemprop='height' >512<\/span>\r\n\t\t\t   <span itemprop='width' >512<\/span>\r\n\t\t\t<\/span>\r\n\t\t\t\t\t\t<span class=\"eut-structured-data vcard author\" itemprop=\"author\" itemscope itemtype=\"http:\/\/schema.org\/Person\">\r\n\t\t\t\t<span itemprop=\"name\" class=\"fn\">InfoCoV<\/span>\r\n\t\t\t<\/span>\r\n\t\t\t<span class=\"eut-structured-data\" itemprop=\"publisher\" itemscope itemtype=\"http:\/\/schema.org\/Organization\">\r\n\t\t\t\t<span itemprop='name'>InfoCoV<\/span>\r\n\t\t\t\t<span itemprop='logo' itemscope itemtype='http:\/\/schema.org\/ImageObject'>\r\n\t\t\t\t\t<span itemprop='url'>https:\/\/infocov.uniri.hr\/wp-content\/uploads\/2020\/10\/infocov-icon.png<\/span>\r\n\t\t\t\t<\/span>\r\n\t\t\t<\/span>\r\n\t\t\t\t\t\t<time class=\"eut-structured-data date published\" itemprop=\"datePublished\" datetime=\"2020-07-15T13:23:05+00:00\">15 srpnja, 2020<\/time>\r\n\t\t\t<time class=\"eut-structured-data date updated\" itemprop=\"dateModified\"  datetime=\"2020-11-08T01:51:40+00:00\">8 studenoga, 2020<\/time>\r\n\t\t\t<span class=\"eut-structured-data\" itemprop=\"mainEntityOfPage\" itemscope itemtype=\"http:\/\/schema.org\/WebPage\" itemid=\"https:\/\/infocov.uniri.hr\/hr\/multilayer-framework-for-the-information-spreading-characterization-in-social-media-during-the-covid-19-crisis-infocov\/\"><\/span>\r\n\t\t<\/span>\r\n\t\t\t\t\t\t\t\t\t\t\t\t\t\t\t\t\t\t\t\t<ul class=\"eut-post-meta\">\r\n\t\t\t\t\t\t\t\t\t\t<li class=\"eut-post-date\">\t<time class=\"\" datetime=\"2020-07-15T13:23:05+00:00\">\r\n\t\t15 srpnja, 2020\t<\/time>\r\n<\/li>\t\t\t\t\t\t\t\t\t\t<\/ul>\r\n\t\t\t\t\t\t\t\t\t\t\t\t\t\t\t\t\t\t\t\t\t\t\t\t\t\t\t<a href=\"https:\/\/infocov.uniri.hr\/hr\/multilayer-framework-for-the-information-spreading-characterization-in-social-media-during-the-covid-19-crisis-infocov\/\" rel=\"bookmark\"><h2 class=\"eut-post-title eut-h2\" itemprop=\"headline\">Vi\u0161eslojni okvir za karakterizaciju \u0161irenja informacija putem dru\u0161tvenih medija tijekom krize COVID-19<\/h2><\/a>\t\t\t\t\t\t\t\t<\/div>\r\n\t\t\t\t\t\t\t\t<div itemprop=\"articleBody\"><\/div>\t\t\t\t\t\t\t<\/div>\r\n\t\t\t\t\t\t<\/div>\r\n\t\t\t\t\t\r\n\t\t\t\t<\/div>\t\t\t<\/article>\r\n\r\n\t\t\t<\/div>\r\n\t\t<\/div>\r\n[\/vc_column][\/vc_row]<\/p>\n","protected":false},"excerpt":{"rendered":"<p>[vc_row padding_top_multiplier=&#8221;5x&#8221; padding_bottom_multiplier=&#8221;&#8221;][vc_column width=&#8221;1\/6&#8243;][\/vc_column][vc_column width=&#8221;2\/3&#8243; text_align=&#8221;center&#8221; column_effect=&#8221;vertical-parallax&#8221; column_effect_limit=&#8221;6x&#8221; css=&#8221;.vc_custom_1602846069638{padding-top: 100px !important;}&#8221;][\/vc_column][vc_column width=&#8221;1\/6&#8243;][\/vc_column][\/vc_row][vc_row padding_top_multiplier=&#8221;&#8221; padding_bottom_multiplier=&#8221;4x&#8221;][vc_column text_align=&#8221;center&#8221; column_effect=&#8221;vertical-parallax&#8221; column_effect_limit=&#8221;6x&#8221; css=&#8221;.vc_custom_1602845936582{margin-top: 0px !important;}&#8221;][\/vc_column][\/vc_row]<\/p>\n","protected":false},"author":1,"featured_media":0,"parent":0,"menu_order":0,"comment_status":"closed","ping_status":"closed","template":"","meta":{"footnotes":""},"class_list":["post-7103","page","type-page","status-publish","hentry"],"yoast_head":"<!-- This site is optimized with the Yoast SEO plugin v24.5 - https:\/\/yoast.com\/wordpress\/plugins\/seo\/ -->\n<title>Blog - InfoCoV<\/title>\n<meta name=\"robots\" content=\"index, follow, max-snippet:-1, max-image-preview:large, max-video-preview:-1\" \/>\n<link rel=\"canonical\" href=\"https:\/\/infocov.uniri.hr\/hr\/blog\/\" \/>\n<meta property=\"og:locale\" content=\"hr_HR\" \/>\n<meta property=\"og:type\" content=\"article\" \/>\n<meta property=\"og:title\" content=\"Blog - InfoCoV\" \/>\n<meta property=\"og:description\" content=\"[vc_row padding_top_multiplier=&#8221;5x&#8221; padding_bottom_multiplier=&#8221;&#8221;][vc_column width=&#8221;1\/6&#8243;][\/vc_column][vc_column width=&#8221;2\/3&#8243; text_align=&#8221;center&#8221; column_effect=&#8221;vertical-parallax&#8221; column_effect_limit=&#8221;6x&#8221; css=&#8221;.vc_custom_1602846069638{padding-top: 100px !important;}&#8221;][\/vc_column][vc_column width=&#8221;1\/6&#8243;][\/vc_column][\/vc_row][vc_row padding_top_multiplier=&#8221;&#8221; padding_bottom_multiplier=&#8221;4x&#8221;][vc_column text_align=&#8221;center&#8221; column_effect=&#8221;vertical-parallax&#8221; column_effect_limit=&#8221;6x&#8221; css=&#8221;.vc_custom_1602845936582{margin-top: 0px !important;}&#8221;][\/vc_column][\/vc_row]\" \/>\n<meta property=\"og:url\" content=\"https:\/\/infocov.uniri.hr\/hr\/blog\/\" \/>\n<meta property=\"og:site_name\" content=\"InfoCoV\" \/>\n<meta property=\"article:modified_time\" content=\"2022-02-21T11:45:19+00:00\" \/>\n<meta property=\"og:image\" content=\"https:\/\/infocov.uniri.hr\/wp-content\/uploads\/2020\/10\/twitter-image.png\" \/>\n\t<meta property=\"og:image:width\" content=\"1200\" \/>\n\t<meta property=\"og:image:height\" content=\"600\" \/>\n\t<meta property=\"og:image:type\" content=\"image\/png\" \/>\n<meta name=\"twitter:card\" content=\"summary_large_image\" \/>\n<meta name=\"twitter:label1\" content=\"Procijenjeno vrijeme \u010ditanja\" \/>\n\t<meta name=\"twitter:data1\" content=\"1 minuta\" \/>\n<script type=\"application\/ld+json\" class=\"yoast-schema-graph\">{\"@context\":\"https:\/\/schema.org\",\"@graph\":[{\"@type\":\"WebPage\",\"@id\":\"https:\/\/infocov.uniri.hr\/hr\/blog\/\",\"url\":\"https:\/\/infocov.uniri.hr\/hr\/blog\/\",\"name\":\"Blog - InfoCoV\",\"isPartOf\":{\"@id\":\"https:\/\/infocov.uniri.hr\/hr\/#website\"},\"datePublished\":\"2020-10-16T13:23:53+00:00\",\"dateModified\":\"2022-02-21T11:45:19+00:00\",\"breadcrumb\":{\"@id\":\"https:\/\/infocov.uniri.hr\/hr\/blog\/#breadcrumb\"},\"inLanguage\":\"hr\",\"potentialAction\":[{\"@type\":\"ReadAction\",\"target\":[\"https:\/\/infocov.uniri.hr\/hr\/blog\/\"]}]},{\"@type\":\"BreadcrumbList\",\"@id\":\"https:\/\/infocov.uniri.hr\/hr\/blog\/#breadcrumb\",\"itemListElement\":[{\"@type\":\"ListItem\",\"position\":1,\"name\":\"Home\",\"item\":\"https:\/\/infocov.uniri.hr\/hr\/\"},{\"@type\":\"ListItem\",\"position\":2,\"name\":\"Blog\"}]},{\"@type\":\"WebSite\",\"@id\":\"https:\/\/infocov.uniri.hr\/hr\/#website\",\"url\":\"https:\/\/infocov.uniri.hr\/hr\/\",\"name\":\"InfoCoV\",\"description\":\"Multilayer framework for the information spreading characterization in social media during the Covid-19 crisis\",\"potentialAction\":[{\"@type\":\"SearchAction\",\"target\":{\"@type\":\"EntryPoint\",\"urlTemplate\":\"https:\/\/infocov.uniri.hr\/hr\/?s={search_term_string}\"},\"query-input\":{\"@type\":\"PropertyValueSpecification\",\"valueRequired\":true,\"valueName\":\"search_term_string\"}}],\"inLanguage\":\"hr\"}]}<\/script>\n<!-- \/ Yoast SEO plugin. -->","yoast_head_json":{"title":"Blog - InfoCoV","robots":{"index":"index","follow":"follow","max-snippet":"max-snippet:-1","max-image-preview":"max-image-preview:large","max-video-preview":"max-video-preview:-1"},"canonical":"https:\/\/infocov.uniri.hr\/hr\/blog\/","og_locale":"hr_HR","og_type":"article","og_title":"Blog - InfoCoV","og_description":"[vc_row padding_top_multiplier=&#8221;5x&#8221; padding_bottom_multiplier=&#8221;&#8221;][vc_column width=&#8221;1\/6&#8243;][\/vc_column][vc_column width=&#8221;2\/3&#8243; text_align=&#8221;center&#8221; column_effect=&#8221;vertical-parallax&#8221; column_effect_limit=&#8221;6x&#8221; css=&#8221;.vc_custom_1602846069638{padding-top: 100px !important;}&#8221;][\/vc_column][vc_column width=&#8221;1\/6&#8243;][\/vc_column][\/vc_row][vc_row padding_top_multiplier=&#8221;&#8221; padding_bottom_multiplier=&#8221;4x&#8221;][vc_column text_align=&#8221;center&#8221; column_effect=&#8221;vertical-parallax&#8221; column_effect_limit=&#8221;6x&#8221; css=&#8221;.vc_custom_1602845936582{margin-top: 0px !important;}&#8221;][\/vc_column][\/vc_row]","og_url":"https:\/\/infocov.uniri.hr\/hr\/blog\/","og_site_name":"InfoCoV","article_modified_time":"2022-02-21T11:45:19+00:00","og_image":[{"width":1200,"height":600,"url":"https:\/\/infocov.uniri.hr\/wp-content\/uploads\/2020\/10\/twitter-image.png","type":"image\/png"}],"twitter_card":"summary_large_image","twitter_misc":{"Procijenjeno vrijeme \u010ditanja":"1 minuta"},"schema":{"@context":"https:\/\/schema.org","@graph":[{"@type":"WebPage","@id":"https:\/\/infocov.uniri.hr\/hr\/blog\/","url":"https:\/\/infocov.uniri.hr\/hr\/blog\/","name":"Blog - InfoCoV","isPartOf":{"@id":"https:\/\/infocov.uniri.hr\/hr\/#website"},"datePublished":"2020-10-16T13:23:53+00:00","dateModified":"2022-02-21T11:45:19+00:00","breadcrumb":{"@id":"https:\/\/infocov.uniri.hr\/hr\/blog\/#breadcrumb"},"inLanguage":"hr","potentialAction":[{"@type":"ReadAction","target":["https:\/\/infocov.uniri.hr\/hr\/blog\/"]}]},{"@type":"BreadcrumbList","@id":"https:\/\/infocov.uniri.hr\/hr\/blog\/#breadcrumb","itemListElement":[{"@type":"ListItem","position":1,"name":"Home","item":"https:\/\/infocov.uniri.hr\/hr\/"},{"@type":"ListItem","position":2,"name":"Blog"}]},{"@type":"WebSite","@id":"https:\/\/infocov.uniri.hr\/hr\/#website","url":"https:\/\/infocov.uniri.hr\/hr\/","name":"InfoCoV","description":"Multilayer framework for the information spreading characterization in social media during the Covid-19 crisis","potentialAction":[{"@type":"SearchAction","target":{"@type":"EntryPoint","urlTemplate":"https:\/\/infocov.uniri.hr\/hr\/?s={search_term_string}"},"query-input":{"@type":"PropertyValueSpecification","valueRequired":true,"valueName":"search_term_string"}}],"inLanguage":"hr"}]}},"_links":{"self":[{"href":"https:\/\/infocov.uniri.hr\/hr\/wp-json\/wp\/v2\/pages\/7103","targetHints":{"allow":["GET"]}}],"collection":[{"href":"https:\/\/infocov.uniri.hr\/hr\/wp-json\/wp\/v2\/pages"}],"about":[{"href":"https:\/\/infocov.uniri.hr\/hr\/wp-json\/wp\/v2\/types\/page"}],"author":[{"embeddable":true,"href":"https:\/\/infocov.uniri.hr\/hr\/wp-json\/wp\/v2\/users\/1"}],"replies":[{"embeddable":true,"href":"https:\/\/infocov.uniri.hr\/hr\/wp-json\/wp\/v2\/comments?post=7103"}],"version-history":[{"count":0,"href":"https:\/\/infocov.uniri.hr\/hr\/wp-json\/wp\/v2\/pages\/7103\/revisions"}],"wp:attachment":[{"href":"https:\/\/infocov.uniri.hr\/hr\/wp-json\/wp\/v2\/media?parent=7103"}],"curies":[{"name":"wp","href":"https:\/\/api.w.org\/{rel}","templated":true}]}}