{"id":7129,"date":"2020-10-15T15:04:17","date_gmt":"2020-10-15T15:04:17","guid":{"rendered":"https:\/\/infocov.uniri.hr\/methodology\/"},"modified":"2020-11-07T01:57:40","modified_gmt":"2020-11-07T01:57:40","slug":"metodologija","status":"publish","type":"page","link":"https:\/\/infocov.uniri.hr\/hr\/metodologija\/","title":{"rendered":"Metodologija"},"content":{"rendered":"<p>[vc_row padding_top_multiplier=&#8221;6x&#8221; padding_bottom_multiplier=&#8221;4x&#8221;][vc_column width=&#8221;1\/6&#8243;][\/vc_column][vc_column width=&#8221;2\/3&#8243; text_align=&#8221;center&#8221; column_effect=&#8221;vertical-parallax&#8221; column_effect_limit=&#8221;6x&#8221;]<h3 class=\"eut-element eut-title eut-align-inherit eut-h4\" style=\"\"><span>Metodologija<\/span><\/h3><div class=\"eut-element eut-divider\" style=\"\"><div class=\"eut-line-divider eut-border\"><\/div><\/div>[vc_column_text css=&#8221;.vc_custom_1604714242119{margin-bottom: 30px !important;padding-top: 50px !important;}&#8221;]U istra\u017eivanju predla\u017eemo formalizam koji integrira tri aspekta zna\u010dajki \u0161irenja informacija: <strong>sadr\u017eaj poruke, kontekst \u0161irenja u dru\u0161tvenim mre\u017eama i dinamiku \u0161irenja<\/strong>.<br \/>\n.<\/p>\n<p>U okviru predlo\u017eenog formalizma definirat \u0107emo skup pristupa koji omogu\u0107avaju kvantitativnu i kvalitativnu analizu tekstualnih podataka prikupljenih iz dru\u0161tvenih medija. Cilj takve analize je da se identificiraju zna\u010dajke prema kojima mo\u017eemo razlikovati razli\u010dite obrasce \u0161irenja informacija. To je prvi korak prema definiciji algoritama za automatsku klasifikaciju informacija.[\/vc_column_text][\/vc_column][vc_column width=&#8221;1\/6&#8243;][\/vc_column][\/vc_row][vc_row height_ratio=&#8221;50&#8243; padding_top_multiplier=&#8221;2x&#8221; rc_bg_type=&#8221;image&#8221; rc_bg_image=&#8221;6292&#8243; rc_bg_image_type=&#8221;horizontal-parallax-rl&#8221; rc_bg_image_size=&#8221;full&#8221; rc_bg_parallax_threshold=&#8221;0.5&#8243;][vc_column vertical_content_position=&#8221;bottom&#8221; text_align=&#8221;center&#8221;][vc_row_inner][vc_column_inner width=&#8221;1\/6&#8243;][\/vc_column_inner][vc_column_inner width=&#8221;1\/6&#8243;][\/vc_column_inner][\/vc_row_inner]<div class=\"eut-element eut-image eut-align-center\" style=\"\"><div class=\"eut-image-wrapper eut-popup-item\" style=\"max-width:772px;\"><div class=\"eut-thumbnail-wrapper\"  style=\"max-width: 772px;\"><div class=\"eut-thumbnail\"  style=\"padding-top: 19.43%;\"><img loading=\"lazy\" decoding=\"async\" width=\"772\" height=\"150\" src=\"https:\/\/infocov.uniri.hr\/wp-content\/uploads\/2020\/10\/infoBlack_type.png\" class=\"attachment-full size-full\" alt=\"\" data-eutf-filter=\"yes\" srcset=\"https:\/\/infocov.uniri.hr\/wp-content\/uploads\/2020\/10\/infoBlack_type.png 772w, https:\/\/infocov.uniri.hr\/wp-content\/uploads\/2020\/10\/infoBlack_type-300x58.png 300w, https:\/\/infocov.uniri.hr\/wp-content\/uploads\/2020\/10\/infoBlack_type-768x149.png 768w\" sizes=\"auto, (max-width: 772px) 100vw, 772px\" \/><\/div><\/div>  <\/div><\/div>[\/vc_column][\/vc_row][vc_row padding_top_multiplier=&#8221;2x&#8221; padding_bottom_multiplier=&#8221;4x&#8221;][vc_column width=&#8221;1\/6&#8243;][\/vc_column][vc_column width=&#8221;2\/3&#8243; text_align=&#8221;center&#8221; column_effect=&#8221;vertical-parallax&#8221; column_effect_limit=&#8221;6x&#8221;][vc_column_text css=&#8221;.vc_custom_1604714258986{margin-bottom: 30px !important;}&#8221;]Analiza na razini sadr\u017eaja (content-based analysis) fokusira se na zna\u010denje tekstualne informacije i oslanja se na razli\u010dite pristupe iz podru\u010dja ra\u010dunalne analize jezika. U istra\u017eivanju \u0107emo primijeniti skup metoda i tehnika koje se zasnivaju na neuronskim mre\u017eama i dubokom u\u010denju (R. Collobert et al., 2011; Q. Le &amp; t. Mikolov, 2013; LeCun, Bengio &amp; Hinton, 2015). Tako\u0111er, koristit \u0107emo i neke klasi\u010dne pristupe iz podru\u010dja ra\u010dunalne analize prirodnog jezika (C. Manning &amp; H. Sch\u00fctze, 1999). Primijenit \u0107emo postupke izlu\u010divanja klju\u010dnih rije\u010di, klasifikacije tekstova, analize sentimenta, idr.<\/p>\n<p>Analiza na razini konteksta (context-based analysis) podrazumijeva analizu \u0161irenja informacija na dru\u0161tvenim mre\u017eama uzimaju\u0107i u obzir globalnu sredi\u0161nju i lokalnu razinu mre\u017ee (A. R\u00e9ka &amp; A. Barab\u00e1si, 2002; S. Boccaletti et al., 2006). Dodatno, analiza obuhva\u0107a razli\u010dite slojeve \u0161irenja poruke s ciljem objedinjavanja razli\u010ditih aspekata \u0161irenja poruke (npr. tweet, retweet, quote, mention) na razli\u010ditim platformama. Tako je mogu\u0107e u analizu uklju\u010diti veze unutar jednog sloja (inter-layer connections) i veze izme\u0111u slojeva (intra-layer connections).<\/p>\n<p>Analiza na razini dinamike (dynamic-based analysis) bavit \u0107e se kaskadnom dinamikom mre\u017ee \u0161irenja poruka (J. Mahdi &amp; M. Perc, 2017; D. Brien et al., 2019). Analiza dinamike zapravo obuhva\u0107a temporalni aspekt odvijana korisni\u010dkih aktivnosti oko \u0161irenja poruke kao \u0161to su dijeljenje sadr\u017eaja, komentiranje sadr\u017eaja, \u201elajkanje\u201c sadr\u017eaja.[\/vc_column_text][\/vc_column][vc_column width=&#8221;1\/6&#8243;][\/vc_column][\/vc_row]<\/p>\n","protected":false},"excerpt":{"rendered":"<p>[vc_row padding_top_multiplier=&#8221;6x&#8221; padding_bottom_multiplier=&#8221;4x&#8221;][vc_column width=&#8221;1\/6&#8243;][\/vc_column][vc_column width=&#8221;2\/3&#8243; text_align=&#8221;center&#8221; column_effect=&#8221;vertical-parallax&#8221; column_effect_limit=&#8221;6x&#8221;][vc_column_text css=&#8221;.vc_custom_1604714242119{margin-bottom: 30px !important;padding-top: 50px !important;}&#8221;]U istra\u017eivanju predla\u017eemo formalizam koji integrira tri aspekta zna\u010dajki \u0161irenja informacija: sadr\u017eaj poruke, kontekst \u0161irenja u dru\u0161tvenim mre\u017eama i dinamiku \u0161irenja. . U okviru predlo\u017eenog formalizma definirat \u0107emo skup pristupa koji omogu\u0107avaju kvantitativnu i kvalitativnu analizu tekstualnih podataka prikupljenih iz dru\u0161tvenih medija. Cilj [&hellip;]<\/p>\n","protected":false},"author":1,"featured_media":0,"parent":0,"menu_order":0,"comment_status":"closed","ping_status":"closed","template":"","meta":{"footnotes":""},"class_list":["post-7129","page","type-page","status-publish","hentry"],"yoast_head":"<!-- This site is optimized with the Yoast SEO plugin v24.5 - https:\/\/yoast.com\/wordpress\/plugins\/seo\/ -->\n<title>Metodologija - InfoCoV<\/title>\n<meta name=\"robots\" content=\"index, follow, max-snippet:-1, max-image-preview:large, max-video-preview:-1\" \/>\n<link rel=\"canonical\" href=\"https:\/\/infocov.uniri.hr\/hr\/metodologija\/\" \/>\n<meta property=\"og:locale\" content=\"hr_HR\" \/>\n<meta property=\"og:type\" content=\"article\" \/>\n<meta property=\"og:title\" content=\"Metodologija - InfoCoV\" \/>\n<meta property=\"og:description\" content=\"[vc_row padding_top_multiplier=&#8221;6x&#8221; padding_bottom_multiplier=&#8221;4x&#8221;][vc_column width=&#8221;1\/6&#8243;][\/vc_column][vc_column width=&#8221;2\/3&#8243; text_align=&#8221;center&#8221; column_effect=&#8221;vertical-parallax&#8221; column_effect_limit=&#8221;6x&#8221;][vc_column_text css=&#8221;.vc_custom_1604714242119{margin-bottom: 30px !important;padding-top: 50px !important;}&#8221;]U istra\u017eivanju predla\u017eemo formalizam koji integrira tri aspekta zna\u010dajki \u0161irenja informacija: sadr\u017eaj poruke, kontekst \u0161irenja u dru\u0161tvenim mre\u017eama i dinamiku \u0161irenja. . U okviru predlo\u017eenog formalizma definirat \u0107emo skup pristupa koji omogu\u0107avaju kvantitativnu i kvalitativnu analizu tekstualnih podataka prikupljenih iz dru\u0161tvenih medija. Cilj [&hellip;]\" \/>\n<meta property=\"og:url\" content=\"https:\/\/infocov.uniri.hr\/hr\/metodologija\/\" \/>\n<meta property=\"og:site_name\" content=\"InfoCoV\" \/>\n<meta property=\"article:modified_time\" content=\"2020-11-07T01:57:40+00:00\" \/>\n<meta property=\"og:image\" content=\"https:\/\/infocov.uniri.hr\/wp-content\/uploads\/2020\/10\/twitter-image.png\" \/>\n\t<meta property=\"og:image:width\" content=\"1200\" \/>\n\t<meta property=\"og:image:height\" content=\"600\" \/>\n\t<meta property=\"og:image:type\" content=\"image\/png\" \/>\n<meta name=\"twitter:card\" content=\"summary_large_image\" \/>\n<meta name=\"twitter:label1\" content=\"Procijenjeno vrijeme \u010ditanja\" \/>\n\t<meta name=\"twitter:data1\" content=\"2 minute\" \/>\n<script type=\"application\/ld+json\" class=\"yoast-schema-graph\">{\"@context\":\"https:\/\/schema.org\",\"@graph\":[{\"@type\":\"WebPage\",\"@id\":\"https:\/\/infocov.uniri.hr\/hr\/metodologija\/\",\"url\":\"https:\/\/infocov.uniri.hr\/hr\/metodologija\/\",\"name\":\"Metodologija - InfoCoV\",\"isPartOf\":{\"@id\":\"https:\/\/infocov.uniri.hr\/hr\/#website\"},\"datePublished\":\"2020-10-15T15:04:17+00:00\",\"dateModified\":\"2020-11-07T01:57:40+00:00\",\"breadcrumb\":{\"@id\":\"https:\/\/infocov.uniri.hr\/hr\/metodologija\/#breadcrumb\"},\"inLanguage\":\"hr\",\"potentialAction\":[{\"@type\":\"ReadAction\",\"target\":[\"https:\/\/infocov.uniri.hr\/hr\/metodologija\/\"]}]},{\"@type\":\"BreadcrumbList\",\"@id\":\"https:\/\/infocov.uniri.hr\/hr\/metodologija\/#breadcrumb\",\"itemListElement\":[{\"@type\":\"ListItem\",\"position\":1,\"name\":\"Home\",\"item\":\"https:\/\/infocov.uniri.hr\/hr\/\"},{\"@type\":\"ListItem\",\"position\":2,\"name\":\"Metodologija\"}]},{\"@type\":\"WebSite\",\"@id\":\"https:\/\/infocov.uniri.hr\/hr\/#website\",\"url\":\"https:\/\/infocov.uniri.hr\/hr\/\",\"name\":\"InfoCoV\",\"description\":\"Multilayer framework for the information spreading characterization in social media during the Covid-19 crisis\",\"potentialAction\":[{\"@type\":\"SearchAction\",\"target\":{\"@type\":\"EntryPoint\",\"urlTemplate\":\"https:\/\/infocov.uniri.hr\/hr\/?s={search_term_string}\"},\"query-input\":{\"@type\":\"PropertyValueSpecification\",\"valueRequired\":true,\"valueName\":\"search_term_string\"}}],\"inLanguage\":\"hr\"}]}<\/script>\n<!-- \/ Yoast SEO plugin. -->","yoast_head_json":{"title":"Metodologija - InfoCoV","robots":{"index":"index","follow":"follow","max-snippet":"max-snippet:-1","max-image-preview":"max-image-preview:large","max-video-preview":"max-video-preview:-1"},"canonical":"https:\/\/infocov.uniri.hr\/hr\/metodologija\/","og_locale":"hr_HR","og_type":"article","og_title":"Metodologija - InfoCoV","og_description":"[vc_row padding_top_multiplier=&#8221;6x&#8221; padding_bottom_multiplier=&#8221;4x&#8221;][vc_column width=&#8221;1\/6&#8243;][\/vc_column][vc_column width=&#8221;2\/3&#8243; text_align=&#8221;center&#8221; column_effect=&#8221;vertical-parallax&#8221; column_effect_limit=&#8221;6x&#8221;][vc_column_text css=&#8221;.vc_custom_1604714242119{margin-bottom: 30px !important;padding-top: 50px !important;}&#8221;]U istra\u017eivanju predla\u017eemo formalizam koji integrira tri aspekta zna\u010dajki \u0161irenja informacija: sadr\u017eaj poruke, kontekst \u0161irenja u dru\u0161tvenim mre\u017eama i dinamiku \u0161irenja. . U okviru predlo\u017eenog formalizma definirat \u0107emo skup pristupa koji omogu\u0107avaju kvantitativnu i kvalitativnu analizu tekstualnih podataka prikupljenih iz dru\u0161tvenih medija. Cilj [&hellip;]","og_url":"https:\/\/infocov.uniri.hr\/hr\/metodologija\/","og_site_name":"InfoCoV","article_modified_time":"2020-11-07T01:57:40+00:00","og_image":[{"width":1200,"height":600,"url":"https:\/\/infocov.uniri.hr\/wp-content\/uploads\/2020\/10\/twitter-image.png","type":"image\/png"}],"twitter_card":"summary_large_image","twitter_misc":{"Procijenjeno vrijeme \u010ditanja":"2 minute"},"schema":{"@context":"https:\/\/schema.org","@graph":[{"@type":"WebPage","@id":"https:\/\/infocov.uniri.hr\/hr\/metodologija\/","url":"https:\/\/infocov.uniri.hr\/hr\/metodologija\/","name":"Metodologija - InfoCoV","isPartOf":{"@id":"https:\/\/infocov.uniri.hr\/hr\/#website"},"datePublished":"2020-10-15T15:04:17+00:00","dateModified":"2020-11-07T01:57:40+00:00","breadcrumb":{"@id":"https:\/\/infocov.uniri.hr\/hr\/metodologija\/#breadcrumb"},"inLanguage":"hr","potentialAction":[{"@type":"ReadAction","target":["https:\/\/infocov.uniri.hr\/hr\/metodologija\/"]}]},{"@type":"BreadcrumbList","@id":"https:\/\/infocov.uniri.hr\/hr\/metodologija\/#breadcrumb","itemListElement":[{"@type":"ListItem","position":1,"name":"Home","item":"https:\/\/infocov.uniri.hr\/hr\/"},{"@type":"ListItem","position":2,"name":"Metodologija"}]},{"@type":"WebSite","@id":"https:\/\/infocov.uniri.hr\/hr\/#website","url":"https:\/\/infocov.uniri.hr\/hr\/","name":"InfoCoV","description":"Multilayer framework for the information spreading characterization in social media during the Covid-19 crisis","potentialAction":[{"@type":"SearchAction","target":{"@type":"EntryPoint","urlTemplate":"https:\/\/infocov.uniri.hr\/hr\/?s={search_term_string}"},"query-input":{"@type":"PropertyValueSpecification","valueRequired":true,"valueName":"search_term_string"}}],"inLanguage":"hr"}]}},"_links":{"self":[{"href":"https:\/\/infocov.uniri.hr\/hr\/wp-json\/wp\/v2\/pages\/7129","targetHints":{"allow":["GET"]}}],"collection":[{"href":"https:\/\/infocov.uniri.hr\/hr\/wp-json\/wp\/v2\/pages"}],"about":[{"href":"https:\/\/infocov.uniri.hr\/hr\/wp-json\/wp\/v2\/types\/page"}],"author":[{"embeddable":true,"href":"https:\/\/infocov.uniri.hr\/hr\/wp-json\/wp\/v2\/users\/1"}],"replies":[{"embeddable":true,"href":"https:\/\/infocov.uniri.hr\/hr\/wp-json\/wp\/v2\/comments?post=7129"}],"version-history":[{"count":0,"href":"https:\/\/infocov.uniri.hr\/hr\/wp-json\/wp\/v2\/pages\/7129\/revisions"}],"wp:attachment":[{"href":"https:\/\/infocov.uniri.hr\/hr\/wp-json\/wp\/v2\/media?parent=7129"}],"curies":[{"name":"wp","href":"https:\/\/api.w.org\/{rel}","templated":true}]}}