{"id":7140,"date":"2018-08-26T14:15:54","date_gmt":"2018-08-26T14:15:54","guid":{"rendered":"https:\/\/infocov.uniri.hr\/project-description\/"},"modified":"2020-11-07T01:52:17","modified_gmt":"2020-11-07T01:52:17","slug":"opis-projekta","status":"publish","type":"page","link":"https:\/\/infocov.uniri.hr\/hr\/opis-projekta\/","title":{"rendered":"Opis projekta"},"content":{"rendered":"<p>[vc_row height_ratio=&#8221;100&#8243; tablet_sm_height_ratio=&#8221;80&#8243; mobile_height_ratio=&#8221;100&#8243; min_height=&#8221;450&#8243; rc_font_color=&#8221;#ffffff&#8221;][vc_column width=&#8221;1\/2&#8243; vertical_content_position=&#8221;middle&#8221; tablet_sm_width=&#8221;2-3&#8243;]<div class=\"eut-element eut-image eut-align-center\" style=\"\"><div class=\"eut-image-wrapper eut-popup-item\" style=\"max-width:772px;\"><div class=\"eut-thumbnail-wrapper\"  style=\"max-width: 772px;\"><div class=\"eut-thumbnail\"  style=\"padding-top: 19.43%;\"><img loading=\"lazy\" decoding=\"async\" width=\"772\" height=\"150\" src=\"https:\/\/infocov.uniri.hr\/wp-content\/uploads\/2020\/10\/infoBlack_type_white.png\" class=\"attachment-full size-full\" alt=\"\" data-eutf-filter=\"yes\" srcset=\"https:\/\/infocov.uniri.hr\/wp-content\/uploads\/2020\/10\/infoBlack_type_white.png 772w, https:\/\/infocov.uniri.hr\/wp-content\/uploads\/2020\/10\/infoBlack_type_white-300x58.png 300w, https:\/\/infocov.uniri.hr\/wp-content\/uploads\/2020\/10\/infoBlack_type_white-768x149.png 768w\" sizes=\"auto, (max-width: 772px) 100vw, 772px\" \/><\/div><\/div>  <\/div><\/div><div class=\"eut-element eut-title eut-align-inherit eut-animated-item eut-duration-very-slow eut-fade-in eut-h3\" style=\"\" data-delay=\"400\"><span><span style=\"color: #ffffff;\">Opis projekta<\/span><\/span><\/div>[\/vc_column][vc_column width=&#8221;1\/2&#8243; tablet_sm_width=&#8221;1-3&#8243; mobile_width=&#8221;hide&#8221;][\/vc_column][\/vc_row][vc_row padding_top_multiplier=&#8221;custom&#8221; padding_bottom_multiplier=&#8221;custom&#8221; rc_bg_type=&#8221;gradient&#8221; rc_bg_gradient_color_1=&#8221;rgba(0,0,0,0.01)&#8221; rc_bg_gradient_color_2=&#8221;#000000&#8243; rc_bg_gradient_direction=&#8221;180&#8243; rc_font_color=&#8221;#ffffff&#8221; padding_top=&#8221;10%&#8221; padding_bottom=&#8221;10%&#8221; section_id=&#8221;descp&#8221;][vc_column width=&#8221;1\/2&#8243; rc_heading_color=&#8221;light&#8221;]<div class=\"eut-empty-space eut-height-1x\" style=\"\"><\/div>[vc_column_text animation_delay=&#8221;1200&#8243; animation_duration=&#8221;slow&#8221;]<br \/>\nProjekt \u201eVi\u0161eslojni okvir za karakterizaciju \u0161irenja informacija putem dru\u0161tvenih medija tijekom krize COVID-19\u201c koji financira HRZZ bavit \u0107e se istra\u017eivanjima obrazaca \u0161irenja informacija u vrijeme pandemije COVID-19. Istra\u017eivanje komunikacije koja se odvija putem dru\u0161tvenih medija od velike je va\u017enosti u kriznim situacijama jer mo\u017ee pomo\u0107i u ubla\u017eavanju straha i neizvjesnosti, te osna\u017eivanju odgovornog individualnog i grupnog pona\u0161anja. Primjerice, automatska detekcija la\u017enih vijesti (engl. fake news) mo\u017ee pomo\u0107i u prevenciji \u0161irenja dezinformacija. Nadalje, primjenom kvantitativne i kvalitativne analize javno objavljenih poruka koje se \u0161ire putem dru\u0161tvenih mre\u017ea mogu\u0107e je prepoznati koje se teme vezano uz COVID-19 komentiraju s pozitivno, a koje s negativno iznesenim stavovima, \u0161to daje dobar uvid u dru\u0161tveni aspekt pandemije. [\/vc_column_text]<div class=\"eut-empty-space eut-height-1x\" style=\"\"><\/div><div class=\"eut-empty-space eut-height-1x\" style=\"\"><\/div>[vc_column_text animation=&#8221;eut-fade-in-left&#8221; animation_delay=&#8221;1200&#8243; animation_duration=&#8221;slow&#8221;]Danas su u podru\u010dju umjetne inteligencije razvijeni napredni postupci koji omogu\u0107avaju relativno uspje\u0161nu automatsku klasifikaciju pozitivnih i negativnih poruka, detekciju la\u017enih vijesti i sli\u010dno. Me\u0111utim, kriza COVID-19 donosi nove izazove zbog intenzivne komunikacije putem dru\u0161tvenih medija, koja je rezultirala velikim skupovima tekstualnih podataka.<br \/>\nStoga je cilj na\u0161eg istra\u017eivanja definirati vi\u0161eslojni okvir koji obuhva\u0107a razli\u010dite aspekte \u0161irenja informacije i objedinjuje razli\u010dite pristupe za analizu velikih koli\u010dina podataka kao \u0161to su duboko u\u010denje i metode analiza dru\u0161tvenih mre\u017ea. Ideja istra\u017eivanja je da se informacija, koja se \u0161iri u obliku tekstualne poruke na dru\u0161tvenoj, mre\u017ei opi\u0161e tako da se objedini niz zna\u010dajki koje uklju\u010duju: sadr\u017eaj poruke, svojstva korisnika koji dijele poruku na dru\u0161tvenoj mre\u017ei, te dinamiku \u0161irenja poruke na dru\u0161tvenoj mre\u017ei. Ako se sva ta svojstva pretvore u odgovaraju\u0107i numeri\u010dki zapis, mogu\u0107e je razviti algoritme koji \u0107e prepoznavati obrasce \u0161irenja odre\u0111enih klasa poruka.<\/p>\n<p>O\u010dekujemo da \u0107e rezultati ovoga projekta omogu\u0107iti bolje razumijevanje obrazaca \u0161irenja informacija i komunikacije vezane uz COVID-19. Osim postupaka za klasifikaciju poruka, va\u017ean ishod ovoga istra\u017eivanja bit \u0107e korpusi koji sadr\u017ee tekstove s naj\u010ditanijih internetskih portala te anonimizirane tekstualne objave na dru\u0161tvenim mre\u017eama, tematski povezane s krizom COVID-19 koji \u0107e biti javno dostupni i za druga istra\u017eivanja sli\u010dne tematike.[\/vc_column_text][\/vc_column][vc_column width=&#8221;1\/2&#8243;][\/vc_column][vc_column]<div class=\"eut-empty-space eut-height-4x\" style=\"\"><\/div>[\/vc_column][\/vc_row]<\/p>\n","protected":false},"excerpt":{"rendered":"<p>[vc_row height_ratio=&#8221;100&#8243; tablet_sm_height_ratio=&#8221;80&#8243; mobile_height_ratio=&#8221;100&#8243; min_height=&#8221;450&#8243; rc_font_color=&#8221;#ffffff&#8221;][vc_column width=&#8221;1\/2&#8243; vertical_content_position=&#8221;middle&#8221; tablet_sm_width=&#8221;2-3&#8243;][\/vc_column][vc_column width=&#8221;1\/2&#8243; tablet_sm_width=&#8221;1-3&#8243; mobile_width=&#8221;hide&#8221;][\/vc_column][\/vc_row][vc_row padding_top_multiplier=&#8221;custom&#8221; padding_bottom_multiplier=&#8221;custom&#8221; rc_bg_type=&#8221;gradient&#8221; rc_bg_gradient_color_1=&#8221;rgba(0,0,0,0.01)&#8221; rc_bg_gradient_color_2=&#8221;#000000&#8243; rc_bg_gradient_direction=&#8221;180&#8243; rc_font_color=&#8221;#ffffff&#8221; padding_top=&#8221;10%&#8221; padding_bottom=&#8221;10%&#8221; section_id=&#8221;descp&#8221;][vc_column width=&#8221;1\/2&#8243; rc_heading_color=&#8221;light&#8221;][vc_column_text animation_delay=&#8221;1200&#8243; animation_duration=&#8221;slow&#8221;] Projekt \u201eVi\u0161eslojni okvir za karakterizaciju \u0161irenja informacija putem dru\u0161tvenih medija tijekom krize COVID-19\u201c koji financira HRZZ bavit \u0107e se istra\u017eivanjima obrazaca \u0161irenja informacija u vrijeme pandemije COVID-19. Istra\u017eivanje komunikacije [&hellip;]<\/p>\n","protected":false},"author":1,"featured_media":0,"parent":0,"menu_order":0,"comment_status":"closed","ping_status":"closed","template":"","meta":{"footnotes":""},"class_list":["post-7140","page","type-page","status-publish","hentry"],"yoast_head":"<!-- This site is optimized with the Yoast SEO plugin v24.5 - https:\/\/yoast.com\/wordpress\/plugins\/seo\/ -->\n<title>Opis projekta - InfoCoV<\/title>\n<meta name=\"robots\" content=\"index, follow, max-snippet:-1, max-image-preview:large, max-video-preview:-1\" \/>\n<link rel=\"canonical\" href=\"https:\/\/infocov.uniri.hr\/hr\/opis-projekta\/\" \/>\n<meta property=\"og:locale\" content=\"hr_HR\" \/>\n<meta property=\"og:type\" content=\"article\" \/>\n<meta property=\"og:title\" content=\"Opis projekta - InfoCoV\" \/>\n<meta property=\"og:description\" content=\"[vc_row height_ratio=&#8221;100&#8243; tablet_sm_height_ratio=&#8221;80&#8243; mobile_height_ratio=&#8221;100&#8243; min_height=&#8221;450&#8243; rc_font_color=&#8221;#ffffff&#8221;][vc_column width=&#8221;1\/2&#8243; vertical_content_position=&#8221;middle&#8221; tablet_sm_width=&#8221;2-3&#8243;][\/vc_column][vc_column width=&#8221;1\/2&#8243; tablet_sm_width=&#8221;1-3&#8243; mobile_width=&#8221;hide&#8221;][\/vc_column][\/vc_row][vc_row padding_top_multiplier=&#8221;custom&#8221; padding_bottom_multiplier=&#8221;custom&#8221; rc_bg_type=&#8221;gradient&#8221; rc_bg_gradient_color_1=&#8221;rgba(0,0,0,0.01)&#8221; rc_bg_gradient_color_2=&#8221;#000000&#8243; rc_bg_gradient_direction=&#8221;180&#8243; rc_font_color=&#8221;#ffffff&#8221; padding_top=&#8221;10%&#8221; padding_bottom=&#8221;10%&#8221; section_id=&#8221;descp&#8221;][vc_column width=&#8221;1\/2&#8243; rc_heading_color=&#8221;light&#8221;][vc_column_text animation_delay=&#8221;1200&#8243; animation_duration=&#8221;slow&#8221;] Projekt \u201eVi\u0161eslojni okvir za karakterizaciju \u0161irenja informacija putem dru\u0161tvenih medija tijekom krize COVID-19\u201c koji financira HRZZ bavit \u0107e se istra\u017eivanjima obrazaca \u0161irenja informacija u vrijeme pandemije COVID-19. Istra\u017eivanje komunikacije [&hellip;]\" \/>\n<meta property=\"og:url\" content=\"https:\/\/infocov.uniri.hr\/hr\/opis-projekta\/\" \/>\n<meta property=\"og:site_name\" content=\"InfoCoV\" \/>\n<meta property=\"article:modified_time\" content=\"2020-11-07T01:52:17+00:00\" \/>\n<meta property=\"og:image\" content=\"https:\/\/infocov.uniri.hr\/wp-content\/uploads\/2020\/10\/twitter-image.png\" \/>\n\t<meta property=\"og:image:width\" content=\"1200\" \/>\n\t<meta property=\"og:image:height\" content=\"600\" \/>\n\t<meta property=\"og:image:type\" content=\"image\/png\" \/>\n<meta name=\"twitter:card\" content=\"summary_large_image\" \/>\n<meta name=\"twitter:label1\" content=\"Procijenjeno vrijeme \u010ditanja\" \/>\n\t<meta name=\"twitter:data1\" content=\"3 minute\" \/>\n<script type=\"application\/ld+json\" class=\"yoast-schema-graph\">{\"@context\":\"https:\/\/schema.org\",\"@graph\":[{\"@type\":\"WebPage\",\"@id\":\"https:\/\/infocov.uniri.hr\/hr\/opis-projekta\/\",\"url\":\"https:\/\/infocov.uniri.hr\/hr\/opis-projekta\/\",\"name\":\"Opis projekta - InfoCoV\",\"isPartOf\":{\"@id\":\"https:\/\/infocov.uniri.hr\/hr\/#website\"},\"datePublished\":\"2018-08-26T14:15:54+00:00\",\"dateModified\":\"2020-11-07T01:52:17+00:00\",\"breadcrumb\":{\"@id\":\"https:\/\/infocov.uniri.hr\/hr\/opis-projekta\/#breadcrumb\"},\"inLanguage\":\"hr\",\"potentialAction\":[{\"@type\":\"ReadAction\",\"target\":[\"https:\/\/infocov.uniri.hr\/hr\/opis-projekta\/\"]}]},{\"@type\":\"BreadcrumbList\",\"@id\":\"https:\/\/infocov.uniri.hr\/hr\/opis-projekta\/#breadcrumb\",\"itemListElement\":[{\"@type\":\"ListItem\",\"position\":1,\"name\":\"Home\",\"item\":\"https:\/\/infocov.uniri.hr\/hr\/\"},{\"@type\":\"ListItem\",\"position\":2,\"name\":\"Opis projekta\"}]},{\"@type\":\"WebSite\",\"@id\":\"https:\/\/infocov.uniri.hr\/hr\/#website\",\"url\":\"https:\/\/infocov.uniri.hr\/hr\/\",\"name\":\"InfoCoV\",\"description\":\"Multilayer framework for the information spreading characterization in social media during the Covid-19 crisis\",\"potentialAction\":[{\"@type\":\"SearchAction\",\"target\":{\"@type\":\"EntryPoint\",\"urlTemplate\":\"https:\/\/infocov.uniri.hr\/hr\/?s={search_term_string}\"},\"query-input\":{\"@type\":\"PropertyValueSpecification\",\"valueRequired\":true,\"valueName\":\"search_term_string\"}}],\"inLanguage\":\"hr\"}]}<\/script>\n<!-- \/ Yoast SEO plugin. -->","yoast_head_json":{"title":"Opis projekta - InfoCoV","robots":{"index":"index","follow":"follow","max-snippet":"max-snippet:-1","max-image-preview":"max-image-preview:large","max-video-preview":"max-video-preview:-1"},"canonical":"https:\/\/infocov.uniri.hr\/hr\/opis-projekta\/","og_locale":"hr_HR","og_type":"article","og_title":"Opis projekta - InfoCoV","og_description":"[vc_row height_ratio=&#8221;100&#8243; tablet_sm_height_ratio=&#8221;80&#8243; mobile_height_ratio=&#8221;100&#8243; min_height=&#8221;450&#8243; rc_font_color=&#8221;#ffffff&#8221;][vc_column width=&#8221;1\/2&#8243; vertical_content_position=&#8221;middle&#8221; tablet_sm_width=&#8221;2-3&#8243;][\/vc_column][vc_column width=&#8221;1\/2&#8243; tablet_sm_width=&#8221;1-3&#8243; mobile_width=&#8221;hide&#8221;][\/vc_column][\/vc_row][vc_row padding_top_multiplier=&#8221;custom&#8221; padding_bottom_multiplier=&#8221;custom&#8221; rc_bg_type=&#8221;gradient&#8221; rc_bg_gradient_color_1=&#8221;rgba(0,0,0,0.01)&#8221; rc_bg_gradient_color_2=&#8221;#000000&#8243; rc_bg_gradient_direction=&#8221;180&#8243; rc_font_color=&#8221;#ffffff&#8221; padding_top=&#8221;10%&#8221; padding_bottom=&#8221;10%&#8221; section_id=&#8221;descp&#8221;][vc_column width=&#8221;1\/2&#8243; rc_heading_color=&#8221;light&#8221;][vc_column_text animation_delay=&#8221;1200&#8243; animation_duration=&#8221;slow&#8221;] Projekt \u201eVi\u0161eslojni okvir za karakterizaciju \u0161irenja informacija putem dru\u0161tvenih medija tijekom krize COVID-19\u201c koji financira HRZZ bavit \u0107e se istra\u017eivanjima obrazaca \u0161irenja informacija u vrijeme pandemije COVID-19. Istra\u017eivanje komunikacije [&hellip;]","og_url":"https:\/\/infocov.uniri.hr\/hr\/opis-projekta\/","og_site_name":"InfoCoV","article_modified_time":"2020-11-07T01:52:17+00:00","og_image":[{"width":1200,"height":600,"url":"https:\/\/infocov.uniri.hr\/wp-content\/uploads\/2020\/10\/twitter-image.png","type":"image\/png"}],"twitter_card":"summary_large_image","twitter_misc":{"Procijenjeno vrijeme \u010ditanja":"3 minute"},"schema":{"@context":"https:\/\/schema.org","@graph":[{"@type":"WebPage","@id":"https:\/\/infocov.uniri.hr\/hr\/opis-projekta\/","url":"https:\/\/infocov.uniri.hr\/hr\/opis-projekta\/","name":"Opis projekta - InfoCoV","isPartOf":{"@id":"https:\/\/infocov.uniri.hr\/hr\/#website"},"datePublished":"2018-08-26T14:15:54+00:00","dateModified":"2020-11-07T01:52:17+00:00","breadcrumb":{"@id":"https:\/\/infocov.uniri.hr\/hr\/opis-projekta\/#breadcrumb"},"inLanguage":"hr","potentialAction":[{"@type":"ReadAction","target":["https:\/\/infocov.uniri.hr\/hr\/opis-projekta\/"]}]},{"@type":"BreadcrumbList","@id":"https:\/\/infocov.uniri.hr\/hr\/opis-projekta\/#breadcrumb","itemListElement":[{"@type":"ListItem","position":1,"name":"Home","item":"https:\/\/infocov.uniri.hr\/hr\/"},{"@type":"ListItem","position":2,"name":"Opis projekta"}]},{"@type":"WebSite","@id":"https:\/\/infocov.uniri.hr\/hr\/#website","url":"https:\/\/infocov.uniri.hr\/hr\/","name":"InfoCoV","description":"Multilayer framework for the information spreading characterization in social media during the Covid-19 crisis","potentialAction":[{"@type":"SearchAction","target":{"@type":"EntryPoint","urlTemplate":"https:\/\/infocov.uniri.hr\/hr\/?s={search_term_string}"},"query-input":{"@type":"PropertyValueSpecification","valueRequired":true,"valueName":"search_term_string"}}],"inLanguage":"hr"}]}},"_links":{"self":[{"href":"https:\/\/infocov.uniri.hr\/hr\/wp-json\/wp\/v2\/pages\/7140","targetHints":{"allow":["GET"]}}],"collection":[{"href":"https:\/\/infocov.uniri.hr\/hr\/wp-json\/wp\/v2\/pages"}],"about":[{"href":"https:\/\/infocov.uniri.hr\/hr\/wp-json\/wp\/v2\/types\/page"}],"author":[{"embeddable":true,"href":"https:\/\/infocov.uniri.hr\/hr\/wp-json\/wp\/v2\/users\/1"}],"replies":[{"embeddable":true,"href":"https:\/\/infocov.uniri.hr\/hr\/wp-json\/wp\/v2\/comments?post=7140"}],"version-history":[{"count":0,"href":"https:\/\/infocov.uniri.hr\/hr\/wp-json\/wp\/v2\/pages\/7140\/revisions"}],"wp:attachment":[{"href":"https:\/\/infocov.uniri.hr\/hr\/wp-json\/wp\/v2\/media?parent=7140"}],"curies":[{"name":"wp","href":"https:\/\/api.w.org\/{rel}","templated":true}]}}