{"id":7142,"date":"2020-10-20T23:24:22","date_gmt":"2020-10-20T23:24:22","guid":{"rendered":"https:\/\/infocov.uniri.hr\/publications\/"},"modified":"2022-02-23T20:53:43","modified_gmt":"2022-02-23T20:53:43","slug":"publikacije","status":"publish","type":"page","link":"https:\/\/infocov.uniri.hr\/hr\/publikacije\/","title":{"rendered":"Publikacije"},"content":{"rendered":"<p>[vc_row section_type=&#8221;fullwidth&#8221; padding_top_multiplier=&#8221;&#8221; padding_bottom_multiplier=&#8221;&#8221; rc_bg_type=&#8221;color&#8221; columns_gap=&#8221;none&#8221; rc_bg_color=&#8221;#ffffff&#8221;][vc_column width=&#8221;1\/3&#8243; rc_bg_type=&#8221;image&#8221; rc_bg_image=&#8221;6756&#8243; column_sticky=&#8221;yes&#8221; tablet_sm_width=&#8221;1&#8243;]<div class=\"eut-empty-space\" style=\"height: 100vh;\"><\/div>[\/vc_column][vc_column width=&#8221;2\/3&#8243; content_width=&#8221;custom&#8221; rc_bg_type=&#8221;color&#8221; tablet_sm_width=&#8221;1&#8243; css=&#8221;.vc_custom_1602771561652{padding-right: 15px !important;padding-left: 15px !important;}&#8221; custom_content_width=&#8221;500&#8243; rc_bg_color=&#8221;#ffffff&#8221;][vc_row_inner padding_top_multiplier=&#8221;2x&#8221; rc_heading_color=&#8221;primary-1&#8243;][vc_column_inner tablet_sm_width=&#8221;hide&#8221; mobile_width=&#8221;hide&#8221;]<div class=\"eut-empty-space\" style=\"height: 25vh;\"><\/div><h1 class=\"eut-element eut-title eut-align-inherit eut-h1\" style=\"margin-bottom: 10px;\"><span>Publikacije<\/span><\/h1><div class=\"eut-element eut-divider\" style=\"padding-top: 30px;padding-bottom: 30px;\"><span class=\"eut-custom-divider eut-bg-custom eut-align-inherit\" style=\"width: px;height: 2px; background-color: #dddddd;\"><\/span><\/div><h6 class=\"eut-element eut-title eut-align-inherit eut-h6 eut-title-gradient eut-gradient-1-primary-3 eut-gradient-2-primary-3\" style=\"margin-bottom: 10px;\"><span>Radovi u \u010dasopisima<\/span><\/h6><div class=\"eut-empty-space eut-height-1x\" style=\"\"><\/div>[vc_column_text]<\/p>\n<p style=\"font-size: 11pt;\">Slobodan Beliga, Sanda Martin\u010di\u0107-Ip\u0161i\u0107, Mihaela Mate\u0161i\u0107, Irena Petrijev\u010danin Vuksanovi\u0107, Ana Me\u0161trovi\u0107: \u201c<em><strong>Infoveillance of the Croatian Online Media During the COVID-19 Pandemic: One-Year Longitudinal Study Using Natural Language Processing<\/strong><\/em>\u201d, <i>JMIR Public Health and Surveillance<\/i>, vol. 7, no. 12, pages e31540, Dec. 2021. <a href=\"http:\/\/dx.doi.org\/10.2196\/31540\">http:\/\/dx.doi.org\/10.2196\/31540<\/a><\/p>\n<p style=\"font-size: 11pt;\">Karlo Babi\u0107, Milan Petrovi\u0107, Slobodan Beliga, Sanda Martin\u010di\u0107-Ip\u0161i\u0107, Mihaela Mate\u0161i\u0107, Ana Me\u0161trovi\u0107: \u201c<em><strong>Characterisation of COVID-19-Related Tweets in the Croatian Language: Framework Based on the Cro-CoV-cseBERT Model<\/strong><\/em> \u201d, <i>Applied Sciences<\/i>, vol. 11, no. 21, p. 10442, Nov. 2021. <a href=\"http:\/\/dx.doi.org\/10.3390\/app112110442\" target=\"_blank\" rel=\"noopener\">http:\/\/dx.doi.org\/10.3390\/app112110442<\/a><\/p>\n<p>[\/vc_column_text]<div class=\"eut-empty-space eut-height-1x\" style=\"\"><\/div><h6 class=\"eut-element eut-title eut-align-inherit eut-h6 eut-title-gradient eut-gradient-1-primary-3 eut-gradient-2-primary-3\" style=\"margin-bottom: 10px;\"><span>Poglavlja u knjigama<\/span><\/h6><div class=\"eut-empty-space eut-height-1x\" style=\"\"><\/div>[vc_column_text]<\/p>\n<p style=\"font-size: 11pt;\">Beliga, Slobodan; Martin\u010di\u0107-Ip\u0161i\u0107, Sanda; Mate\u0161i\u0107, Mihaela; Me\u0161trovi\u0107, Ana: <strong><em>&#8220;Natural language processing and statistic: The first six months of the COVID-19 infodemic in Croatia&#8221;<\/em><\/strong>, The Covid-19 Pandemic as a Challenge for Media and Communication Studies \/ Kopecka-Piech, Katarzyna ; \u0141\u00f3dzki, Bart\u0142omiej (ur.). Abingdon and New York: Routledge, 2022. str. 78-92, <a href=\"https:\/\/dx.doi.org\/10.4324\/9781003232049-9\" target=\"_blank\" rel=\"noopener\">http:\/\/dx.doi.org\/10.4324\/9781003232049-9<\/a><a class=\"citation-title\" href=\"https:\/\/www.bib.irb.hr\/1179371\">.<\/a><\/p>\n<p style=\"font-size: 11pt;\">Slobodan Beliga, Ana Me\u0161trovi\u0107, Mihaela Mate\u0161i\u0107: \u201c<em><strong>NLP based framework for the comparison of the media coverage in Croatia during the first two waves of the COVID-19 pandemic&#8221;. <\/strong><\/em>Odjeci SCIMETH-a (izazovi lingvisti\u010dkih istra\u017eivanja) \/ Nigoevi\u0107, Magdalena ; Vlasteli\u0107, Anastazija (ur.).<br \/>\nSplit: Sveu\u010dili\u0161te u Splitu, Filozofski fakultet ; Sveu\u010dili\u0161te u Rijeci, Filozofski fakultet, Centar za jezi\u010dna istra\u017eivanja ; Hrvatsko dru\u0161tvo za primijenjenu lingvistiku, 2021. str. 169-190. <i class=\"eut-inner-icon fas fa-link fa-fw eut-text-primary-1\"><\/i><a href=\"https:\/\/infocov.uniri.hr\/scimeth2021\/\">FIGURES<\/a> <i class=\"eut-inner-icon fas fa-link fa-fw eut-text-primary-1\"><\/i><a href=\"https:\/\/www.bib.irb.hr\/1179288\/download\/1179288.SCIMETH_2021_Beliga_et_all_COVID-19.pdf\" target=\"_blank\" rel=\"noopener\">PAPER<\/a><\/p>\n<p>[\/vc_column_text]<div class=\"eut-empty-space eut-height-1x\" style=\"\"><\/div><h6 class=\"eut-element eut-title eut-align-inherit eut-h6 eut-title-gradient eut-gradient-1-primary-3 eut-gradient-2-primary-3\" style=\"margin-bottom: 10px;\"><span>Radovi na konferencijama<\/span><\/h6><div class=\"eut-empty-space eut-height-1x\" style=\"\"><\/div>[vc_column_text]<\/p>\n<p style=\"font-size: 11pt;\"><span lang=\"EN-GB\">Milan Petrovi\u0107, Zoran Levnaji\u0107 and Ana Me\u0161trovi\u0107: &#8220;<em><strong>Analysis of the COVID-19 Communication on Twitter via Multilayer Network<\/strong><\/em>&#8221; in Proceedings of 2<sup>nd<\/sup> International Symposium on Automation, Information and Computing (ISAIC 2021), December 3<sup>rd<\/sup>-6<sup>th<\/sup>, 2021.<\/span><\/p>\n<p style=\"font-size: 11pt;\">Karlo Babi\u0107, Milan Petrovi\u0107, Slobodan Beliga, Sanda Martin\u010di\u0107-Ip\u0161i\u0107, Andrzej Jarynowski, Ana Me\u0161trovi\u0107: \u201c<strong><em>COVID-19 related communication on Twitter: analysis of the Croatian and Polish attitudes<\/em><\/strong>\u201d in Yang XS., Sherratt S., Dey N., Joshi A. (eds) Proceedings of Sixth International Congress on Information and Communication Technology (ICICT 2021, London, UK 25.-27.2.2021.). Lecture Notes in Networks and Systems, vol 216. Springer, Singapore. <a href=\"https:\/\/doi.org\/10.1007\/978-981-16-1781-2_35\" target=\"_blank\" rel=\"noopener\" data-saferedirecturl=\"https:\/\/www.google.com\/url?q=https:\/\/doi.org\/10.1007\/978-981-16-1781-2_35&amp;source=gmail&amp;ust=1633196007532000&amp;usg=AFQjCNE76ULc2H9Ngzlq-ot_j4bS7THDvg\">https:\/\/doi.org\/10.1007\/978-<wbr \/>981-16-1781-2_35<\/a> &#8211; <i class=\"eut-inner-icon fas fa-link fa-fw eut-text-primary-1\"><\/i><a href=\"https:\/\/infocov.uniri.hr\/wp-content\/uploads\/2022\/02\/Babic_preprint_ICICT_2021.pdf\" target=\"_blank\" rel=\"noopener\">PREPRINT<\/a><\/p>\n<p style=\"font-size: 11pt;\">Karlo Babi\u0107, Milan Petrovi\u0107, Slobodan Beliga, Sanda Martin\u010di\u0107-Ip\u0161i\u0107, Marko Pranji\u0107, Ana Me\u0161trovi\u0107: \u201c<strong><em>Prediction of COVID-19 related information spreading on Twitter<\/em><\/strong>\u201d, in <span lang=\"EN-GB\"><i>44<sup>th<\/sup>\u00a0<\/i><\/span>Proceedings of the IEEE International Convention on Information and Communication Technology, Electronics and Microelectronics (MIPRO 2021), Opatija, Croatia, (pp. 424-428)\u00a0<span lang=\"EN-GB\">IEEE.\u00a0<\/span>&#8211; <i class=\"eut-inner-icon fas fa-link fa-fw eut-text-primary-1\"><\/i><a href=\"https:\/\/infocov.uniri.hr\/wp-content\/uploads\/2022\/02\/Babic_MIPRO2021_preprint.pdf\" target=\"_blank\" rel=\"noopener\">PREPRINT<\/a><\/p>\n<p style=\"font-size: 11pt;\">Petar Kristijan Bogovi\u0107, Slobodan Beliga, Ana Me\u0161trovi\u0107, Sanda Martin\u010di\u0107-Ip\u0161i\u0107: \u201c<strong><em>Topic Modelling of Croatian News During COVID-19 Pandemic<\/em><\/strong>\u201d, in <span lang=\"EN-GB\"><i>44<sup>th<\/sup>\u00a0<\/i><\/span>Proceedings of the IEEE International Convention on Information and Communication Technology, Electronics and Microelectronics (MIPRO 2021), Opatija, Croatia, (pp. 1205-1212) IEEE. &#8211; <i class=\"eut-inner-icon fas fa-link fa-fw eut-text-primary-1\"><\/i><a href=\"https:\/\/infocov.uniri.hr\/wp-content\/uploads\/2022\/02\/Bogovic_MIPRO2021_preprint.pdf\" target=\"_blank\" rel=\"noopener\">PREPRINT<\/a><\/p>\n<p style=\"font-size: 11pt;\">Anton Ili\u0107, Slobodan Beliga: \u201c<em><strong>The Polarity of Croatian Online News Related to COVID-19: a First Insight&#8221;<\/strong><\/em>, in Proceedings of 32<sup>nd<\/sup> Central European Conference on Information and Intelligent Systems &#8211; <a href=\"http:\/\/archive.ceciis.foi.hr\/app\/index.php\/ceciis\/index\/pages\/view\/ProceedingsArchive2021\" target=\"_blank\" rel=\"noopener\">CECIIS 2021<\/a>. Faculty of Organization and Informatics, Vara\u017edin 13.-15.10.2021. (pp. 237-246)<a href=\"https:\/\/infocov.uniri.hr\/wp-content\/uploads\/2021\/11\/Ilic_Beliga_CECIIS2021.pdf\" target=\"_blank\" rel=\"noopener\"> <i class=\"eut-inner-icon fas fa-link fa-fw eut-text-primary-1\"><\/i>PPREPRINT<\/a><\/p>\n<p style=\"font-size: 11pt;\">Maja Buhin Pandur, Jasminka Dob\u0161a, Slobodan Beliga, Ana Me\u0161trovi\u0107: \u201c<em><strong>Topic modelling and sentiment analysis of COVID-19 related news on Croatian Internet portal&#8221;<\/strong><\/em>, in 24th international multiconference Information Society (IS2021), <a href=\"https:\/\/ailab.ijs.si\/dunja\/SiKDD2021\/\" target=\"_blank\" rel=\"noopener\">SiKDD 2021<\/a>. Jo\u017eef Stefan Institute, Ljubljana, Slovenia 4.-8.10.2021. <i class=\"eut-inner-icon fas fa-link fa-fw eut-text-primary-1\"><\/i><a href=\"https:\/\/ailab.ijs.si\/dunja\/SiKDD2021\/Papers\/Panduretal.pdf\" target=\"_blank\" rel=\"noopener\">PAPER<\/a><\/p>\n<p>[\/vc_column_text]<div class=\"eut-empty-space eut-height-1x\" style=\"\"><\/div><h6 class=\"eut-element eut-title eut-align-inherit eut-h6 eut-title-gradient eut-gradient-1-primary-3 eut-gradient-2-primary-3\" style=\"margin-bottom: 10px;\"><span>Sa\u017eeci<\/span><\/h6><div class=\"eut-empty-space eut-height-1x\" style=\"\"><\/div>[vc_column_text]<\/p>\n<p style=\"font-size: 11pt;\"><strong>\u201cExploring the COVID-19 infodemic in social media: a multilayer framework approach\u201d<\/strong>, CALS online-conference \u201cLinguistic and Extralinguistic in Interaction\u201d, University of Split, 24th-26th September 2020. <a href=\"http:\/\/inet1.ffst.hr\/_download\/repository\/Knjiga_sazetaka.HDPL2020_Book_of_Abstracts.CALS2020.pdf\" target=\"_blank\" rel=\"noopener\">ABSTRACT<\/a><\/p>\n<p style=\"font-size: 11pt;\"><strong>\u201cMultilayer Framework for the Information Spreading Characterization in Social Media during the COVID-19 Crisis\u201d<\/strong>, Conference COVID-19 Messages: On the Pandemic from Five Perspectives; I \u2013 Advancement in Virology Research \u2013 an Opportunity to Improve the International Impact of the University of Rijeka, University of Rijeka and the Croatian Academy of Sciences and Arts \u2013 Department of Biomedical Sciences, 24th September 2020. <a href=\"https:\/\/uniri.hr\/wp-content\/uploads\/2020\/09\/Simpozij-COVID-FINALNO-2.pdf\" target=\"_blank\" rel=\"noopener\">ABSTRACT<\/a><\/p>\n<p style=\"font-size: 11pt;\"><strong>\u201cAn introduction to the multilayer network for characterisation of information spreading related to the COVID-19 crisis\u201d<\/strong>, COSTNET COVID Conference, Department of Statistics at the Ludwig-Maximilians-Universit\u00e4t M\u00fcnchen, 10th July 2020. <a href=\"https:\/\/www.en.wisostat.statistik.uni-muenchen.de\/research\/workshop\/cococo\/abstracts\/amestrovic-conference-talk.pdf\" target=\"_blank\" rel=\"noopener\">ABSTRACT<\/a><\/p>\n<p>[\/vc_column_text]<div class=\"eut-empty-space eut-height-1x\" style=\"\"><\/div><h6 class=\"eut-element eut-title eut-align-inherit eut-h6 eut-title-gradient eut-gradient-1-primary-3 eut-gradient-2-primary-3\" style=\"margin-bottom: 10px;\"><span>Diplomski radovi<\/span><\/h6><div class=\"eut-empty-space eut-height-1x\" style=\"\"><\/div>[vc_column_text]<\/p>\n<p style=\"font-size: 11pt;\">Ivan Severovi\u0107, <em><strong>Analiza komentara na objave videa na platformi YouTube vezanim uz koronaviru<\/strong><\/em>s, <a href=\"https:\/\/dabar.srce.hr\/islandora\/object\/infri%3A728\" target=\"_blank\" rel=\"noopener\"><em>Analysis of YouTube video comments related to coronavirus<\/em><\/a>, 23.12.2020.<\/p>\n<p style=\"font-size: 11pt;\">Alesia Ivanini\u0107, <em><strong>Analiza senimenta objava na Twitteru vezanih uz koronavirus<\/strong><\/em>,<a href=\"https:\/\/dabar.srce.hr\/islandora\/object\/infri%3A741\" target=\"_blank\" rel=\"noopener\"><em> Sentiment analysis of Twitter posts related to coronavirus<\/em><\/a>, 14.07.2021.<\/p>\n<p style=\"font-size: 11pt;\">Arijan Ja\u0161arevi\u0107, <em><strong>Detekcija \u0161irenja la\u017enih vijesti vezanih uz COVID-19<\/strong><\/em>, <a href=\"https:\/\/dabar.srce.hr\/islandora\/object\/infri%3A744\" target=\"_blank\" rel=\"noopener\"><em>Detection of COVID-19 fake news spreading<\/em><\/a>, 14.07.2021.<\/p>\n<p style=\"font-size: 11pt;\">Luka Jeli\u010di\u0107, <em><strong>Ontologija pojmova vezanih uz COVID-19<\/strong><\/em>, <a href=\"https:\/\/dabar.srce.hr\/islandora\/object\/infri%3A767\" target=\"_blank\" rel=\"noopener\"><em>Ontology of terms related to COVID-19<\/em><\/a>, 29.07.2021.<\/p>\n<p style=\"font-size: 11pt;\">Anton Ili\u0107, <em><strong>Analiza sentimenta novinskih \u010dlanaka vezanih za tematiku koronavirusa<\/strong>, <a href=\"https:\/\/dabar.srce.hr\/islandora\/object\/infri%3A805\" target=\"_blank\" rel=\"noopener\">Sentiment Analysis of Coronavirus Related News Articles<\/a>, 22.09.2021.<\/em><\/p>\n<p>[\/vc_column_text]<div class=\"eut-empty-space eut-height-1x\" style=\"\"><\/div>[\/vc_column_inner][\/vc_row_inner][\/vc_column][\/vc_row][vc_row][vc_column][vc_column_text]<\/p>\n<p>[\/vc_column_text][\/vc_column][\/vc_row]<\/p>\n","protected":false},"excerpt":{"rendered":"<p>[vc_row section_type=&#8221;fullwidth&#8221; padding_top_multiplier=&#8221;&#8221; padding_bottom_multiplier=&#8221;&#8221; rc_bg_type=&#8221;color&#8221; columns_gap=&#8221;none&#8221; rc_bg_color=&#8221;#ffffff&#8221;][vc_column width=&#8221;1\/3&#8243; rc_bg_type=&#8221;image&#8221; rc_bg_image=&#8221;6756&#8243; column_sticky=&#8221;yes&#8221; tablet_sm_width=&#8221;1&#8243;][\/vc_column][vc_column width=&#8221;2\/3&#8243; content_width=&#8221;custom&#8221; rc_bg_type=&#8221;color&#8221; tablet_sm_width=&#8221;1&#8243; css=&#8221;.vc_custom_1602771561652{padding-right: 15px !important;padding-left: 15px !important;}&#8221; custom_content_width=&#8221;500&#8243; rc_bg_color=&#8221;#ffffff&#8221;][vc_row_inner padding_top_multiplier=&#8221;2x&#8221; rc_heading_color=&#8221;primary-1&#8243;][vc_column_inner tablet_sm_width=&#8221;hide&#8221; mobile_width=&#8221;hide&#8221;][vc_column_text] Slobodan Beliga, Sanda Martin\u010di\u0107-Ip\u0161i\u0107, Mihaela Mate\u0161i\u0107, Irena Petrijev\u010danin Vuksanovi\u0107, Ana Me\u0161trovi\u0107: \u201cInfoveillance of the Croatian Online Media During the COVID-19 Pandemic: One-Year Longitudinal Study Using Natural Language Processing\u201d, [&hellip;]<\/p>\n","protected":false},"author":1,"featured_media":0,"parent":0,"menu_order":0,"comment_status":"closed","ping_status":"closed","template":"","meta":{"footnotes":""},"class_list":["post-7142","page","type-page","status-publish","hentry"],"yoast_head":"<!-- This site is optimized with the Yoast SEO plugin v24.5 - https:\/\/yoast.com\/wordpress\/plugins\/seo\/ -->\n<title>Publikacije - InfoCoV<\/title>\n<meta name=\"robots\" content=\"index, follow, max-snippet:-1, max-image-preview:large, max-video-preview:-1\" \/>\n<link rel=\"canonical\" href=\"https:\/\/infocov.uniri.hr\/hr\/publikacije\/\" \/>\n<meta property=\"og:locale\" content=\"hr_HR\" \/>\n<meta property=\"og:type\" content=\"article\" \/>\n<meta property=\"og:title\" content=\"Publikacije - InfoCoV\" \/>\n<meta property=\"og:description\" content=\"[vc_row section_type=&#8221;fullwidth&#8221; padding_top_multiplier=&#8221;&#8221; padding_bottom_multiplier=&#8221;&#8221; rc_bg_type=&#8221;color&#8221; columns_gap=&#8221;none&#8221; rc_bg_color=&#8221;#ffffff&#8221;][vc_column width=&#8221;1\/3&#8243; rc_bg_type=&#8221;image&#8221; rc_bg_image=&#8221;6756&#8243; column_sticky=&#8221;yes&#8221; tablet_sm_width=&#8221;1&#8243;][\/vc_column][vc_column width=&#8221;2\/3&#8243; content_width=&#8221;custom&#8221; rc_bg_type=&#8221;color&#8221; tablet_sm_width=&#8221;1&#8243; css=&#8221;.vc_custom_1602771561652{padding-right: 15px !important;padding-left: 15px !important;}&#8221; custom_content_width=&#8221;500&#8243; rc_bg_color=&#8221;#ffffff&#8221;][vc_row_inner padding_top_multiplier=&#8221;2x&#8221; rc_heading_color=&#8221;primary-1&#8243;][vc_column_inner tablet_sm_width=&#8221;hide&#8221; mobile_width=&#8221;hide&#8221;][vc_column_text] Slobodan Beliga, Sanda Martin\u010di\u0107-Ip\u0161i\u0107, Mihaela Mate\u0161i\u0107, Irena Petrijev\u010danin Vuksanovi\u0107, Ana Me\u0161trovi\u0107: \u201cInfoveillance of the Croatian Online Media During the COVID-19 Pandemic: One-Year Longitudinal Study Using Natural Language Processing\u201d, [&hellip;]\" \/>\n<meta property=\"og:url\" content=\"https:\/\/infocov.uniri.hr\/hr\/publikacije\/\" \/>\n<meta property=\"og:site_name\" content=\"InfoCoV\" \/>\n<meta property=\"article:modified_time\" content=\"2022-02-23T20:53:43+00:00\" \/>\n<meta property=\"og:image\" content=\"https:\/\/infocov.uniri.hr\/wp-content\/uploads\/2020\/10\/twitter-image.png\" \/>\n\t<meta property=\"og:image:width\" content=\"1200\" \/>\n\t<meta property=\"og:image:height\" content=\"600\" \/>\n\t<meta property=\"og:image:type\" content=\"image\/png\" \/>\n<meta name=\"twitter:card\" content=\"summary_large_image\" \/>\n<meta name=\"twitter:label1\" content=\"Procijenjeno vrijeme \u010ditanja\" \/>\n\t<meta name=\"twitter:data1\" content=\"4 minute\" \/>\n<script type=\"application\/ld+json\" class=\"yoast-schema-graph\">{\"@context\":\"https:\/\/schema.org\",\"@graph\":[{\"@type\":\"WebPage\",\"@id\":\"https:\/\/infocov.uniri.hr\/hr\/publikacije\/\",\"url\":\"https:\/\/infocov.uniri.hr\/hr\/publikacije\/\",\"name\":\"Publikacije - InfoCoV\",\"isPartOf\":{\"@id\":\"https:\/\/infocov.uniri.hr\/hr\/#website\"},\"datePublished\":\"2020-10-20T23:24:22+00:00\",\"dateModified\":\"2022-02-23T20:53:43+00:00\",\"breadcrumb\":{\"@id\":\"https:\/\/infocov.uniri.hr\/hr\/publikacije\/#breadcrumb\"},\"inLanguage\":\"hr\",\"potentialAction\":[{\"@type\":\"ReadAction\",\"target\":[\"https:\/\/infocov.uniri.hr\/hr\/publikacije\/\"]}]},{\"@type\":\"BreadcrumbList\",\"@id\":\"https:\/\/infocov.uniri.hr\/hr\/publikacije\/#breadcrumb\",\"itemListElement\":[{\"@type\":\"ListItem\",\"position\":1,\"name\":\"Home\",\"item\":\"https:\/\/infocov.uniri.hr\/hr\/\"},{\"@type\":\"ListItem\",\"position\":2,\"name\":\"Publikacije\"}]},{\"@type\":\"WebSite\",\"@id\":\"https:\/\/infocov.uniri.hr\/hr\/#website\",\"url\":\"https:\/\/infocov.uniri.hr\/hr\/\",\"name\":\"InfoCoV\",\"description\":\"Multilayer framework for the information spreading characterization in social media during the Covid-19 crisis\",\"potentialAction\":[{\"@type\":\"SearchAction\",\"target\":{\"@type\":\"EntryPoint\",\"urlTemplate\":\"https:\/\/infocov.uniri.hr\/hr\/?s={search_term_string}\"},\"query-input\":{\"@type\":\"PropertyValueSpecification\",\"valueRequired\":true,\"valueName\":\"search_term_string\"}}],\"inLanguage\":\"hr\"}]}<\/script>\n<!-- \/ Yoast SEO plugin. -->","yoast_head_json":{"title":"Publikacije - InfoCoV","robots":{"index":"index","follow":"follow","max-snippet":"max-snippet:-1","max-image-preview":"max-image-preview:large","max-video-preview":"max-video-preview:-1"},"canonical":"https:\/\/infocov.uniri.hr\/hr\/publikacije\/","og_locale":"hr_HR","og_type":"article","og_title":"Publikacije - InfoCoV","og_description":"[vc_row section_type=&#8221;fullwidth&#8221; padding_top_multiplier=&#8221;&#8221; padding_bottom_multiplier=&#8221;&#8221; rc_bg_type=&#8221;color&#8221; columns_gap=&#8221;none&#8221; rc_bg_color=&#8221;#ffffff&#8221;][vc_column width=&#8221;1\/3&#8243; rc_bg_type=&#8221;image&#8221; rc_bg_image=&#8221;6756&#8243; column_sticky=&#8221;yes&#8221; tablet_sm_width=&#8221;1&#8243;][\/vc_column][vc_column width=&#8221;2\/3&#8243; content_width=&#8221;custom&#8221; rc_bg_type=&#8221;color&#8221; tablet_sm_width=&#8221;1&#8243; css=&#8221;.vc_custom_1602771561652{padding-right: 15px !important;padding-left: 15px !important;}&#8221; custom_content_width=&#8221;500&#8243; rc_bg_color=&#8221;#ffffff&#8221;][vc_row_inner padding_top_multiplier=&#8221;2x&#8221; rc_heading_color=&#8221;primary-1&#8243;][vc_column_inner tablet_sm_width=&#8221;hide&#8221; mobile_width=&#8221;hide&#8221;][vc_column_text] Slobodan Beliga, Sanda Martin\u010di\u0107-Ip\u0161i\u0107, Mihaela Mate\u0161i\u0107, Irena Petrijev\u010danin Vuksanovi\u0107, Ana Me\u0161trovi\u0107: \u201cInfoveillance of the Croatian Online Media During the COVID-19 Pandemic: One-Year Longitudinal Study Using Natural Language Processing\u201d, [&hellip;]","og_url":"https:\/\/infocov.uniri.hr\/hr\/publikacije\/","og_site_name":"InfoCoV","article_modified_time":"2022-02-23T20:53:43+00:00","og_image":[{"width":1200,"height":600,"url":"https:\/\/infocov.uniri.hr\/wp-content\/uploads\/2020\/10\/twitter-image.png","type":"image\/png"}],"twitter_card":"summary_large_image","twitter_misc":{"Procijenjeno vrijeme \u010ditanja":"4 minute"},"schema":{"@context":"https:\/\/schema.org","@graph":[{"@type":"WebPage","@id":"https:\/\/infocov.uniri.hr\/hr\/publikacije\/","url":"https:\/\/infocov.uniri.hr\/hr\/publikacije\/","name":"Publikacije - InfoCoV","isPartOf":{"@id":"https:\/\/infocov.uniri.hr\/hr\/#website"},"datePublished":"2020-10-20T23:24:22+00:00","dateModified":"2022-02-23T20:53:43+00:00","breadcrumb":{"@id":"https:\/\/infocov.uniri.hr\/hr\/publikacije\/#breadcrumb"},"inLanguage":"hr","potentialAction":[{"@type":"ReadAction","target":["https:\/\/infocov.uniri.hr\/hr\/publikacije\/"]}]},{"@type":"BreadcrumbList","@id":"https:\/\/infocov.uniri.hr\/hr\/publikacije\/#breadcrumb","itemListElement":[{"@type":"ListItem","position":1,"name":"Home","item":"https:\/\/infocov.uniri.hr\/hr\/"},{"@type":"ListItem","position":2,"name":"Publikacije"}]},{"@type":"WebSite","@id":"https:\/\/infocov.uniri.hr\/hr\/#website","url":"https:\/\/infocov.uniri.hr\/hr\/","name":"InfoCoV","description":"Multilayer framework for the information spreading characterization in social media during the Covid-19 crisis","potentialAction":[{"@type":"SearchAction","target":{"@type":"EntryPoint","urlTemplate":"https:\/\/infocov.uniri.hr\/hr\/?s={search_term_string}"},"query-input":{"@type":"PropertyValueSpecification","valueRequired":true,"valueName":"search_term_string"}}],"inLanguage":"hr"}]}},"_links":{"self":[{"href":"https:\/\/infocov.uniri.hr\/hr\/wp-json\/wp\/v2\/pages\/7142","targetHints":{"allow":["GET"]}}],"collection":[{"href":"https:\/\/infocov.uniri.hr\/hr\/wp-json\/wp\/v2\/pages"}],"about":[{"href":"https:\/\/infocov.uniri.hr\/hr\/wp-json\/wp\/v2\/types\/page"}],"author":[{"embeddable":true,"href":"https:\/\/infocov.uniri.hr\/hr\/wp-json\/wp\/v2\/users\/1"}],"replies":[{"embeddable":true,"href":"https:\/\/infocov.uniri.hr\/hr\/wp-json\/wp\/v2\/comments?post=7142"}],"version-history":[{"count":0,"href":"https:\/\/infocov.uniri.hr\/hr\/wp-json\/wp\/v2\/pages\/7142\/revisions"}],"wp:attachment":[{"href":"https:\/\/infocov.uniri.hr\/hr\/wp-json\/wp\/v2\/media?parent=7142"}],"curies":[{"name":"wp","href":"https:\/\/api.w.org\/{rel}","templated":true}]}}