{"id":7154,"date":"2020-10-20T22:45:31","date_gmt":"2020-10-20T22:45:31","guid":{"rendered":"https:\/\/infocov.uniri.hr\/tools\/"},"modified":"2022-02-18T11:33:26","modified_gmt":"2022-02-18T11:33:26","slug":"alati","status":"publish","type":"page","link":"https:\/\/infocov.uniri.hr\/hr\/alati\/","title":{"rendered":"Alati"},"content":{"rendered":"<p>[vc_row height_ratio=&#8221;10&#8243; padding_top_multiplier=&#8221;2x&#8221; rc_bg_type=&#8221;image&#8221; rc_bg_image=&#8221;6740&#8243; rc_bg_image_type=&#8221;horizontal-parallax-rl&#8221; rc_bg_image_size=&#8221;full&#8221; rc_bg_parallax_threshold=&#8221;0.5&#8243;][vc_column vertical_content_position=&#8221;bottom&#8221; text_align=&#8221;center&#8221;][vc_row_inner height_ratio=&#8221;100&#8243;][\/vc_row_inner][vc_column_inner][\/vc_column_inner]<h3 class=\"eut-element eut-title eut-align-inherit eut-animated-item eut-duration-normal eut-fade-in-up eut-h1 eut-title-gradient eut-gradient-1-white eut-gradient-2-white\" style=\"\" data-delay=\"200\"><span><br>\n<h2 style=\"text-align: center;\">Alati<\/h2>\n<\/span><\/h3><div class=\"eut-element eut-divider\" style=\"\"><div class=\"eut-line-divider eut-border\"><\/div><\/div><h3 class=\"eut-element eut-title eut-align-inherit eut-h5 eut-title-gradient eut-gradient-1-white eut-gradient-2-white\" style=\"\"><span>Neke od rezultata InfoCoV istra\u017eivanja mo\u017eete prona\u0107i u aplikaciji InfoCoVapp.<\/span><\/h3><div class=\"eut-element eut-divider\" style=\"\"><div class=\"eut-line-divider eut-border\"><\/div><\/div><div class=\"eut-empty-space eut-height-1x\" style=\"\"><\/div><div class=\"eut-empty-space eut-height-1x\" style=\"\"><\/div>[\/vc_column][\/vc_row][vc_row height_ratio=&#8221;10&#8243; padding_top_multiplier=&#8221;&#8221; padding_bottom_multiplier=&#8221;&#8221;][vc_column width=&#8221;1\/3&#8243;][\/vc_column][vc_column width=&#8221;1\/3&#8243;]<div class=\"eut-empty-space eut-height-1x\" style=\"\"><\/div><div class=\"eut-element eut-align-inherit eut-fluid-button\"><a href=\"https:\/\/web.infocovapp.com\/\" class=\"eut-btn eut-btn-large eut-shadow-small eut-square eut-bg-primary-1 eut-bg-hover-black\" style=\"max-width: 100%;\"><span>InfoCoV app<\/span><\/a><\/div>[\/vc_column][vc_column width=&#8221;1\/3&#8243;][\/vc_column][\/vc_row][vc_row][vc_column]<h3 class=\"eut-element eut-title eut-align-inherit eut-h1 eut-title-gradient eut-gradient-1-white eut-gradient-2-white\" style=\"\"><span><\/span><\/h3><div class=\"eut-element eut-image eut-align-center\" style=\"\"><div class=\"eut-image-wrapper eut-popup-item\" style=\"max-width:772px;\"><div class=\"eut-thumbnail-wrapper\"  style=\"max-width: 772px;\"><div class=\"eut-thumbnail\"  style=\"padding-top: 19.43%;\"><img loading=\"lazy\" decoding=\"async\" width=\"772\" height=\"150\" src=\"https:\/\/infocov.uniri.hr\/wp-content\/uploads\/2020\/10\/infoBlack_type.png\" class=\"attachment-full size-full\" alt=\"\" data-eutf-filter=\"yes\" srcset=\"https:\/\/infocov.uniri.hr\/wp-content\/uploads\/2020\/10\/infoBlack_type.png 772w, https:\/\/infocov.uniri.hr\/wp-content\/uploads\/2020\/10\/infoBlack_type-300x58.png 300w, https:\/\/infocov.uniri.hr\/wp-content\/uploads\/2020\/10\/infoBlack_type-768x149.png 768w\" sizes=\"auto, (max-width: 772px) 100vw, 772px\" \/><\/div><\/div>  <\/div><\/div>[\/vc_column][\/vc_row][vc_row height_ratio=&#8221;10&#8243; padding_top_multiplier=&#8221;&#8221; padding_bottom_multiplier=&#8221;&#8221;][vc_column width=&#8221;1\/3&#8243;][\/vc_column][vc_column width=&#8221;1\/3&#8243;][\/vc_column][vc_column width=&#8221;1\/3&#8243;][\/vc_column][\/vc_row][vc_row][vc_column][\/vc_column][\/vc_row]<\/p>\n","protected":false},"excerpt":{"rendered":"<p>[vc_row height_ratio=&#8221;10&#8243; padding_top_multiplier=&#8221;2x&#8221; rc_bg_type=&#8221;image&#8221; rc_bg_image=&#8221;6740&#8243; rc_bg_image_type=&#8221;horizontal-parallax-rl&#8221; rc_bg_image_size=&#8221;full&#8221; rc_bg_parallax_threshold=&#8221;0.5&#8243;][vc_column vertical_content_position=&#8221;bottom&#8221; text_align=&#8221;center&#8221;][vc_row_inner height_ratio=&#8221;100&#8243;][\/vc_row_inner][vc_column_inner][\/vc_column_inner][\/vc_column][\/vc_row][vc_row height_ratio=&#8221;10&#8243; padding_top_multiplier=&#8221;&#8221; padding_bottom_multiplier=&#8221;&#8221;][vc_column width=&#8221;1\/3&#8243;][\/vc_column][vc_column width=&#8221;1\/3&#8243;][\/vc_column][vc_column width=&#8221;1\/3&#8243;][\/vc_column][\/vc_row][vc_row][vc_column][\/vc_column][\/vc_row][vc_row height_ratio=&#8221;10&#8243; padding_top_multiplier=&#8221;&#8221; padding_bottom_multiplier=&#8221;&#8221;][vc_column width=&#8221;1\/3&#8243;][\/vc_column][vc_column width=&#8221;1\/3&#8243;][\/vc_column][vc_column width=&#8221;1\/3&#8243;][\/vc_column][\/vc_row][vc_row][vc_column][\/vc_column][\/vc_row]<\/p>\n","protected":false},"author":1,"featured_media":0,"parent":0,"menu_order":0,"comment_status":"closed","ping_status":"closed","template":"","meta":{"footnotes":""},"class_list":["post-7154","page","type-page","status-publish","hentry"],"yoast_head":"<!-- This site is optimized with the Yoast SEO plugin v24.5 - https:\/\/yoast.com\/wordpress\/plugins\/seo\/ -->\n<title>Alati - InfoCoV<\/title>\n<meta name=\"robots\" content=\"index, follow, max-snippet:-1, max-image-preview:large, max-video-preview:-1\" \/>\n<link rel=\"canonical\" href=\"https:\/\/infocov.uniri.hr\/hr\/alati\/\" \/>\n<meta property=\"og:locale\" content=\"hr_HR\" \/>\n<meta property=\"og:type\" content=\"article\" \/>\n<meta property=\"og:title\" content=\"Alati - InfoCoV\" \/>\n<meta property=\"og:description\" content=\"[vc_row height_ratio=&#8221;10&#8243; padding_top_multiplier=&#8221;2x&#8221; rc_bg_type=&#8221;image&#8221; rc_bg_image=&#8221;6740&#8243; rc_bg_image_type=&#8221;horizontal-parallax-rl&#8221; rc_bg_image_size=&#8221;full&#8221; rc_bg_parallax_threshold=&#8221;0.5&#8243;][vc_column vertical_content_position=&#8221;bottom&#8221; text_align=&#8221;center&#8221;][vc_row_inner height_ratio=&#8221;100&#8243;][\/vc_row_inner][vc_column_inner][\/vc_column_inner][\/vc_column][\/vc_row][vc_row height_ratio=&#8221;10&#8243; padding_top_multiplier=&#8221;&#8221; padding_bottom_multiplier=&#8221;&#8221;][vc_column width=&#8221;1\/3&#8243;][\/vc_column][vc_column width=&#8221;1\/3&#8243;][\/vc_column][vc_column width=&#8221;1\/3&#8243;][\/vc_column][\/vc_row][vc_row][vc_column][\/vc_column][\/vc_row][vc_row height_ratio=&#8221;10&#8243; padding_top_multiplier=&#8221;&#8221; padding_bottom_multiplier=&#8221;&#8221;][vc_column width=&#8221;1\/3&#8243;][\/vc_column][vc_column width=&#8221;1\/3&#8243;][\/vc_column][vc_column width=&#8221;1\/3&#8243;][\/vc_column][\/vc_row][vc_row][vc_column][\/vc_column][\/vc_row]\" \/>\n<meta property=\"og:url\" content=\"https:\/\/infocov.uniri.hr\/hr\/alati\/\" \/>\n<meta property=\"og:site_name\" content=\"InfoCoV\" \/>\n<meta property=\"article:modified_time\" content=\"2022-02-18T11:33:26+00:00\" \/>\n<meta property=\"og:image\" content=\"https:\/\/infocov.uniri.hr\/wp-content\/uploads\/2020\/10\/twitter-image.png\" \/>\n\t<meta property=\"og:image:width\" content=\"1200\" \/>\n\t<meta property=\"og:image:height\" content=\"600\" \/>\n\t<meta property=\"og:image:type\" content=\"image\/png\" \/>\n<meta name=\"twitter:card\" content=\"summary_large_image\" \/>\n<meta name=\"twitter:label1\" content=\"Procijenjeno vrijeme \u010ditanja\" \/>\n\t<meta name=\"twitter:data1\" content=\"1 minuta\" \/>\n<script type=\"application\/ld+json\" class=\"yoast-schema-graph\">{\"@context\":\"https:\/\/schema.org\",\"@graph\":[{\"@type\":\"WebPage\",\"@id\":\"https:\/\/infocov.uniri.hr\/hr\/alati\/\",\"url\":\"https:\/\/infocov.uniri.hr\/hr\/alati\/\",\"name\":\"Alati - InfoCoV\",\"isPartOf\":{\"@id\":\"https:\/\/infocov.uniri.hr\/hr\/#website\"},\"datePublished\":\"2020-10-20T22:45:31+00:00\",\"dateModified\":\"2022-02-18T11:33:26+00:00\",\"breadcrumb\":{\"@id\":\"https:\/\/infocov.uniri.hr\/hr\/alati\/#breadcrumb\"},\"inLanguage\":\"hr\",\"potentialAction\":[{\"@type\":\"ReadAction\",\"target\":[\"https:\/\/infocov.uniri.hr\/hr\/alati\/\"]}]},{\"@type\":\"BreadcrumbList\",\"@id\":\"https:\/\/infocov.uniri.hr\/hr\/alati\/#breadcrumb\",\"itemListElement\":[{\"@type\":\"ListItem\",\"position\":1,\"name\":\"Home\",\"item\":\"https:\/\/infocov.uniri.hr\/hr\/\"},{\"@type\":\"ListItem\",\"position\":2,\"name\":\"Alati\"}]},{\"@type\":\"WebSite\",\"@id\":\"https:\/\/infocov.uniri.hr\/hr\/#website\",\"url\":\"https:\/\/infocov.uniri.hr\/hr\/\",\"name\":\"InfoCoV\",\"description\":\"Multilayer framework for the information spreading characterization in social media during the Covid-19 crisis\",\"potentialAction\":[{\"@type\":\"SearchAction\",\"target\":{\"@type\":\"EntryPoint\",\"urlTemplate\":\"https:\/\/infocov.uniri.hr\/hr\/?s={search_term_string}\"},\"query-input\":{\"@type\":\"PropertyValueSpecification\",\"valueRequired\":true,\"valueName\":\"search_term_string\"}}],\"inLanguage\":\"hr\"}]}<\/script>\n<!-- \/ Yoast SEO plugin. -->","yoast_head_json":{"title":"Alati - InfoCoV","robots":{"index":"index","follow":"follow","max-snippet":"max-snippet:-1","max-image-preview":"max-image-preview:large","max-video-preview":"max-video-preview:-1"},"canonical":"https:\/\/infocov.uniri.hr\/hr\/alati\/","og_locale":"hr_HR","og_type":"article","og_title":"Alati - InfoCoV","og_description":"[vc_row height_ratio=&#8221;10&#8243; padding_top_multiplier=&#8221;2x&#8221; rc_bg_type=&#8221;image&#8221; rc_bg_image=&#8221;6740&#8243; rc_bg_image_type=&#8221;horizontal-parallax-rl&#8221; rc_bg_image_size=&#8221;full&#8221; rc_bg_parallax_threshold=&#8221;0.5&#8243;][vc_column vertical_content_position=&#8221;bottom&#8221; text_align=&#8221;center&#8221;][vc_row_inner height_ratio=&#8221;100&#8243;][\/vc_row_inner][vc_column_inner][\/vc_column_inner][\/vc_column][\/vc_row][vc_row height_ratio=&#8221;10&#8243; padding_top_multiplier=&#8221;&#8221; padding_bottom_multiplier=&#8221;&#8221;][vc_column width=&#8221;1\/3&#8243;][\/vc_column][vc_column width=&#8221;1\/3&#8243;][\/vc_column][vc_column width=&#8221;1\/3&#8243;][\/vc_column][\/vc_row][vc_row][vc_column][\/vc_column][\/vc_row][vc_row height_ratio=&#8221;10&#8243; padding_top_multiplier=&#8221;&#8221; padding_bottom_multiplier=&#8221;&#8221;][vc_column width=&#8221;1\/3&#8243;][\/vc_column][vc_column width=&#8221;1\/3&#8243;][\/vc_column][vc_column width=&#8221;1\/3&#8243;][\/vc_column][\/vc_row][vc_row][vc_column][\/vc_column][\/vc_row]","og_url":"https:\/\/infocov.uniri.hr\/hr\/alati\/","og_site_name":"InfoCoV","article_modified_time":"2022-02-18T11:33:26+00:00","og_image":[{"width":1200,"height":600,"url":"https:\/\/infocov.uniri.hr\/wp-content\/uploads\/2020\/10\/twitter-image.png","type":"image\/png"}],"twitter_card":"summary_large_image","twitter_misc":{"Procijenjeno vrijeme \u010ditanja":"1 minuta"},"schema":{"@context":"https:\/\/schema.org","@graph":[{"@type":"WebPage","@id":"https:\/\/infocov.uniri.hr\/hr\/alati\/","url":"https:\/\/infocov.uniri.hr\/hr\/alati\/","name":"Alati - InfoCoV","isPartOf":{"@id":"https:\/\/infocov.uniri.hr\/hr\/#website"},"datePublished":"2020-10-20T22:45:31+00:00","dateModified":"2022-02-18T11:33:26+00:00","breadcrumb":{"@id":"https:\/\/infocov.uniri.hr\/hr\/alati\/#breadcrumb"},"inLanguage":"hr","potentialAction":[{"@type":"ReadAction","target":["https:\/\/infocov.uniri.hr\/hr\/alati\/"]}]},{"@type":"BreadcrumbList","@id":"https:\/\/infocov.uniri.hr\/hr\/alati\/#breadcrumb","itemListElement":[{"@type":"ListItem","position":1,"name":"Home","item":"https:\/\/infocov.uniri.hr\/hr\/"},{"@type":"ListItem","position":2,"name":"Alati"}]},{"@type":"WebSite","@id":"https:\/\/infocov.uniri.hr\/hr\/#website","url":"https:\/\/infocov.uniri.hr\/hr\/","name":"InfoCoV","description":"Multilayer framework for the information spreading characterization in social media during the Covid-19 crisis","potentialAction":[{"@type":"SearchAction","target":{"@type":"EntryPoint","urlTemplate":"https:\/\/infocov.uniri.hr\/hr\/?s={search_term_string}"},"query-input":{"@type":"PropertyValueSpecification","valueRequired":true,"valueName":"search_term_string"}}],"inLanguage":"hr"}]}},"_links":{"self":[{"href":"https:\/\/infocov.uniri.hr\/hr\/wp-json\/wp\/v2\/pages\/7154","targetHints":{"allow":["GET"]}}],"collection":[{"href":"https:\/\/infocov.uniri.hr\/hr\/wp-json\/wp\/v2\/pages"}],"about":[{"href":"https:\/\/infocov.uniri.hr\/hr\/wp-json\/wp\/v2\/types\/page"}],"author":[{"embeddable":true,"href":"https:\/\/infocov.uniri.hr\/hr\/wp-json\/wp\/v2\/users\/1"}],"replies":[{"embeddable":true,"href":"https:\/\/infocov.uniri.hr\/hr\/wp-json\/wp\/v2\/comments?post=7154"}],"version-history":[{"count":0,"href":"https:\/\/infocov.uniri.hr\/hr\/wp-json\/wp\/v2\/pages\/7154\/revisions"}],"wp:attachment":[{"href":"https:\/\/infocov.uniri.hr\/hr\/wp-json\/wp\/v2\/media?parent=7154"}],"curies":[{"name":"wp","href":"https:\/\/api.w.org\/{rel}","templated":true}]}}