{"id":7288,"date":"2020-10-16T10:39:48","date_gmt":"2020-10-16T10:39:48","guid":{"rendered":"https:\/\/infocov.uniri.hr\/zoran-levnajic\/"},"modified":"2020-11-08T00:53:46","modified_gmt":"2020-11-08T00:53:46","slug":"zoran-levnajic","status":"publish","type":"page","link":"https:\/\/infocov.uniri.hr\/hr\/zoran-levnajic\/","title":{"rendered":"Zoran Levnaji\u0107"},"content":{"rendered":"<p>[vc_row height_ratio=&#8221;100&#8243; rc_bg_type=&#8221;image&#8221; rc_bg_image=&#8221;6972&#8243; rc_bg_position=&#8221;right-top&#8221; rc_bg_image_scroll_effect=&#8221;opacity-scroll-effect&#8221; rc_bg_image_scroll_effect_offset=&#8221;60&#8243; mobile_visibility=&#8221;hide&#8221; tablet_sm_height_ratio=&#8221;inherit&#8221; mobile_height_ratio=&#8221;inherit&#8221; rc_bg_color=&#8221;#ffffff&#8221;][vc_column width=&#8221;5\/12&#8243; vertical_content_position=&#8221;middle&#8221; rc_font_color=&#8221;#ffffff&#8221;]<h1 class=\"eut-element eut-title eut-align-inherit eut-h1 eut-increase-heading eut-heading-200 eut-title-gradient eut-gradient-1-primary-1 eut-gradient-2-primary-2\" style=\"\"><span><br>\n<div class=\"eut-team-identity eut-small-text\">Konzultant<\/div>\n<strong>Zoran Levnaji\u0107<\/strong><\/span><\/h1><h2 class=\"eut-element eut-title eut-align-inherit eut-h3 eut-increase-heading eut-heading-200 eut-title-gradient eut-gradient-1-primary-4 eut-gradient-2-primary-4\" style=\"\"><span>Izv. prof. dr. sc.<\/span><\/h2>[\/vc_column][vc_column width=&#8221;7\/12&#8243;][\/vc_column][\/vc_row][vc_row height_ratio=&#8221;100&#8243; rc_bg_type=&#8221;image&#8221; rc_bg_image=&#8221;6972&#8243; rc_bg_position=&#8221;right-top&#8221; rc_bg_image_scroll_effect=&#8221;opacity-scroll-effect&#8221; rc_bg_image_scroll_effect_offset=&#8221;60&#8243; desktop_visibility=&#8221;hide&#8221; tablet_visibility=&#8221;hide&#8221; tablet_sm_visibility=&#8221;hide&#8221; tablet_sm_height_ratio=&#8221;inherit&#8221; mobile_height_ratio=&#8221;inherit&#8221; rc_bg_color=&#8221;#ffffff&#8221;][vc_column vertical_content_position=&#8221;bottom&#8221; text_align=&#8221;center&#8221; rc_heading_color=&#8221;light&#8221; rc_font_color=&#8221;#ffffff&#8221;]<h1 class=\"eut-element eut-title eut-align-inherit eut-h1 eut-increase-heading eut-heading-200 eut-title-gradient eut-gradient-1-primary-1 eut-gradient-2-primary-2\" style=\"\"><span><br>\n<div class=\"eut-team-identity eut-small-text\">Konzultant<\/div>\n<strong>Zoran Levnaji\u0107<\/strong><\/span><\/h1><h2 class=\"eut-element eut-title eut-align-inherit eut-h3 eut-increase-heading eut-heading-200 eut-title-gradient eut-gradient-1-primary-4 eut-gradient-2-primary-4\" style=\"\"><span>Associate Professor<\/span><\/h2><div class=\"eut-empty-space eut-height-3x\" style=\"\"><\/div>[\/vc_column][\/vc_row][vc_row padding_top_multiplier=&#8221;custom&#8221; padding_bottom_multiplier=&#8221;custom&#8221; padding_top=&#8221;10%&#8221; padding_bottom=&#8221;10%&#8221;][vc_column width=&#8221;1\/4&#8243; tablet_width=&#8221;1-6&#8243;][\/vc_column][vc_column width=&#8221;1\/2&#8243; text_align=&#8221;center&#8221; tablet_width=&#8221;2-3&#8243;]<h2 class=\"eut-element eut-title eut-align-inherit eut-h1 eut-increase-heading eut-heading-200\" style=\"margin-bottom: 0px;\"><span>Complex systems and data science lab, <a href=\"https:\/\/www.fis.unm.si\/en\/)\">Faculty of Information Studies in Novo Mesto<\/a><br \/>\nDepartment of Knowledge Technologies, <a href=\"http:\/\/kt.ijs.si\/\">Jo\u017eef Stefan Institute<\/a><\/span><\/h2><div class=\"eut-element eut-divider\" style=\"\"><div class=\"eut-line-divider eut-border\"><\/div><\/div><h2 class=\"eut-element eut-title eut-align-inherit eut-h1 eut-increase-heading eut-heading-200\" style=\"margin-bottom: 0px;\"><span><i class=\"eut-inner-icon far fa-envelope fa-fw eut-text-primary-1\"><\/i><a href=\"mailto:zoran.levnajic@fis.unm.si\">zoran.levnajic@fis.unm.si<\/a><\/span><\/h2><div class=\"eut-empty-space eut-height-2x\" style=\"\"><\/div>[vc_column_text text_style=&#8221;leader-text&#8221;]Podru\u010dja istra\u017eivanja i ekspertiza: kompleksne mre\u017ee, dinamika mre\u017ea, rekonstrukcija mre\u017ea[\/vc_column_text]<div class=\"eut-empty-space eut-height-1x\" style=\"\"><\/div>[vc_column_text]<\/p>\n<p class=\"p1\">Zoran Levnaji\u0107 je ekspert za podru\u010dje kompleksnih mre\u017ea. Njegov istra\u017eiva\u010dki rad fokusiran je na razumijevanje i karakterizaciju kompleksnih sustava u razli\u010ditim domenama znanosti kao \u0161to su prirodne, dru\u0161tvene i tehni\u010dke znanosti.<\/p>\n<p>[\/vc_column_text]<div class=\"eut-empty-space eut-height-2x\" style=\"\"><\/div>[\/vc_column][vc_column width=&#8221;1\/4&#8243; tablet_width=&#8221;1-6&#8243;][\/vc_column][\/vc_row]<\/p>\n","protected":false},"excerpt":{"rendered":"<p>[vc_row height_ratio=&#8221;100&#8243; rc_bg_type=&#8221;image&#8221; rc_bg_image=&#8221;6972&#8243; rc_bg_position=&#8221;right-top&#8221; rc_bg_image_scroll_effect=&#8221;opacity-scroll-effect&#8221; rc_bg_image_scroll_effect_offset=&#8221;60&#8243; mobile_visibility=&#8221;hide&#8221; tablet_sm_height_ratio=&#8221;inherit&#8221; mobile_height_ratio=&#8221;inherit&#8221; rc_bg_color=&#8221;#ffffff&#8221;][vc_column width=&#8221;5\/12&#8243; vertical_content_position=&#8221;middle&#8221; rc_font_color=&#8221;#ffffff&#8221;][\/vc_column][vc_column width=&#8221;7\/12&#8243;][\/vc_column][\/vc_row][vc_row height_ratio=&#8221;100&#8243; rc_bg_type=&#8221;image&#8221; rc_bg_image=&#8221;6972&#8243; rc_bg_position=&#8221;right-top&#8221; rc_bg_image_scroll_effect=&#8221;opacity-scroll-effect&#8221; rc_bg_image_scroll_effect_offset=&#8221;60&#8243; desktop_visibility=&#8221;hide&#8221; tablet_visibility=&#8221;hide&#8221; tablet_sm_visibility=&#8221;hide&#8221; tablet_sm_height_ratio=&#8221;inherit&#8221; mobile_height_ratio=&#8221;inherit&#8221; rc_bg_color=&#8221;#ffffff&#8221;][vc_column vertical_content_position=&#8221;bottom&#8221; text_align=&#8221;center&#8221; rc_heading_color=&#8221;light&#8221; rc_font_color=&#8221;#ffffff&#8221;][\/vc_column][\/vc_row][vc_row padding_top_multiplier=&#8221;custom&#8221; padding_bottom_multiplier=&#8221;custom&#8221; padding_top=&#8221;10%&#8221; padding_bottom=&#8221;10%&#8221;][vc_column width=&#8221;1\/4&#8243; tablet_width=&#8221;1-6&#8243;][\/vc_column][vc_column width=&#8221;1\/2&#8243; text_align=&#8221;center&#8221; tablet_width=&#8221;2-3&#8243;][vc_column_text text_style=&#8221;leader-text&#8221;]Podru\u010dja istra\u017eivanja i ekspertiza: kompleksne mre\u017ee, dinamika mre\u017ea, rekonstrukcija mre\u017ea[\/vc_column_text][vc_column_text] Zoran Levnaji\u0107 je ekspert za [&hellip;]<\/p>\n","protected":false},"author":1,"featured_media":0,"parent":0,"menu_order":0,"comment_status":"closed","ping_status":"closed","template":"","meta":{"footnotes":""},"class_list":["post-7288","page","type-page","status-publish","hentry"],"yoast_head":"<!-- This site is optimized with the Yoast SEO plugin v24.5 - https:\/\/yoast.com\/wordpress\/plugins\/seo\/ -->\n<title>Zoran Levnaji\u0107 - InfoCoV<\/title>\n<meta name=\"robots\" content=\"index, follow, max-snippet:-1, max-image-preview:large, max-video-preview:-1\" \/>\n<link rel=\"canonical\" href=\"https:\/\/infocov.uniri.hr\/hr\/zoran-levnajic\/\" \/>\n<meta property=\"og:locale\" content=\"hr_HR\" \/>\n<meta property=\"og:type\" content=\"article\" \/>\n<meta property=\"og:title\" content=\"Zoran Levnaji\u0107 - InfoCoV\" \/>\n<meta property=\"og:description\" content=\"[vc_row height_ratio=&#8221;100&#8243; rc_bg_type=&#8221;image&#8221; rc_bg_image=&#8221;6972&#8243; rc_bg_position=&#8221;right-top&#8221; rc_bg_image_scroll_effect=&#8221;opacity-scroll-effect&#8221; rc_bg_image_scroll_effect_offset=&#8221;60&#8243; mobile_visibility=&#8221;hide&#8221; tablet_sm_height_ratio=&#8221;inherit&#8221; mobile_height_ratio=&#8221;inherit&#8221; rc_bg_color=&#8221;#ffffff&#8221;][vc_column width=&#8221;5\/12&#8243; vertical_content_position=&#8221;middle&#8221; rc_font_color=&#8221;#ffffff&#8221;][\/vc_column][vc_column width=&#8221;7\/12&#8243;][\/vc_column][\/vc_row][vc_row height_ratio=&#8221;100&#8243; rc_bg_type=&#8221;image&#8221; rc_bg_image=&#8221;6972&#8243; rc_bg_position=&#8221;right-top&#8221; rc_bg_image_scroll_effect=&#8221;opacity-scroll-effect&#8221; rc_bg_image_scroll_effect_offset=&#8221;60&#8243; desktop_visibility=&#8221;hide&#8221; tablet_visibility=&#8221;hide&#8221; tablet_sm_visibility=&#8221;hide&#8221; tablet_sm_height_ratio=&#8221;inherit&#8221; mobile_height_ratio=&#8221;inherit&#8221; rc_bg_color=&#8221;#ffffff&#8221;][vc_column vertical_content_position=&#8221;bottom&#8221; text_align=&#8221;center&#8221; rc_heading_color=&#8221;light&#8221; rc_font_color=&#8221;#ffffff&#8221;][\/vc_column][\/vc_row][vc_row padding_top_multiplier=&#8221;custom&#8221; padding_bottom_multiplier=&#8221;custom&#8221; padding_top=&#8221;10%&#8221; padding_bottom=&#8221;10%&#8221;][vc_column width=&#8221;1\/4&#8243; tablet_width=&#8221;1-6&#8243;][\/vc_column][vc_column width=&#8221;1\/2&#8243; text_align=&#8221;center&#8221; tablet_width=&#8221;2-3&#8243;][vc_column_text text_style=&#8221;leader-text&#8221;]Podru\u010dja istra\u017eivanja i ekspertiza: kompleksne mre\u017ee, dinamika mre\u017ea, rekonstrukcija mre\u017ea[\/vc_column_text][vc_column_text] Zoran Levnaji\u0107 je ekspert za [&hellip;]\" \/>\n<meta property=\"og:url\" content=\"https:\/\/infocov.uniri.hr\/hr\/zoran-levnajic\/\" \/>\n<meta property=\"og:site_name\" content=\"InfoCoV\" \/>\n<meta property=\"article:modified_time\" content=\"2020-11-08T00:53:46+00:00\" \/>\n<meta property=\"og:image\" content=\"https:\/\/infocov.uniri.hr\/wp-content\/uploads\/2020\/10\/twitter-image.png\" \/>\n\t<meta property=\"og:image:width\" content=\"1200\" \/>\n\t<meta property=\"og:image:height\" content=\"600\" \/>\n\t<meta property=\"og:image:type\" content=\"image\/png\" \/>\n<meta name=\"twitter:card\" content=\"summary_large_image\" \/>\n<meta name=\"twitter:label1\" content=\"Procijenjeno vrijeme \u010ditanja\" \/>\n\t<meta name=\"twitter:data1\" content=\"2 minute\" \/>\n<script type=\"application\/ld+json\" class=\"yoast-schema-graph\">{\"@context\":\"https:\/\/schema.org\",\"@graph\":[{\"@type\":\"WebPage\",\"@id\":\"https:\/\/infocov.uniri.hr\/hr\/zoran-levnajic\/\",\"url\":\"https:\/\/infocov.uniri.hr\/hr\/zoran-levnajic\/\",\"name\":\"Zoran Levnaji\u0107 - InfoCoV\",\"isPartOf\":{\"@id\":\"https:\/\/infocov.uniri.hr\/hr\/#website\"},\"datePublished\":\"2020-10-16T10:39:48+00:00\",\"dateModified\":\"2020-11-08T00:53:46+00:00\",\"breadcrumb\":{\"@id\":\"https:\/\/infocov.uniri.hr\/hr\/zoran-levnajic\/#breadcrumb\"},\"inLanguage\":\"hr\",\"potentialAction\":[{\"@type\":\"ReadAction\",\"target\":[\"https:\/\/infocov.uniri.hr\/hr\/zoran-levnajic\/\"]}]},{\"@type\":\"BreadcrumbList\",\"@id\":\"https:\/\/infocov.uniri.hr\/hr\/zoran-levnajic\/#breadcrumb\",\"itemListElement\":[{\"@type\":\"ListItem\",\"position\":1,\"name\":\"Home\",\"item\":\"https:\/\/infocov.uniri.hr\/hr\/\"},{\"@type\":\"ListItem\",\"position\":2,\"name\":\"Zoran Levnaji\u0107\"}]},{\"@type\":\"WebSite\",\"@id\":\"https:\/\/infocov.uniri.hr\/hr\/#website\",\"url\":\"https:\/\/infocov.uniri.hr\/hr\/\",\"name\":\"InfoCoV\",\"description\":\"Multilayer framework for the information spreading characterization in social media during the Covid-19 crisis\",\"potentialAction\":[{\"@type\":\"SearchAction\",\"target\":{\"@type\":\"EntryPoint\",\"urlTemplate\":\"https:\/\/infocov.uniri.hr\/hr\/?s={search_term_string}\"},\"query-input\":{\"@type\":\"PropertyValueSpecification\",\"valueRequired\":true,\"valueName\":\"search_term_string\"}}],\"inLanguage\":\"hr\"}]}<\/script>\n<!-- \/ Yoast SEO plugin. -->","yoast_head_json":{"title":"Zoran Levnaji\u0107 - InfoCoV","robots":{"index":"index","follow":"follow","max-snippet":"max-snippet:-1","max-image-preview":"max-image-preview:large","max-video-preview":"max-video-preview:-1"},"canonical":"https:\/\/infocov.uniri.hr\/hr\/zoran-levnajic\/","og_locale":"hr_HR","og_type":"article","og_title":"Zoran Levnaji\u0107 - InfoCoV","og_description":"[vc_row height_ratio=&#8221;100&#8243; rc_bg_type=&#8221;image&#8221; rc_bg_image=&#8221;6972&#8243; rc_bg_position=&#8221;right-top&#8221; rc_bg_image_scroll_effect=&#8221;opacity-scroll-effect&#8221; rc_bg_image_scroll_effect_offset=&#8221;60&#8243; mobile_visibility=&#8221;hide&#8221; tablet_sm_height_ratio=&#8221;inherit&#8221; mobile_height_ratio=&#8221;inherit&#8221; rc_bg_color=&#8221;#ffffff&#8221;][vc_column width=&#8221;5\/12&#8243; vertical_content_position=&#8221;middle&#8221; rc_font_color=&#8221;#ffffff&#8221;][\/vc_column][vc_column width=&#8221;7\/12&#8243;][\/vc_column][\/vc_row][vc_row height_ratio=&#8221;100&#8243; rc_bg_type=&#8221;image&#8221; rc_bg_image=&#8221;6972&#8243; rc_bg_position=&#8221;right-top&#8221; rc_bg_image_scroll_effect=&#8221;opacity-scroll-effect&#8221; rc_bg_image_scroll_effect_offset=&#8221;60&#8243; desktop_visibility=&#8221;hide&#8221; tablet_visibility=&#8221;hide&#8221; tablet_sm_visibility=&#8221;hide&#8221; tablet_sm_height_ratio=&#8221;inherit&#8221; mobile_height_ratio=&#8221;inherit&#8221; rc_bg_color=&#8221;#ffffff&#8221;][vc_column vertical_content_position=&#8221;bottom&#8221; text_align=&#8221;center&#8221; rc_heading_color=&#8221;light&#8221; rc_font_color=&#8221;#ffffff&#8221;][\/vc_column][\/vc_row][vc_row padding_top_multiplier=&#8221;custom&#8221; padding_bottom_multiplier=&#8221;custom&#8221; padding_top=&#8221;10%&#8221; padding_bottom=&#8221;10%&#8221;][vc_column width=&#8221;1\/4&#8243; tablet_width=&#8221;1-6&#8243;][\/vc_column][vc_column width=&#8221;1\/2&#8243; text_align=&#8221;center&#8221; tablet_width=&#8221;2-3&#8243;][vc_column_text text_style=&#8221;leader-text&#8221;]Podru\u010dja istra\u017eivanja i ekspertiza: kompleksne mre\u017ee, dinamika mre\u017ea, rekonstrukcija mre\u017ea[\/vc_column_text][vc_column_text] Zoran Levnaji\u0107 je ekspert za [&hellip;]","og_url":"https:\/\/infocov.uniri.hr\/hr\/zoran-levnajic\/","og_site_name":"InfoCoV","article_modified_time":"2020-11-08T00:53:46+00:00","og_image":[{"width":1200,"height":600,"url":"https:\/\/infocov.uniri.hr\/wp-content\/uploads\/2020\/10\/twitter-image.png","type":"image\/png"}],"twitter_card":"summary_large_image","twitter_misc":{"Procijenjeno vrijeme \u010ditanja":"2 minute"},"schema":{"@context":"https:\/\/schema.org","@graph":[{"@type":"WebPage","@id":"https:\/\/infocov.uniri.hr\/hr\/zoran-levnajic\/","url":"https:\/\/infocov.uniri.hr\/hr\/zoran-levnajic\/","name":"Zoran Levnaji\u0107 - InfoCoV","isPartOf":{"@id":"https:\/\/infocov.uniri.hr\/hr\/#website"},"datePublished":"2020-10-16T10:39:48+00:00","dateModified":"2020-11-08T00:53:46+00:00","breadcrumb":{"@id":"https:\/\/infocov.uniri.hr\/hr\/zoran-levnajic\/#breadcrumb"},"inLanguage":"hr","potentialAction":[{"@type":"ReadAction","target":["https:\/\/infocov.uniri.hr\/hr\/zoran-levnajic\/"]}]},{"@type":"BreadcrumbList","@id":"https:\/\/infocov.uniri.hr\/hr\/zoran-levnajic\/#breadcrumb","itemListElement":[{"@type":"ListItem","position":1,"name":"Home","item":"https:\/\/infocov.uniri.hr\/hr\/"},{"@type":"ListItem","position":2,"name":"Zoran Levnaji\u0107"}]},{"@type":"WebSite","@id":"https:\/\/infocov.uniri.hr\/hr\/#website","url":"https:\/\/infocov.uniri.hr\/hr\/","name":"InfoCoV","description":"Multilayer framework for the information spreading characterization in social media during the Covid-19 crisis","potentialAction":[{"@type":"SearchAction","target":{"@type":"EntryPoint","urlTemplate":"https:\/\/infocov.uniri.hr\/hr\/?s={search_term_string}"},"query-input":{"@type":"PropertyValueSpecification","valueRequired":true,"valueName":"search_term_string"}}],"inLanguage":"hr"}]}},"_links":{"self":[{"href":"https:\/\/infocov.uniri.hr\/hr\/wp-json\/wp\/v2\/pages\/7288","targetHints":{"allow":["GET"]}}],"collection":[{"href":"https:\/\/infocov.uniri.hr\/hr\/wp-json\/wp\/v2\/pages"}],"about":[{"href":"https:\/\/infocov.uniri.hr\/hr\/wp-json\/wp\/v2\/types\/page"}],"author":[{"embeddable":true,"href":"https:\/\/infocov.uniri.hr\/hr\/wp-json\/wp\/v2\/users\/1"}],"replies":[{"embeddable":true,"href":"https:\/\/infocov.uniri.hr\/hr\/wp-json\/wp\/v2\/comments?post=7288"}],"version-history":[{"count":0,"href":"https:\/\/infocov.uniri.hr\/hr\/wp-json\/wp\/v2\/pages\/7288\/revisions"}],"wp:attachment":[{"href":"https:\/\/infocov.uniri.hr\/hr\/wp-json\/wp\/v2\/media?parent=7288"}],"curies":[{"name":"wp","href":"https:\/\/api.w.org\/{rel}","templated":true}]}}