{"id":7583,"date":"2022-02-12T16:56:52","date_gmt":"2022-02-12T16:56:52","guid":{"rendered":"https:\/\/infocov.uniri.hr\/?page_id=7583"},"modified":"2022-02-12T18:05:48","modified_gmt":"2022-02-12T18:05:48","slug":"publikacije-2","status":"publish","type":"page","link":"https:\/\/infocov.uniri.hr\/hr\/publikacije-2\/","title":{"rendered":"Publikacije"},"content":{"rendered":"<p>[vc_row section_type=&#8221;fullwidth&#8221; padding_top_multiplier=&#8221;&#8221; padding_bottom_multiplier=&#8221;&#8221; rc_bg_type=&#8221;color&#8221; columns_gap=&#8221;none&#8221; rc_bg_color=&#8221;#ffffff&#8221;][vc_column width=&#8221;1\/2&#8243; rc_bg_type=&#8221;image&#8221; rc_bg_image=&#8221;6756&#8243; column_sticky=&#8221;yes&#8221; tablet_sm_width=&#8221;1&#8243;]<div class=\"eut-empty-space\" style=\"height: 100vh;\"><\/div>[\/vc_column][vc_column width=&#8221;1\/2&#8243; content_width=&#8221;custom&#8221; rc_bg_type=&#8221;color&#8221; tablet_sm_width=&#8221;1&#8243; css=&#8221;.vc_custom_1602771561652{padding-right: 15px !important;padding-left: 15px !important;}&#8221; custom_content_width=&#8221;500&#8243; rc_bg_color=&#8221;#ffffff&#8221;][vc_row_inner padding_top_multiplier=&#8221;2x&#8221; rc_heading_color=&#8221;primary-1&#8243;][vc_column_inner tablet_sm_width=&#8221;hide&#8221; mobile_width=&#8221;hide&#8221;]<div class=\"eut-empty-space\" style=\"height: 25vh;\"><\/div>[\/vc_column_inner][vc_column_inner]<h1 class=\"eut-element eut-title eut-align-inherit eut-h1\" style=\"margin-bottom: 10px;\"><span>Publikacije<\/span><\/h1><div class=\"eut-element eut-divider\" style=\"padding-top: 30px;padding-bottom: 30px;\"><span class=\"eut-custom-divider eut-bg-custom eut-align-inherit\" style=\"width: px;height: 2px; background-color: #dddddd;\"><\/span><\/div><h6 class=\"eut-element eut-title eut-align-inherit eut-h6 eut-title-gradient eut-gradient-1-primary-3 eut-gradient-2-primary-3\" style=\"margin-bottom: 10px;\"><span>Radovi na konferencijama<\/span><\/h6><div class=\"eut-empty-space eut-height-1x\" style=\"\"><\/div>[vc_column_text]<\/p>\n<p style=\"font-size: 11pt;\">Karlo Babi\u0107, Milan Petrovi\u0107, Slobodan Beliga, Sanda Martin\u010di\u0107-Ip\u0161i\u0107, Andrzej Jarynowski, Ana Me\u0161trovi\u0107: \u201c<strong><em>COVID-19 related communication on Twitter: analysis of the Croatian and Polish attitudes<\/em><\/strong>\u201d in Yang XS., Sherratt S., Dey N., Joshi A. (eds) Proceedings of Sixth International Congress on Information and Communication Technology (ICICT 2021, London, UK 25.-27.2.2021.). Lecture Notes in Networks and Systems, vol 216. Springer, Singapore.\u00a0<a href=\"https:\/\/doi.org\/10.1007\/978-981-16-1781-2_35\" target=\"_blank\" rel=\"noopener\" data-saferedirecturl=\"https:\/\/www.google.com\/url?q=https:\/\/doi.org\/10.1007\/978-981-16-1781-2_35&amp;source=gmail&amp;ust=1633196007532000&amp;usg=AFQjCNE76ULc2H9Ngzlq-ot_j4bS7THDvg\">https:\/\/doi.org\/10.1007\/978-<wbr \/>981-16-1781-2_35<\/a> <span lang=\"EN-GB\">&#8211;\u00a0<i class=\"eut-inner-icon fas fa-link fa-fw eut-text-primary-1\"><\/i>PAPER<\/span><\/p>\n<p style=\"font-size: 11pt;\">Karlo Babi\u0107, Milan Petrovi\u0107, Slobodan Beliga, Sanda Martin\u010di\u0107-Ip\u0161i\u0107, Marko Pranji\u0107, Ana Me\u0161trovi\u0107: \u201c<strong><em>Prediction of COVID-19 related information spreading on Twitter<\/em><\/strong>\u201d, in\u00a0<span lang=\"EN-GB\"><i>44<sup>th<\/sup>\u00a0<\/i><\/span>Proceedings of the IEEE International Convention on Information and Communication Technology, Electronics and Microelectronics (MIPRO 2021), Opatija, Croatia, (pp. 424-428)\u00a0<span lang=\"EN-GB\">IEEE. <a href=\"https:\/\/doi.org\/10.23919\/MIPRO52101.2021.9596693\" target=\"_blank\" rel=\"noopener\">https:\/\/doi.org\/10.23919\/MIPRO52101.2021.9596693<\/a> &#8211;\u00a0<i class=\"eut-inner-icon fas fa-link fa-fw eut-text-primary-1\"><\/i>PAPER<\/span><\/p>\n<p style=\"font-size: 11pt;\">Petar Kristijan Bogovi\u0107, Slobodan Beliga, Ana Me\u0161trovi\u0107, Sanda Martin\u010di\u0107-Ip\u0161i\u0107: \u201c<strong><em>Topic Modelling of Croatian News During COVID-19 Pandemic<\/em><\/strong>\u201d, in\u00a0<span lang=\"EN-GB\"><i>44<sup>th<\/sup>\u00a0<\/i><\/span>Proceedings of the IEEE International Convention on Information and Communication Technology, Electronics and Microelectronics (MIPRO 2021), Opatija, Croatia, (pp. 1205-1212) IEEE. <a href=\"https:\/\/doi.org\/10.23919\/MIPRO52101.2021.9597125\" target=\"_blank\" rel=\"noopener\">https:\/\/doi.org\/10.23919\/MIPRO52101.2021.9597125<\/a> <span lang=\"EN-GB\">&#8211;<a href=\"https:\/\/infocov.uniri.hr\/wp-content\/uploads\/2022\/02\/Bogovic_et_all_2021_Topic_Modelling_Croatian_News_During_COVID-19_Pandemic.pdf\" target=\"_blank\" rel=\"noopener\">\u00a0<i class=\"eut-inner-icon fas fa-link fa-fw eut-text-primary-1\"><\/i>PAPER<\/a><\/span><\/p>\n<p style=\"font-size: 11pt;\">Slobodan Beliga, Ana Me\u0161trovi\u0107, Mihaela Mate\u0161i\u0107: \u201c<em><strong>NLP based framework for the comparison of the media coverage in Croatia during the first two waves of the COVID-19 pandemic\u201d<\/strong><\/em>, in proceedings of Scimeth 2021.\u00a0<i class=\"eut-inner-icon fas fa-link fa-fw eut-text-primary-1\"><\/i><a href=\"https:\/\/infocov.uniri.hr\/scimeth2021\/\">FIGURES<\/a> <span lang=\"EN-GB\">&#8211; <i class=\"eut-inner-icon fas fa-link fa-fw eut-text-primary-1\"><\/i><a href=\"https:\/\/infocov.uniri.hr\/wp-content\/uploads\/2022\/02\/SCIMETH_2021_Beliga_et_all_COVID-19.pdf\" target=\"_blank\" rel=\"noopener\">\u00a0PAPER<\/a><\/span><\/p>\n<p style=\"font-size: 11pt;\">Anton Ili\u0107, Slobodan Beliga: \u201c<em><strong>The Polarity of Croatian Online News Related to COVID-19: a First Insight\u201d<\/strong><\/em>, in Proceedings of 32<sup>nd<\/sup>\u00a0Central European Conference on Information and Intelligent Systems \u2013\u00a0<a href=\"http:\/\/archive.ceciis.foi.hr\/app\/index.php\/ceciis\/index\/pages\/view\/ProceedingsArchive2021\" target=\"_blank\" rel=\"noopener\">CECIIS 2021<\/a>. Faculty of Organization and Informatics, Vara\u017edin 13.-15.10.2021. (pp. 237-246)<a href=\"https:\/\/infocov.uniri.hr\/wp-content\/uploads\/2021\/11\/Ilic_Beliga_CECIIS2021.pdf\" target=\"_blank\" rel=\"noopener\">\u00a0<i class=\"eut-inner-icon fas fa-link fa-fw eut-text-primary-1\"><\/i>PAPER<\/a><\/p>\n<p style=\"font-size: 11pt;\">Maja Buhin Pandur, Jasminka Dob\u0161a, Slobodan Beliga, Ana Me\u0161trovi\u0107: \u201c<em><strong>Topic modelling and sentiment analysis of COVID-19 related news on Croatian Internet portal\u201d<\/strong><\/em>, in 24th international multiconference Information Society (IS2021),\u00a0<a href=\"https:\/\/ailab.ijs.si\/dunja\/SiKDD2021\/\" target=\"_blank\" rel=\"noopener\">SiKDD 2021<\/a>. Jo\u017eef Stefan Institute, Ljubljana, Slovenia 4.-8.10.2021.<a href=\"https:\/\/ailab.ijs.si\/dunja\/SiKDD2021\/Papers\/Panduretal.pdf\" target=\"_blank\" rel=\"noopener\">\u00a0<i class=\"eut-inner-icon fas fa-link fa-fw eut-text-primary-1\"><\/i>PAPER<\/a><\/p>\n<p>[\/vc_column_text]<div class=\"eut-empty-space eut-height-1x\" style=\"\"><\/div><h6 class=\"eut-element eut-title eut-align-inherit eut-h6 eut-title-gradient eut-gradient-1-primary-3 eut-gradient-2-primary-3\" style=\"margin-bottom: 10px;\"><span>Sa\u017eeci<\/span><\/h6><div class=\"eut-empty-space eut-height-1x\" style=\"\"><\/div>\t\t<div id=\"el-1603238294461-8c66f425-d6a2\" class=\"eut-element eut-blog eut-blog-columns eut-blog-small eut-isotope public_holder\" style=\"\"  data-display-style=\"pagination\" data-columns=\"1\" data-columns-large-screen=\"1\" data-columns-tablet-landscape=\"1\" data-columns-tablet-portrait=\"1\" data-columns-mobile=\"1\" data-layout=\"fitRows\">\r\n\t\t\t<div class=\"eut-isotope-container\">\r\n\t\t\t<article class=\"eut-blog-item eut-small-post eut-isotope-item eut-bg-size-normal post-7168 post type-post status-publish format-standard hentry category-abstract-hr\" itemscope itemType=\"http:\/\/schema.org\/BlogPosting\">\r\n\t\t\t\t<div class=\"eut-blog-item-inner eut-isotope-item-inner eut-fade-in\">\r\n\t\t\t\t\t\t\t\t\t\t\t\t\t\t\t\t\t<div class=\"eut-post-content-wrapper\">\r\n\t\t\t\t\t\t\t<div class=\"eut-post-content\">\r\n\t\t\t\t\t\t\t\t<div class=\"eut-post-header\">\r\n\t\t\t\t\t\t\t\t\t\t\t\t\t\t\t\t\t\t\t\t<span class=\"eut-hidden\">\r\n\t\t\t<span class=\"eut-structured-data entry-title\">\u201cExploring the COVID-19 infodemic in social media: a multilayer framework approach\u201d<\/span>\r\n\t\t\t<span class=\"eut-structured-data\" itemprop=\"image\" itemscope itemtype=\"http:\/\/schema.org\/ImageObject\">\r\n\t\t\t   <span itemprop='url' >https:\/\/infocov.uniri.hr\/wp-content\/themes\/crocal\/images\/empty\/thumbnail.jpg<\/span>\r\n\t\t\t   <span itemprop='height' >150<\/span>\r\n\t\t\t   <span itemprop='width' >150<\/span>\r\n\t\t\t<\/span>\r\n\t\t\t\t\t\t<span class=\"eut-structured-data vcard author\" itemprop=\"author\" itemscope itemtype=\"http:\/\/schema.org\/Person\">\r\n\t\t\t\t<span itemprop=\"name\" class=\"fn\">InfoCoV<\/span>\r\n\t\t\t<\/span>\r\n\t\t\t<span class=\"eut-structured-data\" itemprop=\"publisher\" itemscope itemtype=\"http:\/\/schema.org\/Organization\">\r\n\t\t\t\t<span itemprop='name'>InfoCoV<\/span>\r\n\t\t\t\t<span itemprop='logo' itemscope itemtype='http:\/\/schema.org\/ImageObject'>\r\n\t\t\t\t\t<span itemprop='url'>https:\/\/infocov.uniri.hr\/wp-content\/themes\/crocal\/images\/empty\/thumbnail.jpg<\/span>\r\n\t\t\t\t<\/span>\r\n\t\t\t<\/span>\r\n\t\t\t\t\t\t<time class=\"eut-structured-data date published\" itemprop=\"datePublished\" datetime=\"2020-09-24T23:34:28+00:00\">24 rujna, 2020<\/time>\r\n\t\t\t<time class=\"eut-structured-data date updated\" itemprop=\"dateModified\"  datetime=\"2020-11-02T13:54:43+00:00\">2 studenoga, 2020<\/time>\r\n\t\t\t<span class=\"eut-structured-data\" itemprop=\"mainEntityOfPage\" itemscope itemtype=\"http:\/\/schema.org\/WebPage\" itemid=\"https:\/\/infocov.uniri.hr\/hr\/exploring-the-covid-19-infodemic-in-social-media-a-multilayer-framework-approach\/\"><\/span>\r\n\t\t<\/span>\r\n\t\t\t\t\t\t\t\t\t\t\t\t\t\t\t\t\t\t\t\t<ul class=\"eut-post-meta\">\r\n\t\t\t\t\t\t\t\t\t\t<li class=\"eut-post-date\">\t<time class=\"\" datetime=\"2020-09-24T23:34:28+00:00\">\r\n\t\t24 rujna, 2020\t<\/time>\r\n<\/li>\t\t\t\t\t\t\t\t\t\t<\/ul>\r\n\t\t\t\t\t\t\t\t\t\t\t\t\t\t\t\t\t\t\t\t\t\t\t\t\t\t\t<a href=\"https:\/\/infocov.uniri.hr\/hr\/exploring-the-covid-19-infodemic-in-social-media-a-multilayer-framework-approach\/\" rel=\"bookmark\"><h2 class=\"eut-post-title eut-h2\" itemprop=\"headline\">\u201cExploring the COVID-19 infodemic in social media: a multilayer framework approach\u201d<\/h2><\/a>\t\t\t\t\t\t\t\t<\/div>\r\n\t\t\t\t\t\t\t\t<div itemprop=\"articleBody\"><\/div>\t\t\t\t\t\t\t<\/div>\r\n\t\t\t\t\t\t<\/div>\r\n\t\t\t\t\t\r\n\t\t\t\t<\/div>\t\t\t<\/article>\r\n\r\n\t\t\t<article class=\"eut-blog-item eut-small-post eut-isotope-item eut-bg-size-normal post-7172 post type-post status-publish format-standard hentry category-abstract-hr\" itemscope itemType=\"http:\/\/schema.org\/BlogPosting\">\r\n\t\t\t\t<div class=\"eut-blog-item-inner eut-isotope-item-inner eut-fade-in\">\r\n\t\t\t\t\t\t\t\t\t\t\t\t\t\t\t\t\t<div class=\"eut-post-content-wrapper\">\r\n\t\t\t\t\t\t\t<div class=\"eut-post-content\">\r\n\t\t\t\t\t\t\t\t<div class=\"eut-post-header\">\r\n\t\t\t\t\t\t\t\t\t\t\t\t\t\t\t\t\t\t\t\t<span class=\"eut-hidden\">\r\n\t\t\t<span class=\"eut-structured-data entry-title\">\u201cMultilayer Framework for the Information Spreading Characterization in Social Media during the COVID-19 Crisis\u201d<\/span>\r\n\t\t\t<span class=\"eut-structured-data\" itemprop=\"image\" itemscope itemtype=\"http:\/\/schema.org\/ImageObject\">\r\n\t\t\t   <span itemprop='url' >https:\/\/infocov.uniri.hr\/wp-content\/themes\/crocal\/images\/empty\/thumbnail.jpg<\/span>\r\n\t\t\t   <span itemprop='height' >150<\/span>\r\n\t\t\t   <span itemprop='width' >150<\/span>\r\n\t\t\t<\/span>\r\n\t\t\t\t\t\t<span class=\"eut-structured-data vcard author\" itemprop=\"author\" itemscope itemtype=\"http:\/\/schema.org\/Person\">\r\n\t\t\t\t<span itemprop=\"name\" class=\"fn\">InfoCoV<\/span>\r\n\t\t\t<\/span>\r\n\t\t\t<span class=\"eut-structured-data\" itemprop=\"publisher\" itemscope itemtype=\"http:\/\/schema.org\/Organization\">\r\n\t\t\t\t<span itemprop='name'>InfoCoV<\/span>\r\n\t\t\t\t<span itemprop='logo' itemscope itemtype='http:\/\/schema.org\/ImageObject'>\r\n\t\t\t\t\t<span itemprop='url'>https:\/\/infocov.uniri.hr\/wp-content\/themes\/crocal\/images\/empty\/thumbnail.jpg<\/span>\r\n\t\t\t\t<\/span>\r\n\t\t\t<\/span>\r\n\t\t\t\t\t\t<time class=\"eut-structured-data date published\" itemprop=\"datePublished\" datetime=\"2020-09-24T00:24:47+00:00\">24 rujna, 2020<\/time>\r\n\t\t\t<time class=\"eut-structured-data date updated\" itemprop=\"dateModified\"  datetime=\"2020-11-02T13:54:56+00:00\">2 studenoga, 2020<\/time>\r\n\t\t\t<span class=\"eut-structured-data\" itemprop=\"mainEntityOfPage\" itemscope itemtype=\"http:\/\/schema.org\/WebPage\" itemid=\"https:\/\/infocov.uniri.hr\/hr\/multilayer-framework-for-the-information-spreading-characterization-in-social-media-during-the-covid-19-crisis\/\"><\/span>\r\n\t\t<\/span>\r\n\t\t\t\t\t\t\t\t\t\t\t\t\t\t\t\t\t\t\t\t<ul class=\"eut-post-meta\">\r\n\t\t\t\t\t\t\t\t\t\t<li class=\"eut-post-date\">\t<time class=\"\" datetime=\"2020-09-24T00:24:47+00:00\">\r\n\t\t24 rujna, 2020\t<\/time>\r\n<\/li>\t\t\t\t\t\t\t\t\t\t<\/ul>\r\n\t\t\t\t\t\t\t\t\t\t\t\t\t\t\t\t\t\t\t\t\t\t\t\t\t\t\t<a href=\"https:\/\/infocov.uniri.hr\/hr\/multilayer-framework-for-the-information-spreading-characterization-in-social-media-during-the-covid-19-crisis\/\" rel=\"bookmark\"><h2 class=\"eut-post-title eut-h2\" itemprop=\"headline\">\u201cMultilayer Framework for the Information Spreading Characterization in Social Media during the COVID-19 Crisis\u201d<\/h2><\/a>\t\t\t\t\t\t\t\t<\/div>\r\n\t\t\t\t\t\t\t\t<div itemprop=\"articleBody\"><\/div>\t\t\t\t\t\t\t<\/div>\r\n\t\t\t\t\t\t<\/div>\r\n\t\t\t\t\t\r\n\t\t\t\t<\/div>\t\t\t<\/article>\r\n\r\n\t\t\t<article class=\"eut-blog-item eut-small-post eut-isotope-item eut-bg-size-normal post-7213 post type-post status-publish format-standard hentry category-abstract-hr\" itemscope itemType=\"http:\/\/schema.org\/BlogPosting\">\r\n\t\t\t\t<div class=\"eut-blog-item-inner eut-isotope-item-inner eut-fade-in\">\r\n\t\t\t\t\t\t\t\t\t\t\t\t\t\t\t\t\t<div class=\"eut-post-content-wrapper\">\r\n\t\t\t\t\t\t\t<div class=\"eut-post-content\">\r\n\t\t\t\t\t\t\t\t<div class=\"eut-post-header\">\r\n\t\t\t\t\t\t\t\t\t\t\t\t\t\t\t\t\t\t\t\t<span class=\"eut-hidden\">\r\n\t\t\t<span class=\"eut-structured-data entry-title\">&#8220;An introduction to the multilayer network for characterisation of information spreading related to the COVID-19 crisis&#8221;<\/span>\r\n\t\t\t<span class=\"eut-structured-data\" itemprop=\"image\" itemscope itemtype=\"http:\/\/schema.org\/ImageObject\">\r\n\t\t\t   <span itemprop='url' >https:\/\/infocov.uniri.hr\/wp-content\/themes\/crocal\/images\/empty\/thumbnail.jpg<\/span>\r\n\t\t\t   <span itemprop='height' >150<\/span>\r\n\t\t\t   <span itemprop='width' >150<\/span>\r\n\t\t\t<\/span>\r\n\t\t\t\t\t\t<span class=\"eut-structured-data vcard author\" itemprop=\"author\" itemscope itemtype=\"http:\/\/schema.org\/Person\">\r\n\t\t\t\t<span itemprop=\"name\" class=\"fn\">InfoCoV<\/span>\r\n\t\t\t<\/span>\r\n\t\t\t<span class=\"eut-structured-data\" itemprop=\"publisher\" itemscope itemtype=\"http:\/\/schema.org\/Organization\">\r\n\t\t\t\t<span itemprop='name'>InfoCoV<\/span>\r\n\t\t\t\t<span itemprop='logo' itemscope itemtype='http:\/\/schema.org\/ImageObject'>\r\n\t\t\t\t\t<span itemprop='url'>https:\/\/infocov.uniri.hr\/wp-content\/themes\/crocal\/images\/empty\/thumbnail.jpg<\/span>\r\n\t\t\t\t<\/span>\r\n\t\t\t<\/span>\r\n\t\t\t\t\t\t<time class=\"eut-structured-data date published\" itemprop=\"datePublished\" datetime=\"2020-07-10T00:26:24+00:00\">10 srpnja, 2020<\/time>\r\n\t\t\t<time class=\"eut-structured-data date updated\" itemprop=\"dateModified\"  datetime=\"2020-11-02T14:01:21+00:00\">2 studenoga, 2020<\/time>\r\n\t\t\t<span class=\"eut-structured-data\" itemprop=\"mainEntityOfPage\" itemscope itemtype=\"http:\/\/schema.org\/WebPage\" itemid=\"https:\/\/infocov.uniri.hr\/hr\/an-introduction-to-the-multilayer-network-for-characterisation-of-information-spreading-related-to-the-covid-19-crisis\/\"><\/span>\r\n\t\t<\/span>\r\n\t\t\t\t\t\t\t\t\t\t\t\t\t\t\t\t\t\t\t\t<ul class=\"eut-post-meta\">\r\n\t\t\t\t\t\t\t\t\t\t<li class=\"eut-post-date\">\t<time class=\"\" datetime=\"2020-07-10T00:26:24+00:00\">\r\n\t\t10 srpnja, 2020\t<\/time>\r\n<\/li>\t\t\t\t\t\t\t\t\t\t<\/ul>\r\n\t\t\t\t\t\t\t\t\t\t\t\t\t\t\t\t\t\t\t\t\t\t\t\t\t\t\t<a href=\"https:\/\/infocov.uniri.hr\/hr\/an-introduction-to-the-multilayer-network-for-characterisation-of-information-spreading-related-to-the-covid-19-crisis\/\" rel=\"bookmark\"><h2 class=\"eut-post-title eut-h2\" itemprop=\"headline\">&#8220;An introduction to the multilayer network for characterisation of information spreading related to the COVID-19 crisis&#8221;<\/h2><\/a>\t\t\t\t\t\t\t\t<\/div>\r\n\t\t\t\t\t\t\t\t<div itemprop=\"articleBody\"><\/div>\t\t\t\t\t\t\t<\/div>\r\n\t\t\t\t\t\t<\/div>\r\n\t\t\t\t\t\r\n\t\t\t\t<\/div>\t\t\t<\/article>\r\n\r\n\t\t\t<\/div>\r\n\t\t<\/div>\r\n[\/vc_column_inner][\/vc_row_inner][\/vc_column][\/vc_row]<\/p>\n","protected":false},"excerpt":{"rendered":"<p>[vc_row section_type=&#8221;fullwidth&#8221; padding_top_multiplier=&#8221;&#8221; padding_bottom_multiplier=&#8221;&#8221; rc_bg_type=&#8221;color&#8221; columns_gap=&#8221;none&#8221; rc_bg_color=&#8221;#ffffff&#8221;][vc_column width=&#8221;1\/2&#8243; rc_bg_type=&#8221;image&#8221; rc_bg_image=&#8221;6756&#8243; column_sticky=&#8221;yes&#8221; tablet_sm_width=&#8221;1&#8243;][\/vc_column][vc_column width=&#8221;1\/2&#8243; content_width=&#8221;custom&#8221; rc_bg_type=&#8221;color&#8221; tablet_sm_width=&#8221;1&#8243; css=&#8221;.vc_custom_1602771561652{padding-right: 15px !important;padding-left: 15px !important;}&#8221; custom_content_width=&#8221;500&#8243; rc_bg_color=&#8221;#ffffff&#8221;][vc_row_inner padding_top_multiplier=&#8221;2x&#8221; rc_heading_color=&#8221;primary-1&#8243;][vc_column_inner tablet_sm_width=&#8221;hide&#8221; mobile_width=&#8221;hide&#8221;][\/vc_column_inner][vc_column_inner][vc_column_text] Karlo Babi\u0107, Milan Petrovi\u0107, Slobodan Beliga, Sanda Martin\u010di\u0107-Ip\u0161i\u0107, Andrzej Jarynowski, Ana Me\u0161trovi\u0107: \u201cCOVID-19 related communication on Twitter: analysis of the Croatian and Polish attitudes\u201d in Yang XS., Sherratt [&hellip;]<\/p>\n","protected":false},"author":1,"featured_media":0,"parent":0,"menu_order":0,"comment_status":"closed","ping_status":"closed","template":"","meta":{"footnotes":""},"class_list":["post-7583","page","type-page","status-publish","hentry"],"yoast_head":"<!-- This site is optimized with the Yoast SEO plugin v24.5 - https:\/\/yoast.com\/wordpress\/plugins\/seo\/ -->\n<title>Publikacije - InfoCoV<\/title>\n<meta name=\"robots\" content=\"index, follow, max-snippet:-1, max-image-preview:large, max-video-preview:-1\" \/>\n<link rel=\"canonical\" href=\"https:\/\/infocov.uniri.hr\/hr\/publikacije-2\/\" \/>\n<meta property=\"og:locale\" content=\"hr_HR\" \/>\n<meta property=\"og:type\" content=\"article\" \/>\n<meta property=\"og:title\" content=\"Publikacije - InfoCoV\" \/>\n<meta property=\"og:description\" content=\"[vc_row section_type=&#8221;fullwidth&#8221; padding_top_multiplier=&#8221;&#8221; padding_bottom_multiplier=&#8221;&#8221; rc_bg_type=&#8221;color&#8221; columns_gap=&#8221;none&#8221; rc_bg_color=&#8221;#ffffff&#8221;][vc_column width=&#8221;1\/2&#8243; rc_bg_type=&#8221;image&#8221; rc_bg_image=&#8221;6756&#8243; column_sticky=&#8221;yes&#8221; tablet_sm_width=&#8221;1&#8243;][\/vc_column][vc_column width=&#8221;1\/2&#8243; content_width=&#8221;custom&#8221; rc_bg_type=&#8221;color&#8221; tablet_sm_width=&#8221;1&#8243; css=&#8221;.vc_custom_1602771561652{padding-right: 15px !important;padding-left: 15px !important;}&#8221; custom_content_width=&#8221;500&#8243; rc_bg_color=&#8221;#ffffff&#8221;][vc_row_inner padding_top_multiplier=&#8221;2x&#8221; rc_heading_color=&#8221;primary-1&#8243;][vc_column_inner tablet_sm_width=&#8221;hide&#8221; mobile_width=&#8221;hide&#8221;][\/vc_column_inner][vc_column_inner][vc_column_text] Karlo Babi\u0107, Milan Petrovi\u0107, Slobodan Beliga, Sanda Martin\u010di\u0107-Ip\u0161i\u0107, Andrzej Jarynowski, Ana Me\u0161trovi\u0107: \u201cCOVID-19 related communication on Twitter: analysis of the Croatian and Polish attitudes\u201d in Yang XS., Sherratt [&hellip;]\" \/>\n<meta property=\"og:url\" content=\"https:\/\/infocov.uniri.hr\/hr\/publikacije-2\/\" \/>\n<meta property=\"og:site_name\" content=\"InfoCoV\" \/>\n<meta property=\"article:modified_time\" content=\"2022-02-12T18:05:48+00:00\" \/>\n<meta property=\"og:image\" content=\"https:\/\/infocov.uniri.hr\/wp-content\/uploads\/2020\/10\/twitter-image.png\" \/>\n\t<meta property=\"og:image:width\" content=\"1200\" \/>\n\t<meta property=\"og:image:height\" content=\"600\" \/>\n\t<meta property=\"og:image:type\" content=\"image\/png\" \/>\n<meta name=\"twitter:card\" content=\"summary_large_image\" \/>\n<meta name=\"twitter:label1\" content=\"Procijenjeno vrijeme \u010ditanja\" \/>\n\t<meta name=\"twitter:data1\" content=\"2 minute\" \/>\n<script type=\"application\/ld+json\" class=\"yoast-schema-graph\">{\"@context\":\"https:\/\/schema.org\",\"@graph\":[{\"@type\":\"WebPage\",\"@id\":\"https:\/\/infocov.uniri.hr\/hr\/publikacije-2\/\",\"url\":\"https:\/\/infocov.uniri.hr\/hr\/publikacije-2\/\",\"name\":\"Publikacije - InfoCoV\",\"isPartOf\":{\"@id\":\"https:\/\/infocov.uniri.hr\/hr\/#website\"},\"datePublished\":\"2022-02-12T16:56:52+00:00\",\"dateModified\":\"2022-02-12T18:05:48+00:00\",\"breadcrumb\":{\"@id\":\"https:\/\/infocov.uniri.hr\/hr\/publikacije-2\/#breadcrumb\"},\"inLanguage\":\"hr\",\"potentialAction\":[{\"@type\":\"ReadAction\",\"target\":[\"https:\/\/infocov.uniri.hr\/hr\/publikacije-2\/\"]}]},{\"@type\":\"BreadcrumbList\",\"@id\":\"https:\/\/infocov.uniri.hr\/hr\/publikacije-2\/#breadcrumb\",\"itemListElement\":[{\"@type\":\"ListItem\",\"position\":1,\"name\":\"Home\",\"item\":\"https:\/\/infocov.uniri.hr\/hr\/\"},{\"@type\":\"ListItem\",\"position\":2,\"name\":\"Publikacije\"}]},{\"@type\":\"WebSite\",\"@id\":\"https:\/\/infocov.uniri.hr\/hr\/#website\",\"url\":\"https:\/\/infocov.uniri.hr\/hr\/\",\"name\":\"InfoCoV\",\"description\":\"Multilayer framework for the information spreading characterization in social media during the Covid-19 crisis\",\"potentialAction\":[{\"@type\":\"SearchAction\",\"target\":{\"@type\":\"EntryPoint\",\"urlTemplate\":\"https:\/\/infocov.uniri.hr\/hr\/?s={search_term_string}\"},\"query-input\":{\"@type\":\"PropertyValueSpecification\",\"valueRequired\":true,\"valueName\":\"search_term_string\"}}],\"inLanguage\":\"hr\"}]}<\/script>\n<!-- \/ Yoast SEO plugin. -->","yoast_head_json":{"title":"Publikacije - InfoCoV","robots":{"index":"index","follow":"follow","max-snippet":"max-snippet:-1","max-image-preview":"max-image-preview:large","max-video-preview":"max-video-preview:-1"},"canonical":"https:\/\/infocov.uniri.hr\/hr\/publikacije-2\/","og_locale":"hr_HR","og_type":"article","og_title":"Publikacije - InfoCoV","og_description":"[vc_row section_type=&#8221;fullwidth&#8221; padding_top_multiplier=&#8221;&#8221; padding_bottom_multiplier=&#8221;&#8221; rc_bg_type=&#8221;color&#8221; columns_gap=&#8221;none&#8221; rc_bg_color=&#8221;#ffffff&#8221;][vc_column width=&#8221;1\/2&#8243; rc_bg_type=&#8221;image&#8221; rc_bg_image=&#8221;6756&#8243; column_sticky=&#8221;yes&#8221; tablet_sm_width=&#8221;1&#8243;][\/vc_column][vc_column width=&#8221;1\/2&#8243; content_width=&#8221;custom&#8221; rc_bg_type=&#8221;color&#8221; tablet_sm_width=&#8221;1&#8243; css=&#8221;.vc_custom_1602771561652{padding-right: 15px !important;padding-left: 15px !important;}&#8221; custom_content_width=&#8221;500&#8243; rc_bg_color=&#8221;#ffffff&#8221;][vc_row_inner padding_top_multiplier=&#8221;2x&#8221; rc_heading_color=&#8221;primary-1&#8243;][vc_column_inner tablet_sm_width=&#8221;hide&#8221; mobile_width=&#8221;hide&#8221;][\/vc_column_inner][vc_column_inner][vc_column_text] Karlo Babi\u0107, Milan Petrovi\u0107, Slobodan Beliga, Sanda Martin\u010di\u0107-Ip\u0161i\u0107, Andrzej Jarynowski, Ana Me\u0161trovi\u0107: \u201cCOVID-19 related communication on Twitter: analysis of the Croatian and Polish attitudes\u201d in Yang XS., Sherratt [&hellip;]","og_url":"https:\/\/infocov.uniri.hr\/hr\/publikacije-2\/","og_site_name":"InfoCoV","article_modified_time":"2022-02-12T18:05:48+00:00","og_image":[{"width":1200,"height":600,"url":"https:\/\/infocov.uniri.hr\/wp-content\/uploads\/2020\/10\/twitter-image.png","type":"image\/png"}],"twitter_card":"summary_large_image","twitter_misc":{"Procijenjeno vrijeme \u010ditanja":"2 minute"},"schema":{"@context":"https:\/\/schema.org","@graph":[{"@type":"WebPage","@id":"https:\/\/infocov.uniri.hr\/hr\/publikacije-2\/","url":"https:\/\/infocov.uniri.hr\/hr\/publikacije-2\/","name":"Publikacije - InfoCoV","isPartOf":{"@id":"https:\/\/infocov.uniri.hr\/hr\/#website"},"datePublished":"2022-02-12T16:56:52+00:00","dateModified":"2022-02-12T18:05:48+00:00","breadcrumb":{"@id":"https:\/\/infocov.uniri.hr\/hr\/publikacije-2\/#breadcrumb"},"inLanguage":"hr","potentialAction":[{"@type":"ReadAction","target":["https:\/\/infocov.uniri.hr\/hr\/publikacije-2\/"]}]},{"@type":"BreadcrumbList","@id":"https:\/\/infocov.uniri.hr\/hr\/publikacije-2\/#breadcrumb","itemListElement":[{"@type":"ListItem","position":1,"name":"Home","item":"https:\/\/infocov.uniri.hr\/hr\/"},{"@type":"ListItem","position":2,"name":"Publikacije"}]},{"@type":"WebSite","@id":"https:\/\/infocov.uniri.hr\/hr\/#website","url":"https:\/\/infocov.uniri.hr\/hr\/","name":"InfoCoV","description":"Multilayer framework for the information spreading characterization in social media during the Covid-19 crisis","potentialAction":[{"@type":"SearchAction","target":{"@type":"EntryPoint","urlTemplate":"https:\/\/infocov.uniri.hr\/hr\/?s={search_term_string}"},"query-input":{"@type":"PropertyValueSpecification","valueRequired":true,"valueName":"search_term_string"}}],"inLanguage":"hr"}]}},"_links":{"self":[{"href":"https:\/\/infocov.uniri.hr\/hr\/wp-json\/wp\/v2\/pages\/7583","targetHints":{"allow":["GET"]}}],"collection":[{"href":"https:\/\/infocov.uniri.hr\/hr\/wp-json\/wp\/v2\/pages"}],"about":[{"href":"https:\/\/infocov.uniri.hr\/hr\/wp-json\/wp\/v2\/types\/page"}],"author":[{"embeddable":true,"href":"https:\/\/infocov.uniri.hr\/hr\/wp-json\/wp\/v2\/users\/1"}],"replies":[{"embeddable":true,"href":"https:\/\/infocov.uniri.hr\/hr\/wp-json\/wp\/v2\/comments?post=7583"}],"version-history":[{"count":0,"href":"https:\/\/infocov.uniri.hr\/hr\/wp-json\/wp\/v2\/pages\/7583\/revisions"}],"wp:attachment":[{"href":"https:\/\/infocov.uniri.hr\/hr\/wp-json\/wp\/v2\/media?parent=7583"}],"curies":[{"name":"wp","href":"https:\/\/api.w.org\/{rel}","templated":true}]}}